{"id":1763,"date":"2021-03-07T22:24:50","date_gmt":"2021-03-07T22:24:50","guid":{"rendered":"https:\/\/www.labdoo.org\/global\/?page_id=1763"},"modified":"2026-02-10T06:13:29","modified_gmt":"2026-02-10T06:13:29","slug":"home-3","status":"publish","type":"page","link":"https:\/\/www.labdoo.org\/global\/ca\/","title":{"rendered":"Home"},"content":{"rendered":"<div class=\"wp-block-columns is-layout-flex wp-container-core-columns-is-layout-9d6595d7 wp-block-columns-is-layout-flex\">\n<div class=\"wp-block-column is-layout-flow wp-block-column-is-layout-flow\">\n<h2 class=\"wp-block-heading\">Qu\u00e8 \u00e9s  Labdoo.org<\/h2>\n\n\n\n<h4 class=\"wp-block-heading\">Labdoo \u00e9s una plataforma sense \u00e0nim de lucre on gent d\u2019arreu del m\u00f3n col\u00b7labora per fer arribar port\u00e0tils en des\u00fas, equipats amb un software educatiu molt potent, a escoles desafavorides de tot el m\u00f3n sense incrementar les emissions de CO2.<\/h4>\n<\/div>\n\n\n\n<div class=\"wp-block-column is-layout-flow wp-block-column-is-layout-flow\">\n<h2 class=\"wp-block-heading\">Forma part de Labdoo<\/h2>\n\n\n\n<h4 class=\"wp-block-heading\">Uneix-te a un Labdoo hub proper o crea el teu propi hub, d\u00f3na o recull port\u00e0tils en des\u00fas, porta un ordinador a una escola, dif\u00f3n el projecte\u2026 Hi ha moltes activitats que pots fer com a voluntari de Labdoo.<\/h4>\n<\/div>\n<\/div>\n\n\n\n<div class=\"wp-block-columns is-layout-flex wp-container-core-columns-is-layout-9d6595d7 wp-block-columns-is-layout-flex\">\n<div class=\"wp-block-column is-layout-flow wp-block-column-is-layout-flow\" style=\"flex-basis:65%\">\n<div class=\"video_wrapper\">\n<iframe src=\"https:\/\/www.youtube.com\/embed\/TLeDb8f9sIE\" allow=\"accelerometer; autoplay; clipboard-write; encrypted-media; gyroscope; picture-in-picture\" allowfullscreen=\"\" width=\"853\" height=\"480\" frameborder=\"0\"><\/iframe><\/div>\n<\/div>\n\n\n\n<div class=\"wp-block-column ticss-f419c841 is-layout-flow wp-block-column-is-layout-flow\" style=\"flex-basis:25%\">\n<h2 class=\"wp-block-heading\">Darreres activitats<\/h2>\n\n\n\n<div class=\"row\">          <div class=\"column\"><img decoding=\"async\" src=\"\/wp-content\/uploads\/events_icons\/laptop-simple.png.jpg\" alt=\"tag\" width=\"50px\" height=\"50px\"><\/div>          <div class=\"column2\">          <b style=\"font-size:14px\" class=\"card-text\">1 hour 17 min ago <\/b>        <h6 style=\"padding:0\" class=\"card-text\">M&uuml;lheim an der Ruhr,  Germany<\/h6>          <a href=\"https:\/\/platform.labdoo.org\/node\/251950\" target=\"_blank\" rel=\"noopener\">Laptop 000063150 was tagged<\/a>      <br style=\"margin-bottom:8px\">      <br>      <\/div>    <\/div>         <div class=\"row\">          <div class=\"column\"><img decoding=\"async\" src=\"\/wp-content\/uploads\/events_icons\/laptop-simple.png.jpg\" alt=\"tag\" width=\"50px\" height=\"50px\"><\/div>          <div class=\"column2\">          <b style=\"font-size:14px\" class=\"card-text\">4 hours 25 min ago <\/b>        <h6 style=\"padding:0\" class=\"card-text\">M&uuml;lheim an der Ruhr,  Germany<\/h6>          <a href=\"https:\/\/platform.labdoo.org\/node\/251948\" target=\"_blank\" rel=\"noopener\">Laptop 000063149 was tagged<\/a>      <br style=\"margin-bottom:8px\">      <br>      <\/div>    <\/div>         <div class=\"row\">          <div class=\"column\"><img decoding=\"async\" src=\"\/wp-content\/uploads\/events_icons\/laptop-dootripped.png.jpg\" alt=\"tag\" width=\"50px\" height=\"50px\"><\/div>          <div class=\"column2\">          <b style=\"font-size:14px\" class=\"card-text\">5 hours 41 min ago <\/b>        <h6 style=\"padding:0\" class=\"card-text\">Ngambe,  Cameroon<\/h6>          <a href=\"https:\/\/platform.labdoo.org\/node\/250712\" target=\"_blank\" rel=\"noopener\">Laptop 000062706 has started its journey to an edoovillage<\/a>      <br style=\"margin-bottom:8px\">      <br>      <\/div>    <\/div>         <div class=\"row\">          <div class=\"column\"><img decoding=\"async\" src=\"\/wp-content\/uploads\/events_icons\/laptop-simple.png.jpg\" alt=\"tag\" width=\"50px\" height=\"50px\"><\/div>          <div class=\"column2\">          <b style=\"font-size:14px\" class=\"card-text\">5 hours 43 min ago <\/b>        <h6 style=\"padding:0\" class=\"card-text\">M&uuml;lheim an der Ruhr,  Germany<\/h6>          <a href=\"https:\/\/platform.labdoo.org\/node\/251945\" target=\"_blank\" rel=\"noopener\">Laptop 000063148 was tagged<\/a>      <br style=\"margin-bottom:8px\">      <br>      <\/div>    <\/div>\n\n\n\n<div style=\"height:14px\" aria-hidden=\"true\" class=\"wp-block-spacer\"><\/div>\n\n\n\n<p><a href=\"https:\/\/platform.labdoo.org\/actions\" data-type=\"URL\" data-id=\"https:\/\/platform.labdoo.org\/actions\" target=\"_blank\" rel=\"noopener\">Veure m\u00e9s\u2026<\/a><\/p>\n<\/div>\n<\/div>\n\n\n\n<hr class=\"wp-block-separator has-text-color has-cyan-bluish-gray-color has-css-opacity has-cyan-bluish-gray-background-color has-background is-style-wide\"\/>\n\n\n\n<h2 class=\"wp-block-heading\">Alguns dels nostres projectes<\/h2>\n\n\n\n<p class=\"has-medium-font-size\">Aquests s\u00f3n alguns exemples entre les m\u00e9s de 3000 escoles a les quals Labdoo est\u00e0 subministrant port\u00e0tils educatius. Fes una ullada a la llista completa en el <a href=\"https:\/\/platform.labdoo.org\/ca\/content\/edoovillages-dashboard\" target=\"_blank\" rel=\"noopener\">panell d\u2019escoles<\/a>.<\/p>\n\n\n\n<div class=\"wp-block-columns is-layout-flex wp-container-core-columns-is-layout-9d6595d7 wp-block-columns-is-layout-flex\">\n<div class=\"wp-block-column is-layout-flow wp-block-column-is-layout-flow\">\n<figure class=\"wp-block-image size-full\"><img fetchpriority=\"high\" decoding=\"async\" width=\"800\" height=\"600\" src=\"https:\/\/www.labdoo.org\/global\/wp-content\/uploads\/sites\/9\/2021\/02\/WP_global_proj_1_res-e1612475971544.jpg\" alt=\"\" class=\"wp-image-1371\"\/><\/figure>\n\n\n\n<h4 class=\"wp-block-heading\"><a href=\"https:\/\/platform.labdoo.org\/edoovillage?e=25578\" data-type=\"URL\" data-id=\"https:\/\/platform.labdoo.org\/edoovillage?e=25578\" target=\"_blank\" rel=\"noopener\"><strong>Gujranwala, Pakistan: Zephaniah Free School<\/strong><\/a><\/h4>\n\n\n\n<p class=\"has-medium-font-size\">Ajudem Zephaniah Education a millorar les condicions de vida de les dones a trav\u00e9s de l\u2019educaci\u00f3 i l\u2019empoderament.<\/p>\n<\/div>\n\n\n\n<div class=\"wp-block-column is-layout-flow wp-block-column-is-layout-flow\">\n<figure class=\"wp-block-image size-full ticss-d89ae85c\"><img decoding=\"async\" width=\"800\" height=\"600\" src=\"https:\/\/www.labdoo.org\/global\/wp-content\/uploads\/sites\/9\/2021\/02\/WP_global_proj_2-e1612475316892.jpg\" alt=\"\" class=\"wp-image-1362\"\/><\/figure>\n\n\n\n<h4 class=\"wp-block-heading\"><a href=\"https:\/\/platform.labdoo.org\/edoovillage?e=33423\" data-type=\"URL\" data-id=\"https:\/\/platform.labdoo.org\/edoovillage?e=33423\" target=\"_blank\" rel=\"noopener\"><strong>Nyilima, Kenya: Kar Geno International Program<\/strong><\/a><\/h4>\n\n\n\n<p class=\"has-medium-font-size\">Connectem aules a trav\u00e9s d\u2019un programa d\u2019intercanvi que implica a voluntaris i tutors on-line tant per professors com alumnes. <\/p>\n<\/div>\n\n\n\n<div class=\"wp-block-column is-layout-flow wp-block-column-is-layout-flow\">\n<figure class=\"wp-block-image size-full ticss-f09179b6\"><img decoding=\"async\" width=\"800\" height=\"600\" src=\"https:\/\/www.labdoo.org\/global\/wp-content\/uploads\/sites\/9\/2021\/02\/WP_global_proj_3-e1612475395301.jpg\" alt=\"\" class=\"wp-image-1365\"\/><\/figure>\n\n\n\n<h4 class=\"wp-block-heading\"><a href=\"https:\/\/platform.labdoo.org\/edoovillage?e=31626\" data-type=\"URL\" data-id=\"https:\/\/platform.labdoo.org\/edoovillage?e=31626\" target=\"_blank\" rel=\"noopener\"><strong>India, Tiruvannamalai: Arunachala Rising Sun<\/strong> <\/a><\/h4>\n\n\n\n<p class=\"has-medium-font-size\">Donem acc\u00e9ss a ordinadors educatius a 530 infants a partir de 8 anys en horari extraescolar dels barris de barraques de Tiruvannamalai.<\/p>\n<\/div>\n<\/div>\n\n\n\n<hr class=\"wp-block-separator has-text-color has-cyan-bluish-gray-color has-css-opacity has-cyan-bluish-gray-background-color has-background is-style-wide\"\/>\n\n\n\n<h2 class=\"wp-block-heading\">Col\u00b7labora<\/h2>\n\n\n\n<div class=\"wp-block-columns is-layout-flex wp-container-core-columns-is-layout-9d6595d7 wp-block-columns-is-layout-flex\">\n<div class=\"wp-block-column is-layout-flow wp-block-column-is-layout-flow\">\n<figure class=\"wp-block-image size-large\"><a href=\"https:\/\/platform.labdoo.org\/ca\/content\/contact-labdoo?re=0\" target=\"_blank\" rel=\"noopener\"><img loading=\"lazy\" decoding=\"async\" width=\"449\" height=\"163\" src=\"https:\/\/www.labdoo.org\/global\/wp-content\/uploads\/sites\/9\/2021\/03\/button-contribute-computer-ca-449x163.png\" alt=\"\" class=\"wp-image-1834\"\/><\/a><\/figure>\n\n\n\n<h4 class=\"wp-block-heading\">Tens un ordinador o una tauleta que ja no utilitzes?<\/h4>\n\n\n\n<p class=\"has-medium-font-size\">Dona\u2019l a trav\u00e9s de la plataforma Labdoo. El transformarem en una poderosa einal educativa i el lliurarem a una escola desafavorida.<\/p>\n<\/div>\n\n\n\n<div class=\"wp-block-column ticss-aa0207a2 is-layout-flow wp-block-column-is-layout-flow\">\n<figure class=\"wp-block-image size-large\"><a href=\"https:\/\/platform.labdoo.org\/ca\/content\/contact-labdoo?re=1\" target=\"_blank\" rel=\"noopener\"><img loading=\"lazy\" decoding=\"async\" width=\"427\" height=\"160\" src=\"https:\/\/www.labdoo.org\/global\/wp-content\/uploads\/sites\/9\/2021\/03\/button-contribute-dootrip-ca-427x160.png\" alt=\"\" class=\"wp-image-1835\"\/><\/a><\/figure>\n\n\n\n<h4 class=\"wp-block-heading\">Has de viatjar i voldries transportar un port\u00e0til a una escola?<\/h4>\n\n\n\n<p class=\"has-medium-font-size\">Tant si viatges per vacances, per la teva ONG, o per feina, comunica\u2019t amb Labdoo i et posarem en contacte amb una escola en el teu pa\u00eds dest\u00ed on podr\u00e0s lliurar un port\u00e0til educatiu.<\/p>\n<\/div>\n\n\n\n<div class=\"wp-block-column ticss-26d0ac18 is-layout-flow wp-block-column-is-layout-flow\">\n<figure class=\"wp-block-image size-large\"><a href=\"https:\/\/platform.labdoo.org\/ca\/content\/contact-labdoo?re=3\" target=\"_blank\" rel=\"noopener\"><img loading=\"lazy\" decoding=\"async\" width=\"427\" height=\"161\" src=\"https:\/\/www.labdoo.org\/global\/wp-content\/uploads\/sites\/9\/2021\/03\/button-create-school-ca-427x161.png\" alt=\"\" class=\"wp-image-1836\"\/><\/a><\/figure>\n\n\n\n<h4 class=\"wp-block-heading\">Necessites ordinadors per una escola o un centre educatiu?<\/h4>\n\n\n\n<p class=\"has-medium-font-size\">Estarem contents d\u2019ajudar-te proporcionant-te port\u00e0tils reutilitzats gratu\u00eftament.<\/p>\n<\/div>\n\n\n\n<div class=\"wp-block-column is-layout-flow wp-block-column-is-layout-flow\">\n<figure class=\"wp-block-image size-large\"><a href=\"https:\/\/platform.labdoo.org\/ca\/content\/contact-labdoo?re=2\" target=\"_blank\" rel=\"noopener\"><img loading=\"lazy\" decoding=\"async\" width=\"429\" height=\"164\" src=\"https:\/\/www.labdoo.org\/global\/wp-content\/uploads\/sites\/9\/2021\/03\/button-create-contact-ca-429x164.png\" alt=\"\" class=\"wp-image-1837\"\/><\/a><\/figure>\n\n\n\n<h4 class=\"wp-block-heading\">Vols crear el teu propi hub Labdoo o tens alguna pregunta?<\/h4>\n\n\n\n<p class=\"has-medium-font-size\">Vols formar part del projecte Labdoo? Crea el teu propi hub, fes campanyes en la teva comunitat, consciencia el teu entorn\u2026 hi ha moltes opcions per ajudar a la causa de Labdoo.<\/p>\n<\/div>\n<\/div>\n\n\n\n<hr class=\"wp-block-separator has-text-color has-cyan-bluish-gray-color has-css-opacity has-cyan-bluish-gray-background-color has-background is-style-wide\"\/>\n\n\n\n<h2 class=\"wp-block-heading\">Qui som?<\/h2>\n\n\n\n<div class=\"wp-block-columns is-layout-flex wp-container-core-columns-is-layout-9d6595d7 wp-block-columns-is-layout-flex\">\n<div class=\"wp-block-column is-layout-flow wp-block-column-is-layout-flow\">\n<p class=\"has-text-align-left has-medium-font-size\">Labdoo \u00e9s un projecte col\u00b7laboratiu i global que va n\u00e9ixer el 2010 amb el somni de fer que tots els nens i nenes del m\u00f3n puguin tenir acc\u00e9s a l\u2019educaci\u00f3 a trav\u00e9s d\u2019ordinadors. Des d\u2019aleshores, Labdoo s\u2019ha est\u00e8s a m\u00e9s de 150 pa\u00efsos, ajudant a m\u00e9s de 1,000,000 alumnes a trav\u00e9s de centenars de hubs i milers de voluntaris que es comprometen a recollir, preparar i portar aparells educatius a m\u00e9s de 3000 escoles d\u2019arreu del m\u00f3n.<\/p>\n\n\n\n<p class=\"has-text-align-left has-medium-font-size\">Tothom que participa en el Projecte Labdoo ho fa com a voluntari i cap de nosaltres rep cap altre tipus de remuneraci\u00f3 pel temps dedicat a la causa que la satisfacci\u00f3 de veure l\u2019alegria d\u2019un infant rebent educaci\u00f3.<\/p>\n\n\n\n<p class=\"has-medium-font-size\">Som persones ordin\u00e0ries que treballen per una causa extraordin\u00e0ria. Uneix-te a la nostra causa!<\/p>\n<\/div>\n\n\n\n<div class=\"wp-block-column is-layout-flow wp-block-column-is-layout-flow\">\n<figure class=\"wp-block-image size-medium\"><img loading=\"lazy\" decoding=\"async\" width=\"300\" height=\"300\" src=\"https:\/\/www.labdoo.org\/global\/wp-content\/uploads\/sites\/9\/2021\/02\/WP_global_home_1-300x300.png\" alt=\"\" class=\"wp-image-1115\" srcset=\"https:\/\/www.labdoo.org\/global\/wp-content\/uploads\/sites\/9\/2021\/02\/WP_global_home_1-300x300.png 300w, https:\/\/www.labdoo.org\/global\/wp-content\/uploads\/sites\/9\/2021\/02\/WP_global_home_1-1024x1024.png 1024w, https:\/\/www.labdoo.org\/global\/wp-content\/uploads\/sites\/9\/2021\/02\/WP_global_home_1-150x150.png 150w, https:\/\/www.labdoo.org\/global\/wp-content\/uploads\/sites\/9\/2021\/02\/WP_global_home_1-768x768.png 768w, https:\/\/www.labdoo.org\/global\/wp-content\/uploads\/sites\/9\/2021\/02\/WP_global_home_1.png 1181w\" sizes=\"(max-width: 300px) 100vw, 300px\" \/><\/figure>\n<\/div>\n<\/div>\n\n\n\n<div class=\"wp-block-columns is-layout-flex wp-container-core-columns-is-layout-9d6595d7 wp-block-columns-is-layout-flex\">\n<div class=\"wp-block-column is-layout-flow wp-block-column-is-layout-flow\" style=\"flex-basis:100%\">\n<div class=\"wp-block-media-text alignwide is-stacked-on-mobile ticss-e1687588\" style=\"grid-template-columns:38% auto\"><figure class=\"wp-block-media-text__media\"><img loading=\"lazy\" decoding=\"async\" width=\"382\" height=\"270\" src=\"https:\/\/www.labdoo.org\/global\/wp-content\/uploads\/sites\/9\/2020\/12\/button-contribute-computer-de-1.png\" alt=\"\" class=\"wp-image-250 size-full\" srcset=\"https:\/\/www.labdoo.org\/global\/wp-content\/uploads\/sites\/9\/2020\/12\/button-contribute-computer-de-1.png 382w, https:\/\/www.labdoo.org\/global\/wp-content\/uploads\/sites\/9\/2020\/12\/button-contribute-computer-de-1-300x212.png 300w\" sizes=\"(max-width: 382px) 100vw, 382px\" \/><\/figure><div class=\"wp-block-media-text__content\">\n<h4 class=\"wp-block-heading\"><strong>Ajudant als objectius pel desenvolupament sostenible de la UNESCO<\/strong><\/h4>\n\n\n\n<p class=\"ticss-81ecbebb has-medium-font-size\">Labdoo ha estat reconegut per la UNESCO com una organitzaci\u00f3 que \u201cajuda a promocionar els principis, els valors i les pr\u00e0ctiques del desenvolupament sostenible en tots els aspectes de l\u2019educaci\u00f3 i l\u2019aprenentatge\u201d. La causa de Labdoo contribueix a l\u2019assoliment dels diversos objectius del desenvolupament sostenible, de la prioritat global d\u2019acabar amb la pobresa, de la protecci\u00f3 del planeta i de garantir la pau i la prosperitat a totes les persones.<\/p>\n<\/div><\/div>\n<\/div>\n<\/div>\n\n\n\n<figure class=\"wp-block-gallery aligncenter has-nested-images columns-8 is-cropped wp-block-gallery-1 is-layout-flex wp-block-gallery-is-layout-flex\">\n<figure class=\"wp-block-image size-large\"><img loading=\"lazy\" decoding=\"async\" width=\"1024\" height=\"1024\" data-id=\"233\" src=\"https:\/\/www.labdoo.org\/global\/wp-content\/uploads\/sites\/9\/2020\/12\/E_SDG-goals_icons-individual-rgb-04-1024x1024.png\" alt=\"\" class=\"wp-image-233\" srcset=\"https:\/\/www.labdoo.org\/global\/wp-content\/uploads\/sites\/9\/2020\/12\/E_SDG-goals_icons-individual-rgb-04-1024x1024.png 1024w, https:\/\/www.labdoo.org\/global\/wp-content\/uploads\/sites\/9\/2020\/12\/E_SDG-goals_icons-individual-rgb-04-300x300.png 300w, https:\/\/www.labdoo.org\/global\/wp-content\/uploads\/sites\/9\/2020\/12\/E_SDG-goals_icons-individual-rgb-04-150x150.png 150w, https:\/\/www.labdoo.org\/global\/wp-content\/uploads\/sites\/9\/2020\/12\/E_SDG-goals_icons-individual-rgb-04-768x768.png 768w, https:\/\/www.labdoo.org\/global\/wp-content\/uploads\/sites\/9\/2020\/12\/E_SDG-goals_icons-individual-rgb-04.png 1536w\" sizes=\"(max-width: 1024px) 100vw, 1024px\" \/><\/figure>\n\n\n\n<figure class=\"wp-block-image size-large\"><img loading=\"lazy\" decoding=\"async\" width=\"1024\" height=\"1024\" data-id=\"234\" src=\"https:\/\/www.labdoo.org\/global\/wp-content\/uploads\/sites\/9\/2020\/12\/E_SDG-goals_icons-individual-rgb-05-1024x1024.png\" alt=\"\" class=\"wp-image-234\" srcset=\"https:\/\/www.labdoo.org\/global\/wp-content\/uploads\/sites\/9\/2020\/12\/E_SDG-goals_icons-individual-rgb-05-1024x1024.png 1024w, https:\/\/www.labdoo.org\/global\/wp-content\/uploads\/sites\/9\/2020\/12\/E_SDG-goals_icons-individual-rgb-05-300x300.png 300w, https:\/\/www.labdoo.org\/global\/wp-content\/uploads\/sites\/9\/2020\/12\/E_SDG-goals_icons-individual-rgb-05-150x150.png 150w, https:\/\/www.labdoo.org\/global\/wp-content\/uploads\/sites\/9\/2020\/12\/E_SDG-goals_icons-individual-rgb-05-768x768.png 768w, https:\/\/www.labdoo.org\/global\/wp-content\/uploads\/sites\/9\/2020\/12\/E_SDG-goals_icons-individual-rgb-05.png 1536w\" sizes=\"(max-width: 1024px) 100vw, 1024px\" \/><\/figure>\n\n\n\n<figure class=\"wp-block-image size-large\"><img loading=\"lazy\" decoding=\"async\" width=\"1024\" height=\"1024\" data-id=\"235\" src=\"https:\/\/www.labdoo.org\/global\/wp-content\/uploads\/sites\/9\/2020\/12\/E_SDG-goals_icons-individual-rgb-09-1024x1024.png\" alt=\"\" class=\"wp-image-235\" srcset=\"https:\/\/www.labdoo.org\/global\/wp-content\/uploads\/sites\/9\/2020\/12\/E_SDG-goals_icons-individual-rgb-09-1024x1024.png 1024w, https:\/\/www.labdoo.org\/global\/wp-content\/uploads\/sites\/9\/2020\/12\/E_SDG-goals_icons-individual-rgb-09-300x300.png 300w, https:\/\/www.labdoo.org\/global\/wp-content\/uploads\/sites\/9\/2020\/12\/E_SDG-goals_icons-individual-rgb-09-150x150.png 150w, https:\/\/www.labdoo.org\/global\/wp-content\/uploads\/sites\/9\/2020\/12\/E_SDG-goals_icons-individual-rgb-09-768x768.png 768w, https:\/\/www.labdoo.org\/global\/wp-content\/uploads\/sites\/9\/2020\/12\/E_SDG-goals_icons-individual-rgb-09.png 1536w\" sizes=\"(max-width: 1024px) 100vw, 1024px\" \/><\/figure>\n\n\n\n<figure class=\"wp-block-image size-large\"><img loading=\"lazy\" decoding=\"async\" width=\"1024\" height=\"1024\" data-id=\"228\" src=\"https:\/\/www.labdoo.org\/global\/wp-content\/uploads\/sites\/9\/2020\/12\/E_SDG-goals_icons-individual-rgb-10-1024x1024.png\" alt=\"\" class=\"wp-image-228\" srcset=\"https:\/\/www.labdoo.org\/global\/wp-content\/uploads\/sites\/9\/2020\/12\/E_SDG-goals_icons-individual-rgb-10-1024x1024.png 1024w, https:\/\/www.labdoo.org\/global\/wp-content\/uploads\/sites\/9\/2020\/12\/E_SDG-goals_icons-individual-rgb-10-300x300.png 300w, https:\/\/www.labdoo.org\/global\/wp-content\/uploads\/sites\/9\/2020\/12\/E_SDG-goals_icons-individual-rgb-10-150x150.png 150w, https:\/\/www.labdoo.org\/global\/wp-content\/uploads\/sites\/9\/2020\/12\/E_SDG-goals_icons-individual-rgb-10-768x768.png 768w, https:\/\/www.labdoo.org\/global\/wp-content\/uploads\/sites\/9\/2020\/12\/E_SDG-goals_icons-individual-rgb-10.png 1536w\" sizes=\"(max-width: 1024px) 100vw, 1024px\" \/><\/figure>\n\n\n\n<figure class=\"wp-block-image size-large\"><img loading=\"lazy\" decoding=\"async\" width=\"1024\" height=\"1024\" data-id=\"229\" src=\"https:\/\/www.labdoo.org\/global\/wp-content\/uploads\/sites\/9\/2020\/12\/E_SDG-goals_icons-individual-rgb-11-1024x1024.png\" alt=\"\" class=\"wp-image-229\" srcset=\"https:\/\/www.labdoo.org\/global\/wp-content\/uploads\/sites\/9\/2020\/12\/E_SDG-goals_icons-individual-rgb-11-1024x1024.png 1024w, https:\/\/www.labdoo.org\/global\/wp-content\/uploads\/sites\/9\/2020\/12\/E_SDG-goals_icons-individual-rgb-11-300x300.png 300w, https:\/\/www.labdoo.org\/global\/wp-content\/uploads\/sites\/9\/2020\/12\/E_SDG-goals_icons-individual-rgb-11-150x150.png 150w, https:\/\/www.labdoo.org\/global\/wp-content\/uploads\/sites\/9\/2020\/12\/E_SDG-goals_icons-individual-rgb-11-768x768.png 768w, https:\/\/www.labdoo.org\/global\/wp-content\/uploads\/sites\/9\/2020\/12\/E_SDG-goals_icons-individual-rgb-11.png 1536w\" sizes=\"(max-width: 1024px) 100vw, 1024px\" \/><\/figure>\n\n\n\n<figure class=\"wp-block-image size-large\"><img loading=\"lazy\" decoding=\"async\" width=\"1024\" height=\"1024\" data-id=\"230\" src=\"https:\/\/www.labdoo.org\/global\/wp-content\/uploads\/sites\/9\/2020\/12\/E_SDG-goals_icons-individual-rgb-12-1024x1024.png\" alt=\"\" class=\"wp-image-230\" srcset=\"https:\/\/www.labdoo.org\/global\/wp-content\/uploads\/sites\/9\/2020\/12\/E_SDG-goals_icons-individual-rgb-12-1024x1024.png 1024w, https:\/\/www.labdoo.org\/global\/wp-content\/uploads\/sites\/9\/2020\/12\/E_SDG-goals_icons-individual-rgb-12-300x300.png 300w, https:\/\/www.labdoo.org\/global\/wp-content\/uploads\/sites\/9\/2020\/12\/E_SDG-goals_icons-individual-rgb-12-150x150.png 150w, https:\/\/www.labdoo.org\/global\/wp-content\/uploads\/sites\/9\/2020\/12\/E_SDG-goals_icons-individual-rgb-12-768x768.png 768w, https:\/\/www.labdoo.org\/global\/wp-content\/uploads\/sites\/9\/2020\/12\/E_SDG-goals_icons-individual-rgb-12.png 1536w\" sizes=\"(max-width: 1024px) 100vw, 1024px\" \/><\/figure>\n\n\n\n<figure class=\"wp-block-image size-large\"><img loading=\"lazy\" decoding=\"async\" width=\"1024\" height=\"1024\" data-id=\"231\" src=\"https:\/\/www.labdoo.org\/global\/wp-content\/uploads\/sites\/9\/2020\/12\/E_SDG-goals_icons-individual-rgb-15-1024x1024.png\" alt=\"\" class=\"wp-image-231\" srcset=\"https:\/\/www.labdoo.org\/global\/wp-content\/uploads\/sites\/9\/2020\/12\/E_SDG-goals_icons-individual-rgb-15-1024x1024.png 1024w, https:\/\/www.labdoo.org\/global\/wp-content\/uploads\/sites\/9\/2020\/12\/E_SDG-goals_icons-individual-rgb-15-300x300.png 300w, https:\/\/www.labdoo.org\/global\/wp-content\/uploads\/sites\/9\/2020\/12\/E_SDG-goals_icons-individual-rgb-15-150x150.png 150w, https:\/\/www.labdoo.org\/global\/wp-content\/uploads\/sites\/9\/2020\/12\/E_SDG-goals_icons-individual-rgb-15-768x768.png 768w, https:\/\/www.labdoo.org\/global\/wp-content\/uploads\/sites\/9\/2020\/12\/E_SDG-goals_icons-individual-rgb-15.png 1536w\" sizes=\"(max-width: 1024px) 100vw, 1024px\" \/><\/figure>\n\n\n\n<figure class=\"wp-block-image size-large\"><img loading=\"lazy\" decoding=\"async\" width=\"1024\" height=\"1024\" data-id=\"232\" src=\"https:\/\/www.labdoo.org\/global\/wp-content\/uploads\/sites\/9\/2020\/12\/E_SDG-goals_icons-individual-rgb-17-1024x1024.png\" alt=\"\" class=\"wp-image-232\" srcset=\"https:\/\/www.labdoo.org\/global\/wp-content\/uploads\/sites\/9\/2020\/12\/E_SDG-goals_icons-individual-rgb-17-1024x1024.png 1024w, https:\/\/www.labdoo.org\/global\/wp-content\/uploads\/sites\/9\/2020\/12\/E_SDG-goals_icons-individual-rgb-17-300x300.png 300w, https:\/\/www.labdoo.org\/global\/wp-content\/uploads\/sites\/9\/2020\/12\/E_SDG-goals_icons-individual-rgb-17-150x150.png 150w, https:\/\/www.labdoo.org\/global\/wp-content\/uploads\/sites\/9\/2020\/12\/E_SDG-goals_icons-individual-rgb-17-768x768.png 768w, https:\/\/www.labdoo.org\/global\/wp-content\/uploads\/sites\/9\/2020\/12\/E_SDG-goals_icons-individual-rgb-17.png 1536w\" sizes=\"(max-width: 1024px) 100vw, 1024px\" \/><\/figure>\n<\/figure>\n\n\n\n","protected":false},"excerpt":{"rendered":"<p>Qu\u00e8 \u00e9s Labdoo.org Labdoo \u00e9s una plataforma sense \u00e0nim de lucre on gent d\u2019arreu del m\u00f3n col\u00b7labora per fer arribar port\u00e0tils en des\u00fas, equipats amb un software educatiu molt potent, a escoles desafavorides de tot el m\u00f3n sense incrementar les emissions de CO2. Forma part de Labdoo Uneix-te a un Labdoo hub proper o crea [&hellip;]<\/p>\n","protected":false},"author":2,"featured_media":0,"parent":0,"menu_order":0,"comment_status":"closed","ping_status":"closed","template":"","meta":{"footnotes":""},"class_list":["post-1763","page","type-page","status-publish","hentry"],"_links":{"self":[{"href":"https:\/\/www.labdoo.org\/global\/wp-json\/wp\/v2\/pages\/1763","targetHints":{"allow":["GET"]}}],"collection":[{"href":"https:\/\/www.labdoo.org\/global\/wp-json\/wp\/v2\/pages"}],"about":[{"href":"https:\/\/www.labdoo.org\/global\/wp-json\/wp\/v2\/types\/page"}],"author":[{"embeddable":true,"href":"https:\/\/www.labdoo.org\/global\/wp-json\/wp\/v2\/users\/2"}],"replies":[{"embeddable":true,"href":"https:\/\/www.labdoo.org\/global\/wp-json\/wp\/v2\/comments?post=1763"}],"version-history":[{"count":39,"href":"https:\/\/www.labdoo.org\/global\/wp-json\/wp\/v2\/pages\/1763\/revisions"}],"predecessor-version":[{"id":2049,"href":"https:\/\/www.labdoo.org\/global\/wp-json\/wp\/v2\/pages\/1763\/revisions\/2049"}],"wp:attachment":[{"href":"https:\/\/www.labdoo.org\/global\/wp-json\/wp\/v2\/media?parent=1763"}],"curies":[{"name":"wp","href":"https:\/\/api.w.org\/{rel}","templated":true}]}}