{"id":1628,"date":"2021-02-10T20:31:43","date_gmt":"2021-02-10T20:31:43","guid":{"rendered":"https:\/\/www.labdoo.org\/global\/?page_id=1628"},"modified":"2021-03-11T08:40:54","modified_gmt":"2021-03-11T08:40:54","slug":"colaborar","status":"publish","type":"page","link":"https:\/\/www.labdoo.org\/global\/es\/collaborate\/","title":{"rendered":"Colaborar"},"content":{"rendered":"<div class=\"wp-block-columns is-layout-flex wp-container-core-columns-is-layout-9d6595d7 wp-block-columns-is-layout-flex\">\n<div class=\"wp-block-column is-layout-flow wp-block-column-is-layout-flow\">\n<figure class=\"wp-block-image size-large\"><a href=\"https:\/\/platform.labdoo.org\/es\/content\/contact-labdoo?re=0\" target=\"_blank\" rel=\"noopener\"><img fetchpriority=\"high\" decoding=\"async\" width=\"463\" height=\"160\" src=\"https:\/\/www.labdoo.org\/global\/wp-content\/uploads\/sites\/9\/2020\/12\/button-contribute-computer-es.png\" alt=\"\" class=\"wp-image-208\" srcset=\"https:\/\/www.labdoo.org\/global\/wp-content\/uploads\/sites\/9\/2020\/12\/button-contribute-computer-es.png 463w, https:\/\/www.labdoo.org\/global\/wp-content\/uploads\/sites\/9\/2020\/12\/button-contribute-computer-es-300x104.png 300w\" sizes=\"(max-width: 463px) 100vw, 463px\" \/><\/a><\/figure>\n\n\n\n<h4 class=\"wp-block-heading\">\u00bf<strong><strong>Tienes un ordenador o una Tablet que ya no usas?<\/strong> <\/strong><\/h4>\n\n\n\n<p class=\"has-medium-font-size\">D\u00f3nalo a trav\u00e9s de nuestra plataforma. Todos los datos son eliminados de forma segura y ser\u00e1 equipado con contenidos did\u00e1cticos, convirti\u00e9ndolo en una poderosa herramienta educativa que ser\u00e1 llevado a un proyecto que lo necesite.<\/p>\n<\/div>\n\n\n\n<div class=\"wp-block-column is-layout-flow wp-block-column-is-layout-flow\">\n<figure class=\"wp-block-image size-large\"><a href=\"https:\/\/platform.labdoo.org\/es\/content\/contact-labdoo?re=1\" target=\"_blank\" rel=\"noopener\"><img decoding=\"async\" width=\"431\" height=\"162\" src=\"https:\/\/www.labdoo.org\/global\/wp-content\/uploads\/sites\/9\/2020\/12\/button-contribute-dootrip-es.png\" alt=\"\" class=\"wp-image-210\" srcset=\"https:\/\/www.labdoo.org\/global\/wp-content\/uploads\/sites\/9\/2020\/12\/button-contribute-dootrip-es.png 431w, https:\/\/www.labdoo.org\/global\/wp-content\/uploads\/sites\/9\/2020\/12\/button-contribute-dootrip-es-300x113.png 300w\" sizes=\"(max-width: 431px) 100vw, 431px\" \/><\/a><\/figure>\n\n\n\n<h4 class=\"wp-block-heading\">\u00bf<strong><strong><strong>Tienes planeado alg\u00fan viaje y puedes llevar alg\u00fan ordenador contigo?<\/strong><\/strong><\/strong><\/h4>\n\n\n\n<p class=\"has-medium-font-size\">Si est\u00e1s viajando bien sea por vacaciones, para trabajar con alguna ONG o por negocios, contacta con nosotros y te pondremos en contacto con un proyecto educativo en tu destino al que puedas llevar alguno de nuestros ordenadores.<\/p>\n<\/div>\n\n\n\n<div class=\"wp-block-column is-layout-flow wp-block-column-is-layout-flow\">\n<figure class=\"wp-block-image size-large\"><a href=\"https:\/\/platform.labdoo.org\/es\/content\/contact-labdoo?re=3\" target=\"_blank\" rel=\"noopener\"><img decoding=\"async\" width=\"444\" height=\"159\" src=\"https:\/\/www.labdoo.org\/global\/wp-content\/uploads\/sites\/9\/2020\/11\/button-create-school-es.png\" alt=\"\" class=\"wp-image-153\" srcset=\"https:\/\/www.labdoo.org\/global\/wp-content\/uploads\/sites\/9\/2020\/11\/button-create-school-es.png 444w, https:\/\/www.labdoo.org\/global\/wp-content\/uploads\/sites\/9\/2020\/11\/button-create-school-es-300x107.png 300w\" sizes=\"(max-width: 444px) 100vw, 444px\" \/><\/a><\/figure>\n\n\n\n<h4 class=\"wp-block-heading\">\u00bf<strong><strong><strong>Necesitas ordenadores para un proyecto o una escuela?<\/strong><\/strong><\/strong><\/h4>\n\n\n\n<p class=\"has-medium-font-size\">Nos encantar\u00eda poder ayudarte, proporcionando de forma totalmente gratuita alguno de nuestros ordenadores educativos. Cont\u00e1ctanos!<\/p>\n<\/div>\n\n\n\n<div class=\"wp-block-column is-layout-flow wp-block-column-is-layout-flow\">\n<figure class=\"wp-block-image size-large\"><a href=\"https:\/\/platform.labdoo.org\/es\/content\/contact-labdoo?re=4\" target=\"_blank\" rel=\"noopener\"><img loading=\"lazy\" decoding=\"async\" width=\"429\" height=\"166\" src=\"https:\/\/www.labdoo.org\/global\/wp-content\/uploads\/sites\/9\/2021\/02\/button-create-contact-es.png\" alt=\"\" class=\"wp-image-1630\" srcset=\"https:\/\/www.labdoo.org\/global\/wp-content\/uploads\/sites\/9\/2021\/02\/button-create-contact-es.png 429w, https:\/\/www.labdoo.org\/global\/wp-content\/uploads\/sites\/9\/2021\/02\/button-create-contact-es-300x116.png 300w\" sizes=\"(max-width: 429px) 100vw, 429px\" \/><\/a><\/figure>\n\n\n\n<h4 class=\"wp-block-heading\">\u00bf<strong><strong><strong>Quieres crear tu propio Hub? Tienes alguna otra pregunta?<\/strong><\/strong><\/strong><\/h4>\n\n\n\n<p class=\"has-medium-font-size\">Crea un Hub en tu ciudad, crea campa\u00f1as de comunicaci\u00f3n o si tienes alguna idea que puedas aportar, cont\u00e1ctanos. Siempre hay alguna forma en la que puedes ayudar!<\/p>\n<\/div>\n<\/div>\n\n\n\n<div class=\"wp-block-columns ticss-4372fe51 is-layout-flex wp-container-core-columns-is-layout-9d6595d7 wp-block-columns-is-layout-flex\">\n<div class=\"wp-block-column is-layout-flow wp-block-column-is-layout-flow\">\n<div class=\"wp-block-image\"><figure class=\"alignright size-large is-resized\"><a href=\"https:\/\/platform.labdoo.org\/es\/user\/register\" target=\"_blank\" rel=\"noopener\"><img loading=\"lazy\" decoding=\"async\" src=\"https:\/\/www.labdoo.org\/global\/wp-content\/uploads\/sites\/9\/2021\/02\/button-join-labdoo-es.png\" alt=\"\" class=\"wp-image-1643\" width=\"220\" height=\"110\" \/><\/a><\/figure><\/div>\n<\/div>\n\n\n\n<div class=\"wp-block-column is-layout-flow wp-block-column-is-layout-flow\">\n<div style=\"height:8px\" aria-hidden=\"true\" class=\"wp-block-spacer\"><\/div>\n\n\n\n<h4 class=\"ticss-363bbd8e wp-block-heading\"><strong>S\u00e9 parte de esta apasionante aventura<\/strong><\/h4>\n\n\n\n<p class=\"has-medium-font-size\">Reg\u00edstrate en la plataforma de Labdoo y empieza a preparar ordenadores y ayudar a escuelas de todo el mundo.<\/p>\n<\/div>\n<\/div>\n\n\n\n<hr class=\"wp-block-separator has-text-color has-background has-cyan-bluish-gray-background-color has-cyan-bluish-gray-color is-style-wide\" \/>\n\n\n\n<div class=\"wp-block-columns is-layout-flex wp-container-core-columns-is-layout-9d6595d7 wp-block-columns-is-layout-flex\">\n<div class=\"wp-block-column is-layout-flow wp-block-column-is-layout-flow\" style=\"flex-basis:100%\">\n<h1 class=\"wp-block-heading\">Puedes encontrar muchas formas distintas de ayudar<\/h1>\n\n\n\n<div class=\"wp-block-media-text alignwide is-stacked-on-mobile\" style=\"grid-template-columns:18% auto\"><figure class=\"wp-block-media-text__media\"><img loading=\"lazy\" decoding=\"async\" width=\"272\" height=\"400\" src=\"https:\/\/www.labdoo.org\/global\/wp-content\/uploads\/sites\/9\/2021\/02\/WP_global_collab_0-1-e1612637842364.jpg\" alt=\"\" class=\"wp-image-1423 size-full\" \/><\/figure><div class=\"wp-block-media-text__content\">\n<h4 class=\"wp-block-heading\">\u00bfEst\u00e1s viajando y te gustar\u00eda ayudar transportando un port\u00e1til a un colegio?<\/h4>\n\n\n\n<p class=\"has-medium-font-size\"><a href=\"https:\/\/www.labdoo.org\/global\/content\/contact-labdoo?re=1\">Sigue este link para contactar con Labdoo<\/a>, nosotros te pondremos en contacto con una escuela en tu destino y para que les lleves un port\u00e1til Labdoo.<\/p>\n\n\n\n<p class=\"has-medium-font-size\">\u00a1Feliz viaje solidario!<\/p>\n<\/div><\/div>\n\n\n\n<div style=\"height:30px\" aria-hidden=\"true\" class=\"wp-block-spacer\"><\/div>\n\n\n\n<div class=\"wp-block-media-text alignwide is-stacked-on-mobile\" style=\"grid-template-columns:18% auto\"><figure class=\"wp-block-media-text__media\"><img loading=\"lazy\" decoding=\"async\" width=\"400\" height=\"305\" src=\"https:\/\/www.labdoo.org\/global\/wp-content\/uploads\/sites\/9\/2021\/02\/WP_global_collab_5-e1612637292968.jpg\" alt=\"\" class=\"wp-image-1416 size-full\" \/><\/figure><div class=\"wp-block-media-text__content\">\n<h4 class=\"wp-block-heading\">Difunde nuestra idea<\/h4>\n\n\n\n<p class=\"has-medium-font-size\">\u00bfTe gusta contar historias apasionantes? <\/p>\n\n\n\n<p class=\"has-medium-font-size\">Explica el concepto de Labdoo a tus amigos, comparte tus experiencias en Labdoo, s\u00edguenos en nuestras redes sociales y ayuda a crecer comunidad Labdoo.<br><a href=\"https:\/\/www.facebook.com\/Labdoo\/\" target=\"_blank\" rel=\"noopener\">Labdoo en Facebook<\/a><br><a href=\"https:\/\/www.instagram.com\/labdoo_d\" target=\"_blank\" rel=\"noopener\">Labdoo en Instagram<\/a><br><a href=\"https:\/\/www.linkedin.com\/company\/labdoo.org\/\" data-type=\"URL\" data-id=\"https:\/\/www.linkedin.com\/company\/labdoo.org\/\" target=\"_blank\" rel=\"noopener\">Labdoo in LinkedIn<\/a><\/p>\n<\/div><\/div>\n\n\n\n<div style=\"height:30px\" aria-hidden=\"true\" class=\"wp-block-spacer\"><\/div>\n\n\n\n<div class=\"wp-block-media-text alignwide is-stacked-on-mobile\" style=\"grid-template-columns:18% auto\"><figure class=\"wp-block-media-text__media\"><img loading=\"lazy\" decoding=\"async\" width=\"337\" height=\"389\" src=\"https:\/\/www.labdoo.org\/global\/wp-content\/uploads\/sites\/9\/2021\/02\/WP_global_collab_3.jpg\" alt=\"\" class=\"wp-image-1414 size-full\" srcset=\"https:\/\/www.labdoo.org\/global\/wp-content\/uploads\/sites\/9\/2021\/02\/WP_global_collab_3.jpg 337w, https:\/\/www.labdoo.org\/global\/wp-content\/uploads\/sites\/9\/2021\/02\/WP_global_collab_3-260x300.jpg 260w\" sizes=\"(max-width: 337px) 100vw, 337px\" \/><\/figure><div class=\"wp-block-media-text__content\">\n<h4 class=\"wp-block-heading\">Crea un Hub de Labdoo en tu ciudad<\/h4>\n\n\n\n<p class=\"has-medium-font-size\">\u00bfQuieres ayudar a llevar la educaci\u00f3n a aquellos m\u00e1s sensibles y con dificultades?<\/p>\n\n\n\n<p class=\"has-medium-font-size\">Puedes crear tu propio Hub Labdoo en tu casa, tu empresa, tu ONG, tu escuela o tu universidad. <\/p>\n<\/div><\/div>\n\n\n\n<div style=\"height:30px\" aria-hidden=\"true\" class=\"wp-block-spacer\"><\/div>\n\n\n\n<div class=\"wp-block-media-text alignwide is-stacked-on-mobile\" style=\"grid-template-columns:18% auto\"><figure class=\"wp-block-media-text__media\"><img loading=\"lazy\" decoding=\"async\" width=\"400\" height=\"380\" src=\"https:\/\/www.labdoo.org\/global\/wp-content\/uploads\/sites\/9\/2021\/02\/WP_global_collab_2-e1612637248397.jpg\" alt=\"\" class=\"wp-image-1413 size-full\" \/><\/figure><div class=\"wp-block-media-text__content\">\n<h4 class=\"wp-block-heading\">Colaboraci\u00f3n con empresas <\/h4>\n\n\n\n<p class=\"has-medium-font-size\">\u00bfTu empresa est\u00e1 planeando retirar sus port\u00e1tiles?<\/p>\n\n\n\n<p class=\"has-medium-font-size\">Estos podr\u00edan marcar la diferencia en la vida de muchos ni\u00f1os. <a href=\"https:\/\/platform.labdoo.org\/content\/paquete-labdoo-de-responsabilidad-social-corporativa-rsc\" data-type=\"URL\" target=\"_blank\" rel=\"noopener\">Mira nuestros paquetes de Responsabilidad Social Corporativa<\/a> y cont\u00e1ctanos.<\/p>\n<\/div><\/div>\n\n\n\n<div style=\"height:30px\" aria-hidden=\"true\" class=\"wp-block-spacer\"><\/div>\n\n\n\n<div class=\"wp-block-media-text alignwide is-stacked-on-mobile\" style=\"grid-template-columns:18% auto\"><figure class=\"wp-block-media-text__media\"><img loading=\"lazy\" decoding=\"async\" width=\"400\" height=\"326\" src=\"https:\/\/www.labdoo.org\/global\/wp-content\/uploads\/sites\/9\/2021\/02\/WP_global_collab_6-e1612637219548.jpg\" alt=\"\" class=\"wp-image-1417 size-full\" \/><\/figure><div class=\"wp-block-media-text__content\">\n<h4 class=\"wp-block-heading\">Implementa la econom\u00eda circular en tu ciudad<\/h4>\n\n\n\n<p class=\"has-medium-font-size\"><a href=\"https:\/\/platform.labdoo.org\/content\/labdoo-para-ciudades\" target=\"_blank\" rel=\"noopener\">mira nuestro programa de Labdoo para ciudades<\/a><\/p>\n\n\n\n<p class=\"has-medium-font-size\">Encuentra la forma de ayudar a gente en tu propia ciudad y contribuye a eliminar la brecha digital.<\/p>\n<\/div><\/div>\n\n\n\n<div style=\"height:30px\" aria-hidden=\"true\" class=\"wp-block-spacer\"><\/div>\n\n\n\n<div class=\"wp-block-media-text alignwide is-stacked-on-mobile\" style=\"grid-template-columns:18% auto\"><figure class=\"wp-block-media-text__media\"><img loading=\"lazy\" decoding=\"async\" width=\"419\" height=\"480\" src=\"https:\/\/www.labdoo.org\/global\/wp-content\/uploads\/sites\/9\/2021\/02\/WP_global_collab_4-1-419x480.jpg\" alt=\"\" class=\"wp-image-1418 size-full\" \/><\/figure><div class=\"wp-block-media-text__content\">\n<h4 class=\"wp-block-heading\">Ayuda a traducir Labdoo.org<\/h4>\n\n\n\n<p class=\"has-medium-font-size\">\u00bfSe te dan bien los idiomas? <\/p>\n\n\n\n<p class=\"has-medium-font-size\">Ayuda al proyecto labdoo traduciendo manuales, videos, contenidos, etc. Ayuda a Labdoo a llegar a m\u00e1s gente.<\/p>\n<\/div><\/div>\n\n\n\n<div style=\"height:30px\" aria-hidden=\"true\" class=\"wp-block-spacer\"><\/div>\n\n\n\n<div class=\"wp-block-media-text alignwide is-stacked-on-mobile\" style=\"grid-template-columns:18% auto\"><figure class=\"wp-block-media-text__media\"><img loading=\"lazy\" decoding=\"async\" width=\"400\" height=\"400\" src=\"https:\/\/www.labdoo.org\/global\/wp-content\/uploads\/sites\/9\/2021\/02\/WP_global_collab_1-e1612636964543.jpg\" alt=\"\" class=\"wp-image-1412 size-full\" srcset=\"https:\/\/www.labdoo.org\/global\/wp-content\/uploads\/sites\/9\/2021\/02\/WP_global_collab_1-e1612636964543.jpg 400w, https:\/\/www.labdoo.org\/global\/wp-content\/uploads\/sites\/9\/2021\/02\/WP_global_collab_1-e1612636964543-300x300.jpg 300w, https:\/\/www.labdoo.org\/global\/wp-content\/uploads\/sites\/9\/2021\/02\/WP_global_collab_1-e1612636964543-150x150.jpg 150w\" sizes=\"(max-width: 400px) 100vw, 400px\" \/><\/figure><div class=\"wp-block-media-text__content\">\n<h4 class=\"wp-block-heading\">Recicla tu ordenador roto<\/h4>\n\n\n\n<p class=\"has-medium-font-size\">Si tu ordenador ya est\u00e1 roto y no puede ser arreglado, ll\u00e9valo al punto de reciclaje m\u00e1s cercano, de modo que sus componentes puedan ser reciclados.<\/p>\n<\/div><\/div>\n<\/div>\n<\/div>","protected":false},"excerpt":{"rendered":"<p>\u00bfTienes un ordenador o una Tablet que ya no usas? D\u00f3nalo a trav\u00e9s de nuestra plataforma. Todos los datos son eliminados de forma segura y ser\u00e1 equipado con contenidos did\u00e1cticos, convirti\u00e9ndolo en una poderosa herramienta educativa que ser\u00e1 llevado a un proyecto que lo necesite. \u00bfTienes planeado alg\u00fan viaje y puedes llevar alg\u00fan ordenador contigo? [&hellip;]<\/p>\n","protected":false},"author":2,"featured_media":0,"parent":0,"menu_order":0,"comment_status":"closed","ping_status":"closed","template":"","meta":{"footnotes":""},"class_list":["post-1628","page","type-page","status-publish","hentry"],"_links":{"self":[{"href":"https:\/\/www.labdoo.org\/global\/wp-json\/wp\/v2\/pages\/1628","targetHints":{"allow":["GET"]}}],"collection":[{"href":"https:\/\/www.labdoo.org\/global\/wp-json\/wp\/v2\/pages"}],"about":[{"href":"https:\/\/www.labdoo.org\/global\/wp-json\/wp\/v2\/types\/page"}],"author":[{"embeddable":true,"href":"https:\/\/www.labdoo.org\/global\/wp-json\/wp\/v2\/users\/2"}],"replies":[{"embeddable":true,"href":"https:\/\/www.labdoo.org\/global\/wp-json\/wp\/v2\/comments?post=1628"}],"version-history":[{"count":10,"href":"https:\/\/www.labdoo.org\/global\/wp-json\/wp\/v2\/pages\/1628\/revisions"}],"predecessor-version":[{"id":1896,"href":"https:\/\/www.labdoo.org\/global\/wp-json\/wp\/v2\/pages\/1628\/revisions\/1896"}],"wp:attachment":[{"href":"https:\/\/www.labdoo.org\/global\/wp-json\/wp\/v2\/media?parent=1628"}],"curies":[{"name":"wp","href":"https:\/\/api.w.org\/{rel}","templated":true}]}}