{"id":1620,"date":"2021-02-10T19:56:19","date_gmt":"2021-02-10T19:56:19","guid":{"rendered":"https:\/\/www.labdoo.org\/global\/?page_id=1620"},"modified":"2026-02-05T05:26:55","modified_gmt":"2026-02-05T05:26:55","slug":"sobre-nosotros","status":"publish","type":"page","link":"https:\/\/www.labdoo.org\/global\/es\/about-us\/","title":{"rendered":"Sobre nosotros"},"content":{"rendered":"<div class=\"wp-block-columns is-layout-flex wp-container-core-columns-is-layout-9d6595d7 wp-block-columns-is-layout-flex\">\n<div class=\"wp-block-column is-layout-flow wp-block-column-is-layout-flow\">\n<div class=\"video_wrapper\">\n<iframe src=\"https:\/\/www.youtube.com\/embed\/KMLAoeq0T54?hl=no&amp;cc_lang_pref=es&amp;cc=1\" allow=\"accelerometer; autoplay; clipboard-write; encrypted-media; gyroscope; picture-in-picture\" allowfullscreen=\"\" width=\"560\" height=\"315\" frameborder=\"0\"><\/iframe><\/div>\n<\/div>\n\n\n\n<div class=\"wp-block-column is-layout-flow wp-block-column-is-layout-flow\">\n<p class=\"has-medium-font-size\">Labdoo es una red social humanitaria fundada en 2010 con el sue\u00f1o de hacer la educaci\u00f3n accesible a cada ni\u00f1o y ni\u00f1a del planeta reutilizando ordenadores en desuso. Desde entonces Labdoo ha llegado a m\u00e1s de 150 pa\u00edses y ayuda a m\u00e1s de 1.000.000 de estudiantes a trav\u00e9s de cientos de hubs y miles de voluntarios que colaboran recogiendo, preparando y transportando esos ordenadores a m\u00e1s de 3.000 proyectos educativos.<\/p>\n\n\n\n<p class=\"has-medium-font-size\">Todos los colaboradores de Labdoo ayudan de forma altruista y ninguno de los voluntarios recibe a cambio nada m\u00e1s que la satisfacci\u00f3n de llevar la educaci\u00f3n a rincones de todo el mundo.<\/p>\n\n\n\n\n<\/div>\n<\/div>\n\n\n\n<div style=\"height:43px\" aria-hidden=\"true\" class=\"wp-block-spacer\"><\/div>\n\n\n\n<h1 class=\"wp-block-heading\">Hubs por todo el mundo<\/h1>\n\n\n\n<div class=\"wp-block-columns is-layout-flex wp-container-core-columns-is-layout-9d6595d7 wp-block-columns-is-layout-flex\">\n<div class=\"wp-block-column is-layout-flow wp-block-column-is-layout-flow\">\n<p class=\"has-medium-font-size\">Un Hub es un grupo de gente que se organizan para llevar a cabo actividades como recoger y preparar ordenadores, ayudar a conectar viajeros con proyectos a los que puedan llevar laptops en sus viajes, reciclar ordenadores o simplemente organizar actividades de concienciaci\u00f3n y de informaci\u00f3n para dar a conocer el proyecto.<\/p>\n\n\n\n<p class=\"has-medium-font-size\">Debido a la presencia global de Labdoo hay peque\u00f1as diferencias en los modelos de organizaci\u00f3n que se adaptan a las particularidades de cada regi\u00f3n o a las preferencias de sus voluntarios. Lo que es com\u00fan en cualquier caso es la participaci\u00f3n de forma altruista y el uso de la misma plataforma global de Labdoo.org<\/p>\n\n\n\n<p class=\"has-medium-font-size\">Puedes comprobar la <a rel=\"noreferrer noopener\" href=\"https:\/\/platform.labdoo.org\/content\/hubs-dashboard\" target=\"_blank\">lista global de hubs en este enlace<\/a>.&nbsp;<\/p>\n\n\n\n<p class=\"has-medium-font-size\">Si quieres empezar un Hub  Labdoo en tu regi\u00f3n, cont\u00e1ctanos y te ayudaremos a comenzar,<\/p>\n\n\n\n<p class=\"has-medium-font-size\"><\/p>\n<\/div>\n\n\n\n<div class=\"wp-block-column is-layout-flow wp-block-column-is-layout-flow\">\n<figure class=\"wp-block-image size-large\"><img fetchpriority=\"high\" decoding=\"async\" width=\"929\" height=\"666\" src=\"https:\/\/www.labdoo.org\/global\/wp-content\/uploads\/sites\/9\/2021\/02\/WP_global_abtus_1.png\" alt=\"\" class=\"wp-image-1215\" srcset=\"https:\/\/www.labdoo.org\/global\/wp-content\/uploads\/sites\/9\/2021\/02\/WP_global_abtus_1.png 929w, https:\/\/www.labdoo.org\/global\/wp-content\/uploads\/sites\/9\/2021\/02\/WP_global_abtus_1-300x215.png 300w, https:\/\/www.labdoo.org\/global\/wp-content\/uploads\/sites\/9\/2021\/02\/WP_global_abtus_1-768x551.png 768w\" sizes=\"(max-width: 929px) 100vw, 929px\" \/><\/figure>\n<\/div>\n<\/div>\n\n\n\n<div style=\"height:60px\" aria-hidden=\"true\" class=\"wp-block-spacer\"><\/div>\n\n\n\n<h1 class=\"wp-block-heading\">Labdoo como ONGs sin \u00e1nimo de lucro<\/h1>\n\n\n\n<div class=\"wp-block-media-text alignwide is-stacked-on-mobile\" style=\"grid-template-columns:20% auto\"><figure class=\"wp-block-media-text__media\"><img decoding=\"async\" width=\"409\" height=\"420\" src=\"https:\/\/www.labdoo.org\/global\/wp-content\/uploads\/sites\/9\/2021\/02\/logo.jpg\" alt=\"\" class=\"wp-image-1319 size-full\"\/><\/figure><div class=\"wp-block-media-text__content\">\n<p class=\"has-medium-font-size\">Labdoo est\u00e1 registrado como organizaci\u00f3n sin \u00e1nimo de lucro en distintos pa\u00edses. Aunque son distintas entidades jur\u00eddicas, trabajan de forma coordinada siguiendo los mismos principios.<\/p>\n\n\n\n<p class=\"has-medium-font-size\">Actualmente puedes encontrar a Labdoo.org registrada como ONG en:<\/p>\n\n\n\n<ul class=\"wp-block-list\">\n<li>Estados Unidos de Am\u00e9rica \u2013 EIN: 027-3489966<\/li>\n\n\n\n<li>Espa\u00f1a \u2013 53610 \u2013 J \/ 1<\/li>\n\n\n\n<li>Su\u00edza \u2013 CH-400.6.430.891-5<\/li>\n\n\n\n<li>Alemania \u2013 120\/5703\/1940<\/li>\n<\/ul>\n<\/div><\/div>\n\n\n\n<div style=\"height:60px\" aria-hidden=\"true\" class=\"wp-block-spacer\"><\/div>\n\n\n\n<h1 class=\"wp-block-heading\">El Core Team de Labdoo<\/h1>\n\n\n\n<div class=\"wp-block-media-text alignwide has-media-on-the-right is-stacked-on-mobile ticss-7abdd040\" style=\"grid-template-columns:auto 29%\"><div class=\"wp-block-media-text__content\">\n<p class=\"has-medium-font-size\">El Core Team de Labdoo se re\u00fane de forma habitual para seguir todas las actividades y propuestas que conciernen a Labdoo. Este equipo est\u00e1 formado por los principales representantes de los Hubs regionales y algunos de los miembros con m\u00e1s experiencia de Labdoo.<\/p>\n<\/div><figure class=\"wp-block-media-text__media\"><img decoding=\"async\" src=\"https:\/\/www.labdoo.org\/global\/wp-content\/uploads\/sites\/9\/2021\/02\/laptop-logo.jpg\" alt=\"\" class=\"wp-image-1320 size-full\"\/><\/figure><\/div>\n\n\n\n","protected":false},"excerpt":{"rendered":"<p>Labdoo es una red social humanitaria fundada en 2010 con el sue\u00f1o de hacer la educaci\u00f3n accesible a cada ni\u00f1o y ni\u00f1a del planeta reutilizando ordenadores en desuso. Desde entonces Labdoo ha llegado a m\u00e1s de 150 pa\u00edses y ayuda a m\u00e1s de 1.000.000 de estudiantes a trav\u00e9s de cientos de hubs y miles de [&hellip;]<\/p>\n","protected":false},"author":2,"featured_media":0,"parent":0,"menu_order":0,"comment_status":"closed","ping_status":"closed","template":"","meta":{"footnotes":""},"class_list":["post-1620","page","type-page","status-publish","hentry"],"_links":{"self":[{"href":"https:\/\/www.labdoo.org\/global\/wp-json\/wp\/v2\/pages\/1620","targetHints":{"allow":["GET"]}}],"collection":[{"href":"https:\/\/www.labdoo.org\/global\/wp-json\/wp\/v2\/pages"}],"about":[{"href":"https:\/\/www.labdoo.org\/global\/wp-json\/wp\/v2\/types\/page"}],"author":[{"embeddable":true,"href":"https:\/\/www.labdoo.org\/global\/wp-json\/wp\/v2\/users\/2"}],"replies":[{"embeddable":true,"href":"https:\/\/www.labdoo.org\/global\/wp-json\/wp\/v2\/comments?post=1620"}],"version-history":[{"count":9,"href":"https:\/\/www.labdoo.org\/global\/wp-json\/wp\/v2\/pages\/1620\/revisions"}],"predecessor-version":[{"id":2043,"href":"https:\/\/www.labdoo.org\/global\/wp-json\/wp\/v2\/pages\/1620\/revisions\/2043"}],"wp:attachment":[{"href":"https:\/\/www.labdoo.org\/global\/wp-json\/wp\/v2\/media?parent=1620"}],"curies":[{"name":"wp","href":"https:\/\/api.w.org\/{rel}","templated":true}]}}