{"id":1614,"date":"2021-02-10T18:45:36","date_gmt":"2021-02-10T18:45:36","guid":{"rendered":"https:\/\/www.labdoo.org\/global\/?page_id=1614"},"modified":"2021-02-12T07:31:16","modified_gmt":"2021-02-12T07:31:16","slug":"proyectos-2","status":"publish","type":"page","link":"https:\/\/www.labdoo.org\/global\/es\/our-projects\/","title":{"rendered":"Proyectos"},"content":{"rendered":"<p class=\"has-medium-font-size\">Estos son solo algunos ejemplos de los m\u00e1s de 2000 proyectos a los que Labdoo est\u00e1 ayudando proporcionando ordenadores con contenido educativo. Puedes visitar la lista completa en nuestra <a href=\"https:\/\/platform.labdoo.org\/content\/edoovillages-dashboard\" target=\"_blank\" rel=\"noopener\">plataforma<\/a>.<\/p>\n\n\n\n<div class=\"wp-block-columns is-layout-flex wp-container-core-columns-is-layout-9d6595d7 wp-block-columns-is-layout-flex\">\n<div class=\"wp-block-column is-layout-flow wp-block-column-is-layout-flow\">\n<h2 class=\"wp-block-heading\"><strong><a href=\"https:\/\/www.labdoo.org\/global\/edoovillage?e=99158\"><\/a><a href=\"https:\/\/platform.labdoo.org\/edoovillage?e=25578\" target=\"_blank\" rel=\"noopener\">Gujranwala, Pakistan: Zephaniah Free School<\/a><\/strong><\/h2>\n\n\n\n<p class=\"has-medium-font-size\"><strong>Ayudando a<a href=\"https:\/\/zephaniaheducation.org\/computer-it-center\/\" target=\"_blank\" rel=\"noopener\"> Zephaniah Education<\/a> a mejorar las condiciones de las mujeres en Pakist\u00e1n a trav\u00e9s de programas educativos<\/strong><\/p>\n\n\n\n<figure class=\"wp-block-image size-full is-resized\"><img fetchpriority=\"high\" decoding=\"async\" src=\"https:\/\/www.labdoo.org\/global\/wp-content\/uploads\/sites\/9\/2021\/02\/WP_global_proj_1_res-e1612475971544.jpg\" alt=\"\" class=\"wp-image-1371\" width=\"400\" height=\"300\"\/><\/figure>\n\n\n\n<p class=\"has-medium-font-size\">&#8220;Querido equipo de Labdoo. Gracias por un regalo tan maravilloso. He creado dos nuevas escuelas en los \u00faltimos dos meses y voy a utilizar algunos de los ordenadores all\u00ed. Me alegra informaros de que desde ahora 300 ni\u00f1as y mujeres van a poder recibir clases a trav\u00e9s de estos port\u00e1tiles que vosotros y vuestro equipo hab\u00e9is donado. Con mucho cari\u00f1o. Hermana Zeph.&#8221;<\/p>\n\n\n\n<p class=\"has-medium-font-size\">De ni\u00f1a, la Hermana Zeph era un poco traviesa. Sol\u00eda estar haciendo chistes todo el rato y meti\u00e9ndose con sus compa\u00f1eros. Tambi\u00e9n ten\u00eda un sue\u00f1o, convertirse alg\u00fan d\u00eda en abogada. Con 13 a\u00f1os, su primer art\u00edculo sobre los derechos de las mujeres apareci\u00f3 en &#8220;Jung&#8221;, un peri\u00f3dico muy popular en Pakist\u00e1n. Despu\u00e9s con el paso del tiempo, algo cambi\u00f3 su vida para siempre.<\/p>\n\n\n\n<p class=\"has-medium-font-size\">&#8220;Dej\u00e9 el colegio en s\u00e9ptimo grado&#8221; dice la Hermana Zeph. Decid\u00ed que nunca volver\u00eda a poner un pi\u00e9 en esa escuela. Fue tan humillante lo que pas\u00f3. Un d\u00eda durante las clases, di un discurso a mis compa\u00f1eras haciendo burla a la profesora, en su mesa. Cuando la profesora entr\u00f3 a la clase, perdi\u00f3 los nervios y empez\u00f3 a pegarme por mi travesura delante de todos. S\u00f3lo pod\u00eda llorar y gritar delante de mis compa\u00f1eros. Me doli\u00f3 f\u00edsica y an\u00edmicamente. Ese no era el camino para educar a un ni\u00f1o que solo estaba actuando como tal&#8221;<\/p>\n\n\n\n<p class=\"has-medium-font-size\">As\u00ed que a los 13 a\u00f1os, la Hermana Zeph le dijo a sus padres que iba a dejar de ir al colegio y que ten\u00eda otro plan: iba a crear su propia escuela donde poder ense\u00f1ar su propia experiencia a otras chicas de Pakist\u00e1n.<\/p>\n\n\n\n<p class=\"has-medium-font-size\"><a href=\"https:\/\/platform.labdoo.org\/content\/drops-goodwill\" target=\"_blank\" rel=\"noopener\">[contin\u00faa leyendo esta historia\u2026]<\/a><\/p>\n\n\n\n<p class=\"has-medium-font-size\">Link al proyecto: <a href=\"https:\/\/zephaniaheducation.org\/\" target=\"_blank\" rel=\"noopener\">https:\/\/zephaniaheducation.org\/<\/a><\/p>\n\n\n\n<h2 class=\"wp-block-heading\"><strong><a href=\"https:\/\/www.labdoo.org\/global\/edoovillage?e=99158\"><\/a><a href=\"https:\/\/www.labdoo.org\/global\/edoovillage?e=620\"><strong><\/strong><\/a><strong><a href=\"https:\/\/platform.labdoo.org\/edoovillage?e=33423\" target=\"_blank\" rel=\"noopener\"><strong>Nyilima, Kenya: Kar Geno International Program<\/strong><\/a><\/strong><br><\/strong><\/h2>\n\n\n\n<p class=\"has-medium-font-size\"><strong>Ayudando a <a href=\"https:\/\/kargeno.org\/\" target=\"_blank\" rel=\"noopener\">Kargeno.org <\/a>por medio de ordenadores educativos de Labdoo para llevar a cabo su programa de ayuda remota a profesores y estudiantes.<\/strong><\/p>\n\n\n\n<figure class=\"wp-block-image size-full is-resized\"><img decoding=\"async\" src=\"https:\/\/www.labdoo.org\/global\/wp-content\/uploads\/sites\/9\/2021\/02\/WP_global_proj_2-e1612475316892.jpg\" alt=\"\" class=\"wp-image-1362\" width=\"400\" height=\"300\"\/><\/figure>\n\n\n\n<p class=\"has-medium-font-size\">&#8220;Kar Geno quiere decir en Luo el Centro para la Esperanza. Durante a\u00f1os, la organizaci\u00f3n ha estado dando ayuda, sustento y esperanza en el condado de Asembo. Yo conoc\u00ed esta organizaci\u00f3n a trav\u00e9s de una p\u00e1gina web llamada Moving Worlds donde puedes contribuir con tus habilidades para ayudar a una comunidad. Raphine Muga, uno de los fundadores de Kar Geno, se interes\u00f3 por mi ayuda como fot\u00f3grafo y despu\u00e9s de un par de sesiones de Skype y algunos mails mi vista ya estaba planeada.<\/p>\n\n\n\n<p class=\"has-medium-font-size\">Antes de viajar a Kenia, Raphine me pregunt\u00f3 si me importar\u00eda llevar desde mi casa en Charleston, SC hasta \u00c1frica dos laptops preparados por Labdoo. Aunque no sab\u00eda para qu\u00e9 eran, acept\u00e9 meterlos en mi equipaje y llevarlos de lado a lado del planeta. El resto es historia&#8221;<\/p>\n\n\n\n<p class=\"has-medium-font-size\">Este proyecto en colaboraci\u00f3n con <a href=\"https:\/\/kargeno.org\/\" target=\"_blank\" rel=\"noopener\">kargeno.org<\/a> conecta distintas clases a trav\u00e9s de un programa de intercambio que implica voluntariado &#8220;in situ&#8221; con un mentorado online para profesores y estudiantes. Esto da a escuelas de pa\u00edses en v\u00edas de desarrollo la oportunidad de comunicarse y aprender con gente de otros pa\u00edses.<\/p>\n\n\n\n<p class=\"has-medium-font-size\"><a href=\"https:\/\/platform.labdoo.org\/content\/joy-bringing-education-local-community-kar-geno-kenya\" target=\"_blank\" rel=\"noopener\">[contin\u00faa leyendo esta historia\u2026]<\/a><\/p>\n\n\n\n<p class=\"has-medium-font-size\">Link al proyecto: <a href=\"https:\/\/kargeno.org\/newDir\/\" target=\"_blank\" rel=\"noopener\">https:\/\/kargeno.org\/newDir\/<\/a><\/p>\n\n\n\n<h2 class=\"wp-block-heading\"><strong><a href=\"https:\/\/platform.labdoo.org\/edoovillage?e=31626\" target=\"_blank\" rel=\"noopener\"><strong>India, Tiruvannamalai: Arunachala Rising Sun<\/strong><\/a><br><\/strong><\/h2>\n\n\n\n<p class=\"has-medium-font-size\"><strong>Ayudando con material educativo a 530 ni\u00f1os de 8 escuelas nocturnas de los suburbios de Tiruvannamalai.<\/strong><\/p>\n\n\n\n<figure class=\"wp-block-image size-full is-resized\"><img decoding=\"async\" src=\"https:\/\/www.labdoo.org\/global\/wp-content\/uploads\/sites\/9\/2021\/02\/WP_global_proj_3-e1612475395301.jpg\" alt=\"\" class=\"wp-image-1365\" width=\"400\" height=\"300\"\/><\/figure>\n\n\n\n<p class=\"has-medium-font-size\">Los ni\u00f1os que viven en los suburbios de Tiruvannamalai tienen muy pocas esperanzas de poder acceder a una educaci\u00f3n de calidad. Las escuelas est\u00e1n muy mal equipadas y la mayor\u00eda de los ni\u00f1os pertenecen a familias que no pueden pagar por su educaci\u00f3n. La soluci\u00f3n de implementar 8 escuelas nocturnas ha aliviado la situaci\u00f3n dando esperanza y una oportunidad a 530 ni\u00f1os ya que en estos tiempos las habilidades inform\u00e1ticas son cruciales para poder tener mejores oportunidades en la vida.<\/p>\n\n\n\n<p class=\"has-medium-font-size\">Con la ayuda de los ordenadores llevados por distintos voluntarios a las diferentes escuelas nocturnas, se puede impartir educaci\u00f3n y formaci\u00f3n tecnol\u00f3gica  de una forma mucho m\u00e1s efectiva y a un n\u00famero mayor de alumnos.<\/p>\n\n\n\n<p class=\"has-medium-font-size\"><a href=\"https:\/\/platform.labdoo.org\/edoovillage?e=31626\" target=\"_blank\" rel=\"noopener\">[lee m\u00e1s acerca de este proyecto\u2026]<\/a><\/p>\n\n\n\n<p class=\"has-medium-font-size\">Link al proyecto: <a href=\"http:\/\/www.arunachala-rising-sun.ch\/en\/ueberuns_wer.asp\" target=\"_blank\" rel=\"noopener\">http:\/\/www.arunachala-rising-sun.ch\/en\/ueberuns_wer.asp<\/a><\/p>\n<\/div>\n<\/div>","protected":false},"excerpt":{"rendered":"<p>Estos son solo algunos ejemplos de los m\u00e1s de 2000 proyectos a los que Labdoo est\u00e1 ayudando proporcionando ordenadores con contenido educativo. Puedes visitar la lista completa en nuestra plataforma. Gujranwala, Pakistan: Zephaniah Free School Ayudando a Zephaniah Education a mejorar las condiciones de las mujeres en Pakist\u00e1n a trav\u00e9s de programas educativos &#8220;Querido equipo [&hellip;]<\/p>\n","protected":false},"author":2,"featured_media":0,"parent":0,"menu_order":0,"comment_status":"closed","ping_status":"closed","template":"","meta":{"footnotes":""},"class_list":["post-1614","page","type-page","status-publish","hentry"],"_links":{"self":[{"href":"https:\/\/www.labdoo.org\/global\/wp-json\/wp\/v2\/pages\/1614","targetHints":{"allow":["GET"]}}],"collection":[{"href":"https:\/\/www.labdoo.org\/global\/wp-json\/wp\/v2\/pages"}],"about":[{"href":"https:\/\/www.labdoo.org\/global\/wp-json\/wp\/v2\/types\/page"}],"author":[{"embeddable":true,"href":"https:\/\/www.labdoo.org\/global\/wp-json\/wp\/v2\/users\/2"}],"replies":[{"embeddable":true,"href":"https:\/\/www.labdoo.org\/global\/wp-json\/wp\/v2\/comments?post=1614"}],"version-history":[{"count":6,"href":"https:\/\/www.labdoo.org\/global\/wp-json\/wp\/v2\/pages\/1614\/revisions"}],"predecessor-version":[{"id":1708,"href":"https:\/\/www.labdoo.org\/global\/wp-json\/wp\/v2\/pages\/1614\/revisions\/1708"}],"wp:attachment":[{"href":"https:\/\/www.labdoo.org\/global\/wp-json\/wp\/v2\/media?parent=1614"}],"curies":[{"name":"wp","href":"https:\/\/api.w.org\/{rel}","templated":true}]}}