{"id":1580,"date":"2021-02-10T06:53:40","date_gmt":"2021-02-10T06:53:40","guid":{"rendered":"https:\/\/www.labdoo.org\/global\/?page_id=1580"},"modified":"2026-04-06T21:43:15","modified_gmt":"2026-04-06T21:43:15","slug":"home-2","status":"publish","type":"page","link":"https:\/\/www.labdoo.org\/global\/es\/","title":{"rendered":"Home"},"content":{"rendered":"<div class=\"wp-block-columns is-layout-flex wp-container-core-columns-is-layout-9d6595d7 wp-block-columns-is-layout-flex\">\n<div class=\"wp-block-column is-layout-flow wp-block-column-is-layout-flow\">\n<h2 class=\"wp-block-heading\">Qu\u00e9 es Labdoo.org<\/h2>\n\n\n\n<h4 class=\"wp-block-heading\">Labdoo es una red social humanitaria donde gente de todo el mundo colabora para reconvertir ordenadores usados en dispositivos educativos, llev\u00e1ndolos a escuelas de una forma CO2 neutral.<\/h4>\n<\/div>\n\n\n\n<div class=\"wp-block-column is-layout-flow wp-block-column-is-layout-flow\">\n<h2 class=\"wp-block-heading\">C\u00f3mo puedes formar parte<\/h2>\n\n\n\n<h4 class=\"wp-block-heading\">\u00danete a un hub cercano o crea tu propio hub. Dona tu ordenador usado o ay\u00fadanos a recolectarlos. Ayuda transportando un ordenador o simplemente habla de Labdoo a tus amigos. Hay muchas formas en las que puedes colaborar.<\/h4>\n<\/div>\n<\/div>\n\n\n\n<div class=\"wp-block-columns is-layout-flex wp-container-core-columns-is-layout-9d6595d7 wp-block-columns-is-layout-flex\">\n<div class=\"wp-block-column is-layout-flow wp-block-column-is-layout-flow\" style=\"flex-basis:65%\">\n<div class=\"video_wrapper\">\n<iframe src=\"https:\/\/www.youtube.com\/embed\/mTsjPgyPoU0\" allow=\"accelerometer; autoplay; clipboard-write; encrypted-media; gyroscope; picture-in-picture\" allowfullscreen=\"\" width=\"853\" height=\"480\" frameborder=\"0\"><\/iframe><\/div>\n<\/div>\n\n\n\n<div class=\"wp-block-column ticss-f419c841 is-layout-flow wp-block-column-is-layout-flow\" style=\"flex-basis:25%\">\n<h2 class=\"wp-block-heading\">Actividad reciente<\/h2>\n\n\n\n<div class=\"row\">          <div class=\"column\"><img decoding=\"async\" src=\"\/wp-content\/uploads\/events_icons\/laptop-simple.png.jpg\" alt=\"tag\" width=\"50px\" height=\"50px\"><\/div>          <div class=\"column2\">          <b style=\"font-size:14px\" class=\"card-text\">17 min 45 sec ago <\/b>        <h6 style=\"padding:0\" class=\"card-text\">M&uuml;lheim an der Ruhr,  Germany<\/h6>          <a href=\"https:\/\/platform.labdoo.org\/node\/252924\" target=\"_blank\" rel=\"noopener\">Laptop 000063239 was tagged<\/a>      <br style=\"margin-bottom:8px\">      <br>      <\/div>    <\/div>         <div class=\"row\">          <div class=\"column\"><img decoding=\"async\" src=\"\/wp-content\/uploads\/events_icons\/dootrip.png.jpg\" alt=\"tag\" width=\"50px\" height=\"50px\"><\/div>          <div class=\"column2\">          <b style=\"font-size:14px\" class=\"card-text\">1 hour 25 sec ago <\/b>        <h6 style=\"padding:0\" class=\"card-text\">Bretten ,  Germany<\/h6>          <a href=\"https:\/\/platform.labdoo.org\/node\/252922\" target=\"_blank\" rel=\"noopener\">Dootrip from M&uuml;lheim an der Ruhr (Germany) to Bretten (Germany) was created<\/a>      <br style=\"margin-bottom:8px\">      <br>      <\/div>    <\/div>         <div class=\"row\">          <div class=\"column\"><img decoding=\"async\" src=\"\/wp-content\/uploads\/events_icons\/laptop-simple.png.jpg\" alt=\"tag\" width=\"50px\" height=\"50px\"><\/div>          <div class=\"column2\">          <b style=\"font-size:14px\" class=\"card-text\">8 hours 1 min ago <\/b>        <h6 style=\"padding:0\" class=\"card-text\">sant cugat,  Spain<\/h6>          <a href=\"https:\/\/platform.labdoo.org\/node\/252920\" target=\"_blank\" rel=\"noopener\">Laptop 000063238 was tagged<\/a>      <br style=\"margin-bottom:8px\">      <br>      <\/div>    <\/div>         <div class=\"row\">          <div class=\"column\"><img decoding=\"async\" src=\"\/wp-content\/uploads\/events_icons\/laptop-simple.png.jpg\" alt=\"tag\" width=\"50px\" height=\"50px\"><\/div>          <div class=\"column2\">          <b style=\"font-size:14px\" class=\"card-text\">10 hours 28 min ago <\/b>        <h6 style=\"padding:0\" class=\"card-text\">sant cugat,  Spain<\/h6>          <a href=\"https:\/\/platform.labdoo.org\/node\/252918\" target=\"_blank\" rel=\"noopener\">Laptop 000063237 was tagged<\/a>      <br style=\"margin-bottom:8px\">      <br>      <\/div>    <\/div>\n\n\n\n<div style=\"height:14px\" aria-hidden=\"true\" class=\"wp-block-spacer\"><\/div>\n\n\n\n<p><a href=\"https:\/\/platform.labdoo.org\/actions\" data-type=\"URL\" data-id=\"https:\/\/platform.labdoo.org\/actions\" target=\"_blank\" rel=\"noopener\">Ver m\u00e1s\u2026<\/a><\/p>\n<\/div>\n<\/div>\n\n\n\n<hr class=\"wp-block-separator has-text-color has-cyan-bluish-gray-color has-css-opacity has-cyan-bluish-gray-background-color has-background is-style-wide\"\/>\n\n\n\n<h2 class=\"wp-block-heading\">Algunos de nuestros proyectos<\/h2>\n\n\n\n<p class=\"has-medium-font-size\">Estos son s\u00f3lo algunos ejemplos de los m\u00e1s de 2000 proyectos a los que Labdoo est\u00e1 ayudando, facilitando ordenadores con contenido educativo. Puedes visitar la lista completa en nuestra <a href=\"https:\/\/platform.labdoo.org\/content\/edoovillages-dashboard\" target=\"_blank\" rel=\"noopener\">plataforma<\/a>.<\/p>\n\n\n\n<div class=\"wp-block-columns is-layout-flex wp-container-core-columns-is-layout-9d6595d7 wp-block-columns-is-layout-flex\">\n<div class=\"wp-block-column is-layout-flow wp-block-column-is-layout-flow\">\n<figure class=\"wp-block-image size-full\"><img fetchpriority=\"high\" decoding=\"async\" width=\"800\" height=\"600\" src=\"https:\/\/www.labdoo.org\/global\/wp-content\/uploads\/sites\/9\/2021\/02\/WP_global_proj_1_res-e1612475971544.jpg\" alt=\"\" class=\"wp-image-1371\"\/><\/figure>\n\n\n\n<h4 class=\"wp-block-heading\"><a href=\"https:\/\/platform.labdoo.org\/edoovillage?e=25578\" data-type=\"URL\" data-id=\"https:\/\/platform.labdoo.org\/edoovillage?e=25578\" target=\"_blank\" rel=\"noopener\"><strong>Gujranwala, Pakistan: Zephaniah Free School<\/strong><\/a><\/h4>\n\n\n\n<p class=\"has-medium-font-size\">Ayudando a Zephaniah Education a mejorar las condiciones de las mujeres en Pakist\u00e1n a trav\u00e9s de programas educativos.<\/p>\n<\/div>\n\n\n\n<div class=\"wp-block-column is-layout-flow wp-block-column-is-layout-flow\">\n<figure class=\"wp-block-image size-full ticss-d89ae85c\"><img decoding=\"async\" width=\"800\" height=\"600\" src=\"https:\/\/www.labdoo.org\/global\/wp-content\/uploads\/sites\/9\/2021\/02\/WP_global_proj_2-e1612475316892.jpg\" alt=\"\" class=\"wp-image-1362\"\/><\/figure>\n\n\n\n<h4 class=\"wp-block-heading\"><a href=\"https:\/\/platform.labdoo.org\/edoovillage?e=33423\" data-type=\"URL\" data-id=\"https:\/\/platform.labdoo.org\/edoovillage?e=33423\" target=\"_blank\" rel=\"noopener\"><strong>Nyilima, Kenya: Kar Geno International Program<\/strong><\/a><\/h4>\n\n\n\n<p class=\"has-medium-font-size\">Ayudando a Kargeno.org por medio de ordenadores educativos de Labdoo para realizar su programa de ayuda remota a profesores y estudiantes. <\/p>\n<\/div>\n\n\n\n<div class=\"wp-block-column is-layout-flow wp-block-column-is-layout-flow\">\n<figure class=\"wp-block-image size-full ticss-f09179b6\"><img decoding=\"async\" width=\"800\" height=\"600\" src=\"https:\/\/www.labdoo.org\/global\/wp-content\/uploads\/sites\/9\/2021\/02\/WP_global_proj_3-e1612475395301.jpg\" alt=\"\" class=\"wp-image-1365\"\/><\/figure>\n\n\n\n<h4 class=\"wp-block-heading\"><a href=\"https:\/\/platform.labdoo.org\/edoovillage?e=31626\" data-type=\"URL\" data-id=\"https:\/\/platform.labdoo.org\/edoovillage?e=31626\" target=\"_blank\" rel=\"noopener\"><strong>India, Tiruvannamalai: Arunachala Rising Sun<\/strong> <\/a><\/h4>\n\n\n\n<p class=\"has-medium-font-size\">Ayudando con material educativo a 530 ni\u00f1os de 8 escuelas nocturnas de los suburbios de Tiruvannamalai. <\/p>\n<\/div>\n<\/div>\n\n\n\n<hr class=\"wp-block-separator has-text-color has-cyan-bluish-gray-color has-css-opacity has-cyan-bluish-gray-background-color has-background is-style-wide\"\/>\n\n\n\n<h2 class=\"wp-block-heading\">Participa<\/h2>\n\n\n\n<div class=\"wp-block-columns is-layout-flex wp-container-core-columns-is-layout-9d6595d7 wp-block-columns-is-layout-flex\">\n<div class=\"wp-block-column is-layout-flow wp-block-column-is-layout-flow\">\n<figure class=\"wp-block-image size-large\"><a href=\"https:\/\/platform.labdoo.org\/es\/content\/contact-labdoo?re=0\" target=\"_blank\" rel=\"noopener\"><img loading=\"lazy\" decoding=\"async\" width=\"463\" height=\"160\" src=\"https:\/\/www.labdoo.org\/global\/wp-content\/uploads\/sites\/9\/2020\/11\/button-contribute-computer-es.png\" alt=\"\" class=\"wp-image-149\" srcset=\"https:\/\/www.labdoo.org\/global\/wp-content\/uploads\/sites\/9\/2020\/11\/button-contribute-computer-es.png 463w, https:\/\/www.labdoo.org\/global\/wp-content\/uploads\/sites\/9\/2020\/11\/button-contribute-computer-es-300x104.png 300w\" sizes=\"(max-width: 463px) 100vw, 463px\" \/><\/a><\/figure>\n\n\n\n<h4 class=\"wp-block-heading\">\u00bf<strong>Tienes un ordenador o una tableta que ya no usas?<\/strong><\/h4>\n\n\n\n<p class=\"has-medium-font-size\">D\u00f3nalo a trav\u00e9s de nuestra plataforma. Todos los datos son eliminados de forma segura y ser\u00e1 equipado con contenidos did\u00e1cticos, convirti\u00e9ndolo en una poderosa herramienta educativa que ser\u00e1 llevado a un proyecto que lo necesite.<\/p>\n<\/div>\n\n\n\n<div class=\"wp-block-column ticss-aa0207a2 is-layout-flow wp-block-column-is-layout-flow\">\n<figure class=\"wp-block-image size-large\"><a href=\"https:\/\/platform.labdoo.org\/es\/content\/contact-labdoo?re=1\" target=\"_blank\" rel=\"noopener\"><img loading=\"lazy\" decoding=\"async\" width=\"431\" height=\"162\" src=\"https:\/\/www.labdoo.org\/global\/wp-content\/uploads\/sites\/9\/2020\/12\/button-contribute-dootrip-es.png\" alt=\"\" class=\"wp-image-210\" srcset=\"https:\/\/www.labdoo.org\/global\/wp-content\/uploads\/sites\/9\/2020\/12\/button-contribute-dootrip-es.png 431w, https:\/\/www.labdoo.org\/global\/wp-content\/uploads\/sites\/9\/2020\/12\/button-contribute-dootrip-es-300x113.png 300w\" sizes=\"(max-width: 431px) 100vw, 431px\" \/><\/a><\/figure>\n\n\n\n<h4 class=\"wp-block-heading\">\u00bf<strong>Tienes planeado alg\u00fan viaje y puedes llevar alg\u00fan ordenador contigo?<\/strong><\/h4>\n\n\n\n<p class=\"has-medium-font-size\">Si est\u00e1s viajando bien sea por vacaciones, para trabajar con alguna ONG o por negocios, contacta con nosotros y te pondremos en contacto con un proyecto en tu destino al que puedas llevar alguno de nuestros ordenadores.<\/p>\n<\/div>\n\n\n\n<div class=\"wp-block-column ticss-26d0ac18 is-layout-flow wp-block-column-is-layout-flow\">\n<figure class=\"wp-block-image size-large\"><a href=\"https:\/\/platform.labdoo.org\/es\/content\/contact-labdoo?re=2\" target=\"_blank\" rel=\"noopener\"><img loading=\"lazy\" decoding=\"async\" width=\"444\" height=\"159\" src=\"https:\/\/www.labdoo.org\/global\/wp-content\/uploads\/sites\/9\/2020\/11\/button-create-school-es.png\" alt=\"\" class=\"wp-image-153\" srcset=\"https:\/\/www.labdoo.org\/global\/wp-content\/uploads\/sites\/9\/2020\/11\/button-create-school-es.png 444w, https:\/\/www.labdoo.org\/global\/wp-content\/uploads\/sites\/9\/2020\/11\/button-create-school-es-300x107.png 300w\" sizes=\"(max-width: 444px) 100vw, 444px\" \/><\/a><\/figure>\n\n\n\n<h4 class=\"wp-block-heading\">\u00bf<strong>Necesitas ordenadores para un proyecto o una escuela?<\/strong><\/h4>\n\n\n\n<p class=\"has-medium-font-size\">Nos encantar\u00eda poder ayudarte, proporcionando de forma  gratuita alguno de nuestros ordenadores educativos. Cont\u00e1ctanos!<\/p>\n<\/div>\n\n\n\n<div class=\"wp-block-column is-layout-flow wp-block-column-is-layout-flow\">\n<figure class=\"wp-block-image size-large\"><img loading=\"lazy\" decoding=\"async\" width=\"429\" height=\"166\" src=\"https:\/\/www.labdoo.org\/global\/wp-content\/uploads\/sites\/9\/2021\/02\/button-create-contact-es.png\" alt=\"\" class=\"wp-image-1630\" srcset=\"https:\/\/www.labdoo.org\/global\/wp-content\/uploads\/sites\/9\/2021\/02\/button-create-contact-es.png 429w, https:\/\/www.labdoo.org\/global\/wp-content\/uploads\/sites\/9\/2021\/02\/button-create-contact-es-300x116.png 300w\" sizes=\"(max-width: 429px) 100vw, 429px\" \/><\/figure>\n\n\n\n<h4 class=\"wp-block-heading\">\u00bf<strong>Quieres crear tu propio Hub? \u00bfTienes alguna otra pregunta?<\/strong><\/h4>\n\n\n\n<p class=\"has-medium-font-size\">Crea un Hub en tu ciudad, crea campa\u00f1as de comunicaci\u00f3n o si tienes alguna idea que puedas aportar, cont\u00e1ctanos.Siempre hay alguna forma en la que puedas ayudar!<\/p>\n<\/div>\n<\/div>\n\n\n\n<hr class=\"wp-block-separator has-text-color has-cyan-bluish-gray-color has-css-opacity has-cyan-bluish-gray-background-color has-background is-style-wide\"\/>\n\n\n\n<h2 class=\"wp-block-heading\">\u00bfQui\u00e9nes Somos?<\/h2>\n\n\n\n<div class=\"wp-block-columns is-layout-flex wp-container-core-columns-is-layout-9d6595d7 wp-block-columns-is-layout-flex\">\n<div class=\"wp-block-column is-layout-flow wp-block-column-is-layout-flow\">\n<p class=\"has-text-align-left has-medium-font-size\">Labdoo es una red social humanitaria fundada en 2010 con el sue\u00f1o de hacer la educaci\u00f3n accesible a cada ni\u00f1o y ni\u00f1a del planeta reutilizando ordenadores en desuso. Desde entonces Labdoo ha llegado a m\u00e1s de 135 pa\u00edses y ayuda a m\u00e1s de 600 mil estudiantes a trav\u00e9s de cientos de hubs y miles de voluntarios que colaboran recogiendo, preparando y transportando ordenadores a m\u00e1s de 2000 proyectos educativos.<\/p>\n\n\n\n<p class=\"has-text-align-left has-medium-font-size\">Todos los colaboradores de Labdoo ayudan de forma  altruista y ninguno de los voluntarios recibe a cambio nada m\u00e1s que la satisfacci\u00f3n de conseguir llevar la educaci\u00f3n a ni\u00f1os que de otra manera no podr\u00edan acceder a ella.<\/p>\n\n\n\n<p class=\"has-medium-font-size\">S\u00f3lo somos gente normal trabajando para un proyecto extraordinario, \u00fanete a nosotros!<\/p>\n<\/div>\n\n\n\n<div class=\"wp-block-column is-layout-flow wp-block-column-is-layout-flow\">\n<figure class=\"wp-block-image size-medium\"><img loading=\"lazy\" decoding=\"async\" width=\"300\" height=\"300\" src=\"https:\/\/www.labdoo.org\/global\/wp-content\/uploads\/sites\/9\/2021\/02\/WP_global_home_1-300x300.png\" alt=\"\" class=\"wp-image-1115\" srcset=\"https:\/\/www.labdoo.org\/global\/wp-content\/uploads\/sites\/9\/2021\/02\/WP_global_home_1-300x300.png 300w, https:\/\/www.labdoo.org\/global\/wp-content\/uploads\/sites\/9\/2021\/02\/WP_global_home_1-1024x1024.png 1024w, https:\/\/www.labdoo.org\/global\/wp-content\/uploads\/sites\/9\/2021\/02\/WP_global_home_1-150x150.png 150w, https:\/\/www.labdoo.org\/global\/wp-content\/uploads\/sites\/9\/2021\/02\/WP_global_home_1-768x768.png 768w, https:\/\/www.labdoo.org\/global\/wp-content\/uploads\/sites\/9\/2021\/02\/WP_global_home_1.png 1181w\" sizes=\"(max-width: 300px) 100vw, 300px\" \/><\/figure>\n<\/div>\n<\/div>\n\n\n\n<div class=\"wp-block-columns is-layout-flex wp-container-core-columns-is-layout-9d6595d7 wp-block-columns-is-layout-flex\">\n<div class=\"wp-block-column is-layout-flow wp-block-column-is-layout-flow\" style=\"flex-basis:100%\">\n<div class=\"wp-block-media-text alignwide is-stacked-on-mobile ticss-e1687588\" style=\"grid-template-columns:38% auto\"><figure class=\"wp-block-media-text__media\"><img loading=\"lazy\" decoding=\"async\" width=\"382\" height=\"270\" src=\"https:\/\/www.labdoo.org\/global\/wp-content\/uploads\/sites\/9\/2020\/12\/button-contribute-computer-de-1.png\" alt=\"\" class=\"wp-image-250 size-full\" srcset=\"https:\/\/www.labdoo.org\/global\/wp-content\/uploads\/sites\/9\/2020\/12\/button-contribute-computer-de-1.png 382w, https:\/\/www.labdoo.org\/global\/wp-content\/uploads\/sites\/9\/2020\/12\/button-contribute-computer-de-1-300x212.png 300w\" sizes=\"(max-width: 382px) 100vw, 382px\" \/><\/figure><div class=\"wp-block-media-text__content\">\n<h4 class=\"wp-block-heading\"><strong>Afrontando los Objetivos de Desarrollo Sostenible de la UNESCO<\/strong><\/h4>\n\n\n\n<p class=\"ticss-81ecbebb has-medium-font-size\">Labdoo dirige 8 de los 17 <a href=\"https:\/\/es.wikipedia.org\/wiki\/Objetivos_de_Desarrollo_Sostenible\" data-type=\"URL\" data-id=\"https:\/\/es.wikipedia.org\/wiki\/Objetivos_de_Desarrollo_Sostenible\" target=\"_blank\" rel=\"noopener\">Objetivos para el Desarrollo Sostenible (Sustainable Developement Goals)<\/a> definidos por las Naciones Unidas para la Agenda 2030.<\/p>\n\n\n\n<p class=\"ticss-81ecbebb has-medium-font-size\">Estos objetivos son un conjunto de prioridades globales para erradicar la pobreza, proteger el planeta y asegurar la paz y la prosperidad de sus habitantes.<\/p>\n<\/div><\/div>\n<\/div>\n<\/div>\n\n\n\n<figure class=\"wp-block-gallery aligncenter has-nested-images columns-8 is-cropped wp-block-gallery-1 is-layout-flex wp-block-gallery-is-layout-flex\">\n<figure class=\"wp-block-image size-large\"><img loading=\"lazy\" decoding=\"async\" width=\"1024\" height=\"1024\" data-id=\"233\" src=\"https:\/\/www.labdoo.org\/global\/wp-content\/uploads\/sites\/9\/2020\/12\/E_SDG-goals_icons-individual-rgb-04-1024x1024.png\" alt=\"\" class=\"wp-image-233\" srcset=\"https:\/\/www.labdoo.org\/global\/wp-content\/uploads\/sites\/9\/2020\/12\/E_SDG-goals_icons-individual-rgb-04-1024x1024.png 1024w, https:\/\/www.labdoo.org\/global\/wp-content\/uploads\/sites\/9\/2020\/12\/E_SDG-goals_icons-individual-rgb-04-300x300.png 300w, https:\/\/www.labdoo.org\/global\/wp-content\/uploads\/sites\/9\/2020\/12\/E_SDG-goals_icons-individual-rgb-04-150x150.png 150w, https:\/\/www.labdoo.org\/global\/wp-content\/uploads\/sites\/9\/2020\/12\/E_SDG-goals_icons-individual-rgb-04-768x768.png 768w, https:\/\/www.labdoo.org\/global\/wp-content\/uploads\/sites\/9\/2020\/12\/E_SDG-goals_icons-individual-rgb-04.png 1536w\" sizes=\"(max-width: 1024px) 100vw, 1024px\" \/><\/figure>\n\n\n\n<figure class=\"wp-block-image size-large\"><img loading=\"lazy\" decoding=\"async\" width=\"1024\" height=\"1024\" data-id=\"234\" src=\"https:\/\/www.labdoo.org\/global\/wp-content\/uploads\/sites\/9\/2020\/12\/E_SDG-goals_icons-individual-rgb-05-1024x1024.png\" alt=\"\" class=\"wp-image-234\" srcset=\"https:\/\/www.labdoo.org\/global\/wp-content\/uploads\/sites\/9\/2020\/12\/E_SDG-goals_icons-individual-rgb-05-1024x1024.png 1024w, https:\/\/www.labdoo.org\/global\/wp-content\/uploads\/sites\/9\/2020\/12\/E_SDG-goals_icons-individual-rgb-05-300x300.png 300w, https:\/\/www.labdoo.org\/global\/wp-content\/uploads\/sites\/9\/2020\/12\/E_SDG-goals_icons-individual-rgb-05-150x150.png 150w, https:\/\/www.labdoo.org\/global\/wp-content\/uploads\/sites\/9\/2020\/12\/E_SDG-goals_icons-individual-rgb-05-768x768.png 768w, https:\/\/www.labdoo.org\/global\/wp-content\/uploads\/sites\/9\/2020\/12\/E_SDG-goals_icons-individual-rgb-05.png 1536w\" sizes=\"(max-width: 1024px) 100vw, 1024px\" \/><\/figure>\n\n\n\n<figure class=\"wp-block-image size-large\"><img loading=\"lazy\" decoding=\"async\" width=\"1024\" height=\"1024\" data-id=\"235\" src=\"https:\/\/www.labdoo.org\/global\/wp-content\/uploads\/sites\/9\/2020\/12\/E_SDG-goals_icons-individual-rgb-09-1024x1024.png\" alt=\"\" class=\"wp-image-235\" srcset=\"https:\/\/www.labdoo.org\/global\/wp-content\/uploads\/sites\/9\/2020\/12\/E_SDG-goals_icons-individual-rgb-09-1024x1024.png 1024w, https:\/\/www.labdoo.org\/global\/wp-content\/uploads\/sites\/9\/2020\/12\/E_SDG-goals_icons-individual-rgb-09-300x300.png 300w, https:\/\/www.labdoo.org\/global\/wp-content\/uploads\/sites\/9\/2020\/12\/E_SDG-goals_icons-individual-rgb-09-150x150.png 150w, https:\/\/www.labdoo.org\/global\/wp-content\/uploads\/sites\/9\/2020\/12\/E_SDG-goals_icons-individual-rgb-09-768x768.png 768w, https:\/\/www.labdoo.org\/global\/wp-content\/uploads\/sites\/9\/2020\/12\/E_SDG-goals_icons-individual-rgb-09.png 1536w\" sizes=\"(max-width: 1024px) 100vw, 1024px\" \/><\/figure>\n\n\n\n<figure class=\"wp-block-image size-large\"><img loading=\"lazy\" decoding=\"async\" width=\"1024\" height=\"1024\" data-id=\"228\" src=\"https:\/\/www.labdoo.org\/global\/wp-content\/uploads\/sites\/9\/2020\/12\/E_SDG-goals_icons-individual-rgb-10-1024x1024.png\" alt=\"\" class=\"wp-image-228\" srcset=\"https:\/\/www.labdoo.org\/global\/wp-content\/uploads\/sites\/9\/2020\/12\/E_SDG-goals_icons-individual-rgb-10-1024x1024.png 1024w, https:\/\/www.labdoo.org\/global\/wp-content\/uploads\/sites\/9\/2020\/12\/E_SDG-goals_icons-individual-rgb-10-300x300.png 300w, https:\/\/www.labdoo.org\/global\/wp-content\/uploads\/sites\/9\/2020\/12\/E_SDG-goals_icons-individual-rgb-10-150x150.png 150w, https:\/\/www.labdoo.org\/global\/wp-content\/uploads\/sites\/9\/2020\/12\/E_SDG-goals_icons-individual-rgb-10-768x768.png 768w, https:\/\/www.labdoo.org\/global\/wp-content\/uploads\/sites\/9\/2020\/12\/E_SDG-goals_icons-individual-rgb-10.png 1536w\" sizes=\"(max-width: 1024px) 100vw, 1024px\" \/><\/figure>\n\n\n\n<figure class=\"wp-block-image size-large\"><img loading=\"lazy\" decoding=\"async\" width=\"1024\" height=\"1024\" data-id=\"229\" src=\"https:\/\/www.labdoo.org\/global\/wp-content\/uploads\/sites\/9\/2020\/12\/E_SDG-goals_icons-individual-rgb-11-1024x1024.png\" alt=\"\" class=\"wp-image-229\" srcset=\"https:\/\/www.labdoo.org\/global\/wp-content\/uploads\/sites\/9\/2020\/12\/E_SDG-goals_icons-individual-rgb-11-1024x1024.png 1024w, https:\/\/www.labdoo.org\/global\/wp-content\/uploads\/sites\/9\/2020\/12\/E_SDG-goals_icons-individual-rgb-11-300x300.png 300w, https:\/\/www.labdoo.org\/global\/wp-content\/uploads\/sites\/9\/2020\/12\/E_SDG-goals_icons-individual-rgb-11-150x150.png 150w, https:\/\/www.labdoo.org\/global\/wp-content\/uploads\/sites\/9\/2020\/12\/E_SDG-goals_icons-individual-rgb-11-768x768.png 768w, https:\/\/www.labdoo.org\/global\/wp-content\/uploads\/sites\/9\/2020\/12\/E_SDG-goals_icons-individual-rgb-11.png 1536w\" sizes=\"(max-width: 1024px) 100vw, 1024px\" \/><\/figure>\n\n\n\n<figure class=\"wp-block-image size-large\"><img loading=\"lazy\" decoding=\"async\" width=\"1024\" height=\"1024\" data-id=\"230\" src=\"https:\/\/www.labdoo.org\/global\/wp-content\/uploads\/sites\/9\/2020\/12\/E_SDG-goals_icons-individual-rgb-12-1024x1024.png\" alt=\"\" class=\"wp-image-230\" srcset=\"https:\/\/www.labdoo.org\/global\/wp-content\/uploads\/sites\/9\/2020\/12\/E_SDG-goals_icons-individual-rgb-12-1024x1024.png 1024w, https:\/\/www.labdoo.org\/global\/wp-content\/uploads\/sites\/9\/2020\/12\/E_SDG-goals_icons-individual-rgb-12-300x300.png 300w, https:\/\/www.labdoo.org\/global\/wp-content\/uploads\/sites\/9\/2020\/12\/E_SDG-goals_icons-individual-rgb-12-150x150.png 150w, https:\/\/www.labdoo.org\/global\/wp-content\/uploads\/sites\/9\/2020\/12\/E_SDG-goals_icons-individual-rgb-12-768x768.png 768w, https:\/\/www.labdoo.org\/global\/wp-content\/uploads\/sites\/9\/2020\/12\/E_SDG-goals_icons-individual-rgb-12.png 1536w\" sizes=\"(max-width: 1024px) 100vw, 1024px\" \/><\/figure>\n\n\n\n<figure class=\"wp-block-image size-large\"><img loading=\"lazy\" decoding=\"async\" width=\"1024\" height=\"1024\" data-id=\"231\" src=\"https:\/\/www.labdoo.org\/global\/wp-content\/uploads\/sites\/9\/2020\/12\/E_SDG-goals_icons-individual-rgb-15-1024x1024.png\" alt=\"\" class=\"wp-image-231\" srcset=\"https:\/\/www.labdoo.org\/global\/wp-content\/uploads\/sites\/9\/2020\/12\/E_SDG-goals_icons-individual-rgb-15-1024x1024.png 1024w, https:\/\/www.labdoo.org\/global\/wp-content\/uploads\/sites\/9\/2020\/12\/E_SDG-goals_icons-individual-rgb-15-300x300.png 300w, https:\/\/www.labdoo.org\/global\/wp-content\/uploads\/sites\/9\/2020\/12\/E_SDG-goals_icons-individual-rgb-15-150x150.png 150w, https:\/\/www.labdoo.org\/global\/wp-content\/uploads\/sites\/9\/2020\/12\/E_SDG-goals_icons-individual-rgb-15-768x768.png 768w, https:\/\/www.labdoo.org\/global\/wp-content\/uploads\/sites\/9\/2020\/12\/E_SDG-goals_icons-individual-rgb-15.png 1536w\" sizes=\"(max-width: 1024px) 100vw, 1024px\" \/><\/figure>\n\n\n\n<figure class=\"wp-block-image size-large\"><img loading=\"lazy\" decoding=\"async\" width=\"1024\" height=\"1024\" data-id=\"232\" src=\"https:\/\/www.labdoo.org\/global\/wp-content\/uploads\/sites\/9\/2020\/12\/E_SDG-goals_icons-individual-rgb-17-1024x1024.png\" alt=\"\" class=\"wp-image-232\" srcset=\"https:\/\/www.labdoo.org\/global\/wp-content\/uploads\/sites\/9\/2020\/12\/E_SDG-goals_icons-individual-rgb-17-1024x1024.png 1024w, https:\/\/www.labdoo.org\/global\/wp-content\/uploads\/sites\/9\/2020\/12\/E_SDG-goals_icons-individual-rgb-17-300x300.png 300w, https:\/\/www.labdoo.org\/global\/wp-content\/uploads\/sites\/9\/2020\/12\/E_SDG-goals_icons-individual-rgb-17-150x150.png 150w, https:\/\/www.labdoo.org\/global\/wp-content\/uploads\/sites\/9\/2020\/12\/E_SDG-goals_icons-individual-rgb-17-768x768.png 768w, https:\/\/www.labdoo.org\/global\/wp-content\/uploads\/sites\/9\/2020\/12\/E_SDG-goals_icons-individual-rgb-17.png 1536w\" sizes=\"(max-width: 1024px) 100vw, 1024px\" \/><\/figure>\n<\/figure>\n\n\n\n","protected":false},"excerpt":{"rendered":"<p>Qu\u00e9 es Labdoo.org Labdoo es una red social humanitaria donde gente de todo el mundo colabora para reconvertir ordenadores usados en dispositivos educativos, llev\u00e1ndolos a escuelas de una forma CO2 neutral. C\u00f3mo puedes formar parte \u00danete a un hub cercano o crea tu propio hub. Dona tu ordenador usado o ay\u00fadanos a recolectarlos. Ayuda transportando [&hellip;]<\/p>\n","protected":false},"author":2,"featured_media":0,"parent":0,"menu_order":0,"comment_status":"closed","ping_status":"closed","template":"","meta":{"footnotes":""},"class_list":["post-1580","page","type-page","status-publish","hentry"],"_links":{"self":[{"href":"https:\/\/www.labdoo.org\/global\/wp-json\/wp\/v2\/pages\/1580","targetHints":{"allow":["GET"]}}],"collection":[{"href":"https:\/\/www.labdoo.org\/global\/wp-json\/wp\/v2\/pages"}],"about":[{"href":"https:\/\/www.labdoo.org\/global\/wp-json\/wp\/v2\/types\/page"}],"author":[{"embeddable":true,"href":"https:\/\/www.labdoo.org\/global\/wp-json\/wp\/v2\/users\/2"}],"replies":[{"embeddable":true,"href":"https:\/\/www.labdoo.org\/global\/wp-json\/wp\/v2\/comments?post=1580"}],"version-history":[{"count":39,"href":"https:\/\/www.labdoo.org\/global\/wp-json\/wp\/v2\/pages\/1580\/revisions"}],"predecessor-version":[{"id":2090,"href":"https:\/\/www.labdoo.org\/global\/wp-json\/wp\/v2\/pages\/1580\/revisions\/2090"}],"wp:attachment":[{"href":"https:\/\/www.labdoo.org\/global\/wp-json\/wp\/v2\/media?parent=1580"}],"curies":[{"name":"wp","href":"https:\/\/api.w.org\/{rel}","templated":true}]}}