{"id":1529,"date":"2021-02-09T20:04:42","date_gmt":"2021-02-09T20:04:42","guid":{"rendered":"https:\/\/www.labdoo.org\/global\/?page_id=1529"},"modified":"2026-02-10T06:11:54","modified_gmt":"2026-02-10T06:11:54","slug":"home","status":"publish","type":"page","link":"https:\/\/www.labdoo.org\/global\/de\/","title":{"rendered":"Home"},"content":{"rendered":"<div class=\"wp-block-columns is-layout-flex wp-container-core-columns-is-layout-9d6595d7 wp-block-columns-is-layout-flex\">\n<div class=\"wp-block-column is-layout-flow wp-block-column-is-layout-flow\">\n<h2 class=\"wp-block-heading\">Wof\u00fcr steht Labdoo.org<\/h2>\n\n\n\n<h4 class=\"wp-block-heading\">Labdoo ist eine gemeinn\u00fctzige Plattform auf der Menschen weltweit zusammenarbeiten um ungenutzte Laptops mit leistungsf\u00e4higer Bildungssoftware auszustatten und CO2-neutral zu bed\u00fcrftigen Schulen in der ganzen Welt zu bringen. <\/h4>\n<\/div>\n\n\n\n<div class=\"wp-block-column is-layout-flow wp-block-column-is-layout-flow\">\n<h2 class=\"wp-block-heading\">Wie kann man beitragen?<\/h2>\n\n\n\n<h4 class=\"wp-block-heading\">Werde Mitglied eines Labdoo Standortes in deiner N\u00e4he oder gr\u00fcnde einen eigenen, spende oder sammle ungenutzte Laptops, bringe die Laptops zu einer Schule oder erz\u00e4hl einfach anderen von Labdoo\u2026 Es gibt viele M\u00f6glichkeiten die du ehrenamtlich f\u00fcr Labdoo machen kannst.<\/h4>\n<\/div>\n<\/div>\n\n\n\n<div class=\"wp-block-columns is-layout-flex wp-container-core-columns-is-layout-9d6595d7 wp-block-columns-is-layout-flex\">\n<div class=\"wp-block-column is-layout-flow wp-block-column-is-layout-flow\" style=\"flex-basis:65%\">\n<div class=\"video_wrapper\">\n<iframe src=\"https:\/\/www.youtube.com\/embed\/S2WaQBPB1OE\" allow=\"accelerometer; autoplay; clipboard-write; encrypted-media; gyroscope; picture-in-picture\" allowfullscreen=\"\" width=\"853\" height=\"480\" frameborder=\"0\"><\/iframe><\/div>\n<\/div>\n\n\n\n<div class=\"wp-block-column ticss-f419c841 is-layout-flow wp-block-column-is-layout-flow\" style=\"flex-basis:25%\">\n<h2 class=\"wp-block-heading\">K\u00fcrzlich geschehen <\/h2>\n\n\n\n<div class=\"row\">          <div class=\"column\"><img decoding=\"async\" src=\"\/wp-content\/uploads\/events_icons\/laptop-simple.png.jpg\" alt=\"tag\" width=\"50px\" height=\"50px\"><\/div>          <div class=\"column2\">          <b style=\"font-size:14px\" class=\"card-text\">1 hour 2 min ago <\/b>        <h6 style=\"padding:0\" class=\"card-text\">M&uuml;lheim an der Ruhr,  Germany<\/h6>          <a href=\"https:\/\/platform.labdoo.org\/node\/251950\" target=\"_blank\" rel=\"noopener\">Laptop 000063150 was tagged<\/a>      <br style=\"margin-bottom:8px\">      <br>      <\/div>    <\/div>         <div class=\"row\">          <div class=\"column\"><img decoding=\"async\" src=\"\/wp-content\/uploads\/events_icons\/laptop-simple.png.jpg\" alt=\"tag\" width=\"50px\" height=\"50px\"><\/div>          <div class=\"column2\">          <b style=\"font-size:14px\" class=\"card-text\">4 hours 10 min ago <\/b>        <h6 style=\"padding:0\" class=\"card-text\">M&uuml;lheim an der Ruhr,  Germany<\/h6>          <a href=\"https:\/\/platform.labdoo.org\/node\/251948\" target=\"_blank\" rel=\"noopener\">Laptop 000063149 was tagged<\/a>      <br style=\"margin-bottom:8px\">      <br>      <\/div>    <\/div>         <div class=\"row\">          <div class=\"column\"><img decoding=\"async\" src=\"\/wp-content\/uploads\/events_icons\/laptop-dootripped.png.jpg\" alt=\"tag\" width=\"50px\" height=\"50px\"><\/div>          <div class=\"column2\">          <b style=\"font-size:14px\" class=\"card-text\">5 hours 26 min ago <\/b>        <h6 style=\"padding:0\" class=\"card-text\">Ngambe,  Cameroon<\/h6>          <a href=\"https:\/\/platform.labdoo.org\/node\/250712\" target=\"_blank\" rel=\"noopener\">Laptop 000062706 has started its journey to an edoovillage<\/a>      <br style=\"margin-bottom:8px\">      <br>      <\/div>    <\/div>         <div class=\"row\">          <div class=\"column\"><img decoding=\"async\" src=\"\/wp-content\/uploads\/events_icons\/laptop-simple.png.jpg\" alt=\"tag\" width=\"50px\" height=\"50px\"><\/div>          <div class=\"column2\">          <b style=\"font-size:14px\" class=\"card-text\">5 hours 28 min ago <\/b>        <h6 style=\"padding:0\" class=\"card-text\">M&uuml;lheim an der Ruhr,  Germany<\/h6>          <a href=\"https:\/\/platform.labdoo.org\/node\/251945\" target=\"_blank\" rel=\"noopener\">Laptop 000063148 was tagged<\/a>      <br style=\"margin-bottom:8px\">      <br>      <\/div>    <\/div>\n\n\n\n<div style=\"height:14px\" aria-hidden=\"true\" class=\"wp-block-spacer\"><\/div>\n\n\n\n<p><a href=\"https:\/\/platform.labdoo.org\/actions\" data-type=\"URL\" data-id=\"https:\/\/platform.labdoo.org\/actions\" target=\"_blank\" rel=\"noopener\">Mehr Aktivit\u00e4te sehen\u2026<\/a><\/p>\n<\/div>\n<\/div>\n\n\n\n<hr class=\"wp-block-separator has-text-color has-cyan-bluish-gray-color has-css-opacity has-cyan-bluish-gray-background-color has-background is-style-wide\"\/>\n\n\n\n<h2 class=\"wp-block-heading\">Einige unserer Projekte<\/h2>\n\n\n\n<p class=\"has-medium-font-size\">Dies sind nur einige Beispiele von vielen der mehr als 2000 Schulen die Labdoo mit p\u00e4dagogischen Laptops unterst\u00fctzt. Du kannst die gesamte Liste einsehen auf unsere <a href=\"https:\/\/platform.labdoo.org\/content\/edoovillages-dashboard\" target=\"_blank\" rel=\"noopener\">schools dashboard<\/a>.<\/p>\n\n\n\n<div class=\"wp-block-columns is-layout-flex wp-container-core-columns-is-layout-9d6595d7 wp-block-columns-is-layout-flex\">\n<div class=\"wp-block-column is-layout-flow wp-block-column-is-layout-flow\">\n<figure class=\"wp-block-image size-full\"><img fetchpriority=\"high\" decoding=\"async\" width=\"800\" height=\"600\" src=\"https:\/\/www.labdoo.org\/global\/wp-content\/uploads\/sites\/9\/2021\/02\/WP_global_proj_1_res-e1612475971544.jpg\" alt=\"\" class=\"wp-image-1371\"\/><\/figure>\n\n\n\n<h4 class=\"wp-block-heading\"><a href=\"https:\/\/platform.labdoo.org\/edoovillage?e=25578\" data-type=\"URL\" data-id=\"https:\/\/platform.labdoo.org\/edoovillage?e=25578\" target=\"_blank\" rel=\"noopener\"><strong>Gujranwala, Pakistan: Zephaniah Free School<\/strong><\/a><\/h4>\n\n\n\n<p class=\"has-medium-font-size\">Unterst\u00fctzung von Zephaniah Education<strong> <\/strong>um den Status der M\u00e4dchen und Frauen durch Bildung und \u00dcbertragung von Verantwortung zu verbessern.<\/p>\n<\/div>\n\n\n\n<div class=\"wp-block-column is-layout-flow wp-block-column-is-layout-flow\">\n<figure class=\"wp-block-image size-full ticss-d89ae85c\"><img decoding=\"async\" width=\"800\" height=\"600\" src=\"https:\/\/www.labdoo.org\/global\/wp-content\/uploads\/sites\/9\/2021\/02\/WP_global_proj_2-e1612475316892.jpg\" alt=\"\" class=\"wp-image-1362\"\/><\/figure>\n\n\n\n<h4 class=\"wp-block-heading\"><a href=\"https:\/\/platform.labdoo.org\/edoovillage?e=33423\" data-type=\"URL\" data-id=\"https:\/\/platform.labdoo.org\/edoovillage?e=33423\" target=\"_blank\" rel=\"noopener\"><strong>Nyilima, Kenya: Kar Geno International Program<\/strong><\/a><\/h4>\n\n\n\n<p class=\"has-medium-font-size\">In zusammenarbeit mit  kargeno.org um Schulen in Entwicklungsl\u00e4ndern die M\u00f6glichkeit sich mit Lehrer auszutauschen und von Partnerschulen in weiterentwickelten L\u00e4ndern zu lernen.<\/p>\n<\/div>\n\n\n\n<div class=\"wp-block-column is-layout-flow wp-block-column-is-layout-flow\">\n<figure class=\"wp-block-image size-full ticss-f09179b6\"><img decoding=\"async\" width=\"800\" height=\"600\" src=\"https:\/\/www.labdoo.org\/global\/wp-content\/uploads\/sites\/9\/2021\/02\/WP_global_proj_3-e1612475395301.jpg\" alt=\"\" class=\"wp-image-1365\"\/><\/figure>\n\n\n\n<h4 class=\"wp-block-heading\"><a href=\"https:\/\/platform.labdoo.org\/edoovillage?e=31626\" data-type=\"URL\" data-id=\"https:\/\/platform.labdoo.org\/edoovillage?e=31626\" target=\"_blank\" rel=\"noopener\"><strong>India, Tiruvannamalai: Arunachala Rising Sun<\/strong> <\/a><\/h4>\n\n\n\n<p class=\"has-medium-font-size\">Um 530 Kindern zu ermutigen und ihnen die n\u00f6tige Bildungsunterst\u00fctzung zu geben werden 8 Nachmittagsschulen in den Slums von Tiruvannamalai mit Laptops versorgt. <\/p>\n<\/div>\n<\/div>\n\n\n\n<hr class=\"wp-block-separator has-text-color has-cyan-bluish-gray-color has-css-opacity has-cyan-bluish-gray-background-color has-background is-style-wide\"\/>\n\n\n\n<h2 class=\"wp-block-heading\">Mitmachen<\/h2>\n\n\n\n\n\n\n\n<div class=\"wp-block-columns is-layout-flex wp-container-core-columns-is-layout-9d6595d7 wp-block-columns-is-layout-flex\">\n<div class=\"wp-block-column is-layout-flow wp-block-column-is-layout-flow\">\n<figure class=\"wp-block-image size-large\"><a href=\"https:\/\/platform.labdoo.org\/de\/content\/contact-labdoo?re=0\" target=\"_blank\" rel=\"noopener\"><img loading=\"lazy\" decoding=\"async\" width=\"454\" height=\"175\" src=\"https:\/\/www.labdoo.org\/global\/wp-content\/uploads\/sites\/9\/2021\/02\/button-contribute-computer-de.png.jpg\" alt=\"\" class=\"wp-image-1548\" srcset=\"https:\/\/www.labdoo.org\/global\/wp-content\/uploads\/sites\/9\/2021\/02\/button-contribute-computer-de.png.jpg 454w, https:\/\/www.labdoo.org\/global\/wp-content\/uploads\/sites\/9\/2021\/02\/button-contribute-computer-de.png-300x116.jpg 300w\" sizes=\"(max-width: 454px) 100vw, 454px\" \/><\/a><\/figure>\n\n\n\n<h4 class=\"wp-block-heading\"><strong>Du hast einen Laptop oder ein Tablet welches du nicht mehr nutzt?<\/strong><\/h4>\n\n\n\n<div style=\"height:23px\" aria-hidden=\"true\" class=\"wp-block-spacer\"><\/div>\n\n\n\n<p class=\"has-medium-font-size\">Spende das Ger\u00e4t \u00fcber die Labdoo Plattform. Es wird dann mit leistungsstarker Bildungssoftware \u00fcberspielt und zu einer bed\u00fcrftigen Schule gebracht.<\/p>\n<\/div>\n\n\n\n<div class=\"wp-block-column ticss-aa0207a2 is-layout-flow wp-block-column-is-layout-flow\">\n<figure class=\"wp-block-image size-large\"><a href=\"https:\/\/platform.labdoo.org\/de\/content\/contact-labdoo?re=1\" target=\"_blank\" rel=\"noopener\"><img loading=\"lazy\" decoding=\"async\" width=\"503\" height=\"193\" src=\"https:\/\/www.labdoo.org\/global\/wp-content\/uploads\/sites\/9\/2021\/02\/button-contribute-dootrip-de.png.jpg\" alt=\"\" class=\"wp-image-1549\" srcset=\"https:\/\/www.labdoo.org\/global\/wp-content\/uploads\/sites\/9\/2021\/02\/button-contribute-dootrip-de.png.jpg 503w, https:\/\/www.labdoo.org\/global\/wp-content\/uploads\/sites\/9\/2021\/02\/button-contribute-dootrip-de.png-300x115.jpg 300w\" sizes=\"(max-width: 503px) 100vw, 503px\" \/><\/a><\/figure>\n\n\n\n<h4 class=\"wp-block-heading\"><strong>Du wirst reisen und w\u00fcrdest gern ein Laptop mit zu einer Schule nehmen?<\/strong><\/h4>\n\n\n\n<p class=\"has-medium-font-size\">Egal ob du in den Urlaub reist oder f\u00fcr eine NGO auf eine Dienstreise gehst, melde dich bei Labdoo und wir vermitteln dich zu einer Schule an deinem Reiseziel wo du den p\u00e4dagogischen Laptop hinbringen kannst.<\/p>\n<\/div>\n\n\n\n<div class=\"wp-block-column ticss-26d0ac18 is-layout-flow wp-block-column-is-layout-flow\">\n<figure class=\"wp-block-image size-large\"><a href=\"https:\/\/platform.labdoo.org\/de\/content\/contact-labdoo?re=3\" target=\"_blank\" rel=\"noopener\"><img loading=\"lazy\" decoding=\"async\" width=\"498\" height=\"187\" src=\"https:\/\/www.labdoo.org\/global\/wp-content\/uploads\/sites\/9\/2021\/02\/button-create-school-de.png.jpg\" alt=\"\" class=\"wp-image-1550\" srcset=\"https:\/\/www.labdoo.org\/global\/wp-content\/uploads\/sites\/9\/2021\/02\/button-create-school-de.png.jpg 498w, https:\/\/www.labdoo.org\/global\/wp-content\/uploads\/sites\/9\/2021\/02\/button-create-school-de.png-300x113.jpg 300w\" sizes=\"(max-width: 498px) 100vw, 498px\" \/><\/a><\/figure>\n\n\n\n<h4 class=\"wp-block-heading\"><strong>Du brauchst einen Laptop f\u00fcr eine Schule oder Bildungseinrichtung?<\/strong><\/h4>\n\n\n\n<div style=\"height:23px\" aria-hidden=\"true\" class=\"wp-block-spacer\"><\/div>\n\n\n\n<p class=\"has-medium-font-size\">Wir freuen uns dich zu unterst\u00fctzen indem wir wir genutzte p\u00e4dagogische Laptops kostenlos zur Verf\u00fcgung stellen k\u00f6nnen.<\/p>\n<\/div>\n\n\n\n<div class=\"wp-block-column is-layout-flow wp-block-column-is-layout-flow\">\n<figure class=\"wp-block-image size-large\"><a href=\"https:\/\/platform.labdoo.org\/de\/content\/zu-labdoo\" target=\"_blank\" rel=\"noopener\"><img loading=\"lazy\" decoding=\"async\" width=\"499\" height=\"189\" src=\"https:\/\/www.labdoo.org\/global\/wp-content\/uploads\/sites\/9\/2021\/02\/button-learn-how-it-works-de.png.jpg\" alt=\"\" class=\"wp-image-1551\" srcset=\"https:\/\/www.labdoo.org\/global\/wp-content\/uploads\/sites\/9\/2021\/02\/button-learn-how-it-works-de.png.jpg 499w, https:\/\/www.labdoo.org\/global\/wp-content\/uploads\/sites\/9\/2021\/02\/button-learn-how-it-works-de.png-300x114.jpg 300w\" sizes=\"(max-width: 499px) 100vw, 499px\" \/><\/a><\/figure>\n\n\n\n<h4 class=\"wp-block-heading\"><strong>Du m\u00f6chtest gern einen eigenen Labdoo Standort gr\u00fcnden oder hast andere Fragen an Labdoo?<\/strong><\/h4>\n\n\n\n<p class=\"has-medium-font-size\">Du m\u00f6chtest selber Teil des Labdoo Projektes werden? Gr\u00fcnde einen eigenen Standort, veranstalte lokale Events in deiner Umgebung, teile die Idee\u2026 Es gibt immer einen Weg wie du helfen kannst!<\/p>\n<\/div>\n<\/div>\n\n\n\n<hr class=\"wp-block-separator has-text-color has-cyan-bluish-gray-color has-css-opacity has-cyan-bluish-gray-background-color has-background is-style-wide\"\/>\n\n\n\n<h2 class=\"wp-block-heading\">Wer wir sind<\/h2>\n\n\n\n<div class=\"wp-block-columns is-layout-flex wp-container-core-columns-is-layout-9d6595d7 wp-block-columns-is-layout-flex\">\n<div class=\"wp-block-column is-layout-flow wp-block-column-is-layout-flow\">\n<p class=\"has-medium-font-size\">Labdoo ist ein global agierendes Projekt, welches vor 10 Jahren gegr\u00fcndet wurde mit der Vision, Bildung f\u00fcr jedes Kind auf der Erde zug\u00e4nglich zu machen durch umfunktionierte Computerger\u00e4te.&nbsp;<\/p>\n\n\n\n<p class=\"has-medium-font-size\">Seitdem hat sich Labdoo in \u00fcber mehr als 150 L\u00e4nder verbreitet und schon mehr als 1.000.0000 Sch\u00fcler*innen unterst\u00fctzt durch hunderte Standorte und tausende freiwillige Helfer*innen die sich engagieren um die Endger\u00e4te zu sammeln, umzur\u00fcsten und zu mehr als 3000 Schulen weltweit zu bringen.\u00a0<\/p>\n\n\n\n<p class=\"has-medium-font-size\">Jeder der beim Labdoo Projekt mitmacht ist freiwillig dabei und keiner unserer Mitglieder*innen erh\u00e4lt eine Verg\u00fctung f\u00fcr den Aufwand, au\u00dfer die Genugtuung die Freude der Kinder miterleben zu k\u00f6nnen wenn diese&nbsp; Bildung erhalten.<\/p>\n\n\n\n<p class=\"has-medium-font-size\">Wir sind nur gew\u00f6hnliche Leute die f\u00fcr eine au\u00dfergew\u00f6hnliche Sache arbeiten. Mach mit!<\/p>\n\n\n\n\n<\/div>\n\n\n\n<div class=\"wp-block-column is-layout-flow wp-block-column-is-layout-flow\">\n<figure class=\"wp-block-image size-medium\"><img loading=\"lazy\" decoding=\"async\" width=\"300\" height=\"300\" src=\"https:\/\/www.labdoo.org\/global\/wp-content\/uploads\/sites\/9\/2021\/02\/WP_global_home_1-300x300.png\" alt=\"\" class=\"wp-image-1115\" srcset=\"https:\/\/www.labdoo.org\/global\/wp-content\/uploads\/sites\/9\/2021\/02\/WP_global_home_1-300x300.png 300w, https:\/\/www.labdoo.org\/global\/wp-content\/uploads\/sites\/9\/2021\/02\/WP_global_home_1-1024x1024.png 1024w, https:\/\/www.labdoo.org\/global\/wp-content\/uploads\/sites\/9\/2021\/02\/WP_global_home_1-150x150.png 150w, https:\/\/www.labdoo.org\/global\/wp-content\/uploads\/sites\/9\/2021\/02\/WP_global_home_1-768x768.png 768w, https:\/\/www.labdoo.org\/global\/wp-content\/uploads\/sites\/9\/2021\/02\/WP_global_home_1.png 1181w\" sizes=\"(max-width: 300px) 100vw, 300px\" \/><\/figure>\n<\/div>\n<\/div>\n\n\n\n<div class=\"wp-block-columns is-layout-flex wp-container-core-columns-is-layout-9d6595d7 wp-block-columns-is-layout-flex\">\n<div class=\"wp-block-column is-layout-flow wp-block-column-is-layout-flow\" style=\"flex-basis:100%\">\n<div class=\"wp-block-media-text alignwide is-stacked-on-mobile ticss-e1687588\" style=\"grid-template-columns:33% auto\"><figure class=\"wp-block-media-text__media\"><img loading=\"lazy\" decoding=\"async\" width=\"382\" height=\"270\" src=\"https:\/\/www.labdoo.org\/global\/wp-content\/uploads\/sites\/9\/2020\/12\/button-contribute-computer-de-1.png\" alt=\"\" class=\"wp-image-250 size-full\" srcset=\"https:\/\/www.labdoo.org\/global\/wp-content\/uploads\/sites\/9\/2020\/12\/button-contribute-computer-de-1.png 382w, https:\/\/www.labdoo.org\/global\/wp-content\/uploads\/sites\/9\/2020\/12\/button-contribute-computer-de-1-300x212.png 300w\" sizes=\"(max-width: 382px) 100vw, 382px\" \/><\/figure><div class=\"wp-block-media-text__content\">\n<h4 class=\"wp-block-heading\"><strong><strong>Wir unterst\u00fctzen die \u201cUN Ziele f\u00fcr nachhaltige Entwicklung\u201d<\/strong><\/strong><\/h4>\n\n\n\n<p class=\"has-medium-font-size\">Labdoo unterst\u00fctzt 8 der 17 SDGs (<a href=\"https:\/\/www.globalgoals.org\/\" target=\"_blank\" rel=\"noreferrer noopener\">Sustainable Development Goals<\/a> \/ <a href=\"https:\/\/de.wikipedia.org\/wiki\/Ziele_f%C3%BCr_nachhaltige_Entwicklung\" target=\"_blank\" rel=\"noreferrer noopener\">Ziele der UN f\u00fcr nachhaltige Entwicklung der Agenda 2030<\/a>)<\/p>\n\n\n\n<p class=\"has-medium-font-size\">Zentrale Aspekte der Ziele sind f\u00fcr uns dabei gute Bildung, Chancengleichheit f\u00fcr alle, Jungen und M\u00e4dchen, Reduzierung von Ungleichgewichten sowie nachhaltiges Management von nat\u00fcrlichen Ressourcen.<\/p>\n<\/div><\/div>\n<\/div>\n<\/div>\n\n\n\n<figure class=\"wp-block-gallery aligncenter has-nested-images columns-8 is-cropped wp-block-gallery-1 is-layout-flex wp-block-gallery-is-layout-flex\">\n<figure class=\"wp-block-image size-large\"><img loading=\"lazy\" decoding=\"async\" width=\"1024\" height=\"1024\" data-id=\"233\" src=\"https:\/\/www.labdoo.org\/global\/wp-content\/uploads\/sites\/9\/2020\/12\/E_SDG-goals_icons-individual-rgb-04-1024x1024.png\" alt=\"\" class=\"wp-image-233\" srcset=\"https:\/\/www.labdoo.org\/global\/wp-content\/uploads\/sites\/9\/2020\/12\/E_SDG-goals_icons-individual-rgb-04-1024x1024.png 1024w, https:\/\/www.labdoo.org\/global\/wp-content\/uploads\/sites\/9\/2020\/12\/E_SDG-goals_icons-individual-rgb-04-300x300.png 300w, https:\/\/www.labdoo.org\/global\/wp-content\/uploads\/sites\/9\/2020\/12\/E_SDG-goals_icons-individual-rgb-04-150x150.png 150w, https:\/\/www.labdoo.org\/global\/wp-content\/uploads\/sites\/9\/2020\/12\/E_SDG-goals_icons-individual-rgb-04-768x768.png 768w, https:\/\/www.labdoo.org\/global\/wp-content\/uploads\/sites\/9\/2020\/12\/E_SDG-goals_icons-individual-rgb-04.png 1536w\" sizes=\"(max-width: 1024px) 100vw, 1024px\" \/><\/figure>\n\n\n\n<figure class=\"wp-block-image size-large\"><img loading=\"lazy\" decoding=\"async\" width=\"1024\" height=\"1024\" data-id=\"234\" src=\"https:\/\/www.labdoo.org\/global\/wp-content\/uploads\/sites\/9\/2020\/12\/E_SDG-goals_icons-individual-rgb-05-1024x1024.png\" alt=\"\" class=\"wp-image-234\" srcset=\"https:\/\/www.labdoo.org\/global\/wp-content\/uploads\/sites\/9\/2020\/12\/E_SDG-goals_icons-individual-rgb-05-1024x1024.png 1024w, https:\/\/www.labdoo.org\/global\/wp-content\/uploads\/sites\/9\/2020\/12\/E_SDG-goals_icons-individual-rgb-05-300x300.png 300w, https:\/\/www.labdoo.org\/global\/wp-content\/uploads\/sites\/9\/2020\/12\/E_SDG-goals_icons-individual-rgb-05-150x150.png 150w, https:\/\/www.labdoo.org\/global\/wp-content\/uploads\/sites\/9\/2020\/12\/E_SDG-goals_icons-individual-rgb-05-768x768.png 768w, https:\/\/www.labdoo.org\/global\/wp-content\/uploads\/sites\/9\/2020\/12\/E_SDG-goals_icons-individual-rgb-05.png 1536w\" sizes=\"(max-width: 1024px) 100vw, 1024px\" \/><\/figure>\n\n\n\n<figure class=\"wp-block-image size-large\"><img loading=\"lazy\" decoding=\"async\" width=\"1024\" height=\"1024\" data-id=\"235\" src=\"https:\/\/www.labdoo.org\/global\/wp-content\/uploads\/sites\/9\/2020\/12\/E_SDG-goals_icons-individual-rgb-09-1024x1024.png\" alt=\"\" class=\"wp-image-235\" srcset=\"https:\/\/www.labdoo.org\/global\/wp-content\/uploads\/sites\/9\/2020\/12\/E_SDG-goals_icons-individual-rgb-09-1024x1024.png 1024w, https:\/\/www.labdoo.org\/global\/wp-content\/uploads\/sites\/9\/2020\/12\/E_SDG-goals_icons-individual-rgb-09-300x300.png 300w, https:\/\/www.labdoo.org\/global\/wp-content\/uploads\/sites\/9\/2020\/12\/E_SDG-goals_icons-individual-rgb-09-150x150.png 150w, https:\/\/www.labdoo.org\/global\/wp-content\/uploads\/sites\/9\/2020\/12\/E_SDG-goals_icons-individual-rgb-09-768x768.png 768w, https:\/\/www.labdoo.org\/global\/wp-content\/uploads\/sites\/9\/2020\/12\/E_SDG-goals_icons-individual-rgb-09.png 1536w\" sizes=\"(max-width: 1024px) 100vw, 1024px\" \/><\/figure>\n\n\n\n<figure class=\"wp-block-image size-large\"><img loading=\"lazy\" decoding=\"async\" width=\"1024\" height=\"1024\" data-id=\"228\" src=\"https:\/\/www.labdoo.org\/global\/wp-content\/uploads\/sites\/9\/2020\/12\/E_SDG-goals_icons-individual-rgb-10-1024x1024.png\" alt=\"\" class=\"wp-image-228\" srcset=\"https:\/\/www.labdoo.org\/global\/wp-content\/uploads\/sites\/9\/2020\/12\/E_SDG-goals_icons-individual-rgb-10-1024x1024.png 1024w, https:\/\/www.labdoo.org\/global\/wp-content\/uploads\/sites\/9\/2020\/12\/E_SDG-goals_icons-individual-rgb-10-300x300.png 300w, https:\/\/www.labdoo.org\/global\/wp-content\/uploads\/sites\/9\/2020\/12\/E_SDG-goals_icons-individual-rgb-10-150x150.png 150w, https:\/\/www.labdoo.org\/global\/wp-content\/uploads\/sites\/9\/2020\/12\/E_SDG-goals_icons-individual-rgb-10-768x768.png 768w, https:\/\/www.labdoo.org\/global\/wp-content\/uploads\/sites\/9\/2020\/12\/E_SDG-goals_icons-individual-rgb-10.png 1536w\" sizes=\"(max-width: 1024px) 100vw, 1024px\" \/><\/figure>\n\n\n\n<figure class=\"wp-block-image size-large\"><img loading=\"lazy\" decoding=\"async\" width=\"1024\" height=\"1024\" data-id=\"229\" src=\"https:\/\/www.labdoo.org\/global\/wp-content\/uploads\/sites\/9\/2020\/12\/E_SDG-goals_icons-individual-rgb-11-1024x1024.png\" alt=\"\" class=\"wp-image-229\" srcset=\"https:\/\/www.labdoo.org\/global\/wp-content\/uploads\/sites\/9\/2020\/12\/E_SDG-goals_icons-individual-rgb-11-1024x1024.png 1024w, https:\/\/www.labdoo.org\/global\/wp-content\/uploads\/sites\/9\/2020\/12\/E_SDG-goals_icons-individual-rgb-11-300x300.png 300w, https:\/\/www.labdoo.org\/global\/wp-content\/uploads\/sites\/9\/2020\/12\/E_SDG-goals_icons-individual-rgb-11-150x150.png 150w, https:\/\/www.labdoo.org\/global\/wp-content\/uploads\/sites\/9\/2020\/12\/E_SDG-goals_icons-individual-rgb-11-768x768.png 768w, https:\/\/www.labdoo.org\/global\/wp-content\/uploads\/sites\/9\/2020\/12\/E_SDG-goals_icons-individual-rgb-11.png 1536w\" sizes=\"(max-width: 1024px) 100vw, 1024px\" \/><\/figure>\n\n\n\n<figure class=\"wp-block-image size-large\"><img loading=\"lazy\" decoding=\"async\" width=\"1024\" height=\"1024\" data-id=\"230\" src=\"https:\/\/www.labdoo.org\/global\/wp-content\/uploads\/sites\/9\/2020\/12\/E_SDG-goals_icons-individual-rgb-12-1024x1024.png\" alt=\"\" class=\"wp-image-230\" srcset=\"https:\/\/www.labdoo.org\/global\/wp-content\/uploads\/sites\/9\/2020\/12\/E_SDG-goals_icons-individual-rgb-12-1024x1024.png 1024w, https:\/\/www.labdoo.org\/global\/wp-content\/uploads\/sites\/9\/2020\/12\/E_SDG-goals_icons-individual-rgb-12-300x300.png 300w, https:\/\/www.labdoo.org\/global\/wp-content\/uploads\/sites\/9\/2020\/12\/E_SDG-goals_icons-individual-rgb-12-150x150.png 150w, https:\/\/www.labdoo.org\/global\/wp-content\/uploads\/sites\/9\/2020\/12\/E_SDG-goals_icons-individual-rgb-12-768x768.png 768w, https:\/\/www.labdoo.org\/global\/wp-content\/uploads\/sites\/9\/2020\/12\/E_SDG-goals_icons-individual-rgb-12.png 1536w\" sizes=\"(max-width: 1024px) 100vw, 1024px\" \/><\/figure>\n\n\n\n<figure class=\"wp-block-image size-large\"><img loading=\"lazy\" decoding=\"async\" width=\"1024\" height=\"1024\" data-id=\"231\" src=\"https:\/\/www.labdoo.org\/global\/wp-content\/uploads\/sites\/9\/2020\/12\/E_SDG-goals_icons-individual-rgb-15-1024x1024.png\" alt=\"\" class=\"wp-image-231\" srcset=\"https:\/\/www.labdoo.org\/global\/wp-content\/uploads\/sites\/9\/2020\/12\/E_SDG-goals_icons-individual-rgb-15-1024x1024.png 1024w, https:\/\/www.labdoo.org\/global\/wp-content\/uploads\/sites\/9\/2020\/12\/E_SDG-goals_icons-individual-rgb-15-300x300.png 300w, https:\/\/www.labdoo.org\/global\/wp-content\/uploads\/sites\/9\/2020\/12\/E_SDG-goals_icons-individual-rgb-15-150x150.png 150w, https:\/\/www.labdoo.org\/global\/wp-content\/uploads\/sites\/9\/2020\/12\/E_SDG-goals_icons-individual-rgb-15-768x768.png 768w, https:\/\/www.labdoo.org\/global\/wp-content\/uploads\/sites\/9\/2020\/12\/E_SDG-goals_icons-individual-rgb-15.png 1536w\" sizes=\"(max-width: 1024px) 100vw, 1024px\" \/><\/figure>\n\n\n\n<figure class=\"wp-block-image size-large\"><img loading=\"lazy\" decoding=\"async\" width=\"1024\" height=\"1024\" data-id=\"232\" src=\"https:\/\/www.labdoo.org\/global\/wp-content\/uploads\/sites\/9\/2020\/12\/E_SDG-goals_icons-individual-rgb-17-1024x1024.png\" alt=\"\" class=\"wp-image-232\" srcset=\"https:\/\/www.labdoo.org\/global\/wp-content\/uploads\/sites\/9\/2020\/12\/E_SDG-goals_icons-individual-rgb-17-1024x1024.png 1024w, https:\/\/www.labdoo.org\/global\/wp-content\/uploads\/sites\/9\/2020\/12\/E_SDG-goals_icons-individual-rgb-17-300x300.png 300w, https:\/\/www.labdoo.org\/global\/wp-content\/uploads\/sites\/9\/2020\/12\/E_SDG-goals_icons-individual-rgb-17-150x150.png 150w, https:\/\/www.labdoo.org\/global\/wp-content\/uploads\/sites\/9\/2020\/12\/E_SDG-goals_icons-individual-rgb-17-768x768.png 768w, https:\/\/www.labdoo.org\/global\/wp-content\/uploads\/sites\/9\/2020\/12\/E_SDG-goals_icons-individual-rgb-17.png 1536w\" sizes=\"(max-width: 1024px) 100vw, 1024px\" \/><\/figure>\n<\/figure>\n\n\n\n","protected":false},"excerpt":{"rendered":"<p>Wof\u00fcr steht Labdoo.org Labdoo ist eine gemeinn\u00fctzige Plattform auf der Menschen weltweit zusammenarbeiten um ungenutzte Laptops mit leistungsf\u00e4higer Bildungssoftware auszustatten und CO2-neutral zu bed\u00fcrftigen Schulen in der ganzen Welt zu bringen. Wie kann man beitragen? Werde Mitglied eines Labdoo Standortes in deiner N\u00e4he oder gr\u00fcnde einen eigenen, spende oder sammle ungenutzte Laptops, bringe die Laptops [&hellip;]<\/p>\n","protected":false},"author":2,"featured_media":0,"parent":0,"menu_order":0,"comment_status":"closed","ping_status":"closed","template":"","meta":{"footnotes":""},"class_list":["post-1529","page","type-page","status-publish","hentry"],"_links":{"self":[{"href":"https:\/\/www.labdoo.org\/global\/wp-json\/wp\/v2\/pages\/1529","targetHints":{"allow":["GET"]}}],"collection":[{"href":"https:\/\/www.labdoo.org\/global\/wp-json\/wp\/v2\/pages"}],"about":[{"href":"https:\/\/www.labdoo.org\/global\/wp-json\/wp\/v2\/types\/page"}],"author":[{"embeddable":true,"href":"https:\/\/www.labdoo.org\/global\/wp-json\/wp\/v2\/users\/2"}],"replies":[{"embeddable":true,"href":"https:\/\/www.labdoo.org\/global\/wp-json\/wp\/v2\/comments?post=1529"}],"version-history":[{"count":20,"href":"https:\/\/www.labdoo.org\/global\/wp-json\/wp\/v2\/pages\/1529\/revisions"}],"predecessor-version":[{"id":2047,"href":"https:\/\/www.labdoo.org\/global\/wp-json\/wp\/v2\/pages\/1529\/revisions\/2047"}],"wp:attachment":[{"href":"https:\/\/www.labdoo.org\/global\/wp-json\/wp\/v2\/media?parent=1529"}],"curies":[{"name":"wp","href":"https:\/\/api.w.org\/{rel}","templated":true}]}}