{"id":2112,"date":"2021-02-14T17:43:41","date_gmt":"2021-02-14T17:43:41","guid":{"rendered":"https:\/\/www.labdoo.org\/deu\/?page_id=2112"},"modified":"2024-04-16T17:35:32","modified_gmt":"2024-04-16T17:35:32","slug":"labdoo-in-deutschland","status":"publish","type":"page","link":"https:\/\/www.labdoo.org\/deu\/de\/labdoo-in-deutschland\/","title":{"rendered":"Labdoo in Deutschland"},"content":{"rendered":"<div class=\"wp-block-media-text alignwide is-stacked-on-mobile\" style=\"grid-template-columns:15% auto\"><figure class=\"wp-block-media-text__media\"><img fetchpriority=\"high\" decoding=\"async\" width=\"294\" height=\"300\" src=\"https:\/\/www.labdoo.org\/deu\/wp-content\/uploads\/sites\/6\/2021\/02\/Welt-orange_D-294x300.png\" alt=\"\" class=\"wp-image-2227 size-medium\" srcset=\"https:\/\/www.labdoo.org\/deu\/wp-content\/uploads\/sites\/6\/2021\/02\/Welt-orange_D-294x300.png 294w, https:\/\/www.labdoo.org\/deu\/wp-content\/uploads\/sites\/6\/2021\/02\/Welt-orange_D.png 448w\" sizes=\"(max-width: 294px) 100vw, 294px\" \/><\/figure><div class=\"wp-block-media-text__content\">\n<p class=\"has-large-font-size\"><strong>Labdoo ist seit 2012 in Deutschland aktiv<\/strong><\/p>\n<\/div><\/div>\n\n\n\n\n\n\n\n<p class=\"has-medium-font-size\">Nach 2010 in Kalifornien startete die Graswurzelbewegung Anfang 2012 in Deutschland. Anfang 2013 wurde dann der gemeinn\u00fctzige Labdoo.org e.V. gegr\u00fcndet.<\/p>\n\n\n\n<p class=\"has-medium-font-size\">Laut Bitkom-Verband liegt inzwischen in fast jedem deutschen Haushalt ausrangierte IT herum. Und es werden immer mehr Altger\u00e4te. Zum Wegwerfen zu schade, aber den Besitzern zu  langsam. Und genau hier setzt Labdoo an.<\/p>\n\n\n\n<p class=\"has-medium-font-size\">Wir sammeln und arbeiten ausrangierte Laptops und Tablets wieder auf, l\u00f6schen sicher alle Daten, besorgen Ersatzteile und reparieren und registrieren jede IT-Spende. Dabei werden auf den Laptops f\u00fcr Lernzwecke moderne Lern-, Office- und Kommunikationsprogramme unter Linux aufgespielt.<\/p>\n\n\n\n<div class=\"wp-block-media-text alignwide has-media-on-the-right is-stacked-on-mobile\" style=\"grid-template-columns:auto 40%\"><div class=\"wp-block-media-text__content\">\n<p class=\"has-medium-font-size\">Viele hundert HelferInnen, <a href=\"https:\/\/platform.labdoo.org\/de\/hub?h=115549\" target=\"_blank\" rel=\"noopener\">Annahmestellen (Hubs)<\/a>, private IT-Spender oder Unternehmen und Partner unterst\u00fctzen uns dabei. <\/p>\n\n\n\n<p class=\"has-medium-font-size\">Seit Beginn an kommen \u00fcber die H\u00e4lfte aller weltweiten Projektbeitr\u00e4ge aus Deutschland &#8211; und darauf sind unsere ehrenamtlichen HelferInnen stolz.<\/p>\n<\/div><figure class=\"wp-block-media-text__media\"><img decoding=\"async\" width=\"479\" height=\"339\" src=\"https:\/\/www.labdoo.org\/deu\/wp-content\/uploads\/sites\/6\/2024\/04\/2023_IT_Spenden.png\" alt=\"\" class=\"wp-image-3613 size-full\" srcset=\"https:\/\/www.labdoo.org\/deu\/wp-content\/uploads\/sites\/6\/2024\/04\/2023_IT_Spenden.png 479w, https:\/\/www.labdoo.org\/deu\/wp-content\/uploads\/sites\/6\/2024\/04\/2023_IT_Spenden-300x212.png 300w\" sizes=\"(max-width: 479px) 100vw, 479px\" \/><\/figure><\/div>\n\n\n\n<div style=\"height:40px\" aria-hidden=\"true\" class=\"wp-block-spacer\"><\/div>\n\n\n\n<p class=\"has-medium-font-size\">Unsere HelferInnen sind alle ausschlie\u00dflich ehrenamtlich und unentgeltlich engagiert. Unser gemeinn\u00fctziger <a href=\"https:\/\/www.labdoo.org\/deu\/de\/labdoo-ev\/\">F\u00f6rderverein Labdoo.org e.V.<\/a> unterst\u00fctzt die HelferInnen dabei. Aus Spenden \u00fcbernimmt unser F\u00f6rderverein anfallende Kosten f\u00fcr z.B. Ersatzteile, Logistik, Projektbedarf u.a. mehr. So m\u00fcssen unsere HelferInnen daf\u00fcr nicht mit eigenen Mitteln aufkommen. <\/p>\n\n\n\n<p class=\"has-medium-font-size\">Au\u00dferdem stellt der Verein Bescheinigungen aus (z.B. Verzichtserkl\u00e4rung auf Gew\u00e4hrleistung f\u00fcr Firmenspenden, <a href=\"https:\/\/www.labdoo.org\/deu\/de\/faq#FAQ10\">Spendenquittungen<\/a> usw.), nimmt an Wettbewerben teil, organisiert das Partnermanagement zur Projektpartnern oder zu Refurbishern, z.B. <a href=\"https:\/\/www.labdoo.org\/deu\/de\/faq#FAQ06\">f\u00fcr eine Compliance-konforme Datenl\u00f6schung f\u00fcr Firmen<\/a>.<\/p>\n\n\n\n<p class=\"has-medium-font-size\"><strong>In unserer Projektpr\u00e4sentation (<a href=\"http:\/\/ftp.labdoo.org\/download\/documents\/german\/Unterlagen\/labdoo-project-german.pdf\" target=\"_blank\" rel=\"noopener\">PDF<\/a> | <a href=\"https:\/\/youtu.be\/BR-xh85V8CI\" target=\"_blank\" rel=\"noopener\">Youtube<\/a> | <a href=\"http:\/\/ftp.labdoo.org\/download\/documents\/german\/Poster%20Flyer\/labdoo-flyer-A6-DE.pdf\" target=\"_blank\" rel=\"noopener\">Flyer<\/a>) erfahrt ihr mehr zu Labdoo<\/strong><\/p>\n\n\n\n<div class=\"video_wrapper\">\n<iframe src=\"https:\/\/www.youtube.com\/embed\/BR-xh85V8CI\" allow=\"accelerometer; autoplay; clipboard-write; encrypted-media; gyroscope; picture-in-picture\" allowfullscreen=\"\" width=\"853\" height=\"480\" frameborder=\"0\"><\/iframe><\/div>\n\n\n\n<p> <\/p>","protected":false},"excerpt":{"rendered":"<p>Labdoo ist seit 2012 in Deutschland aktiv Nach 2010 in Kalifornien startete die Graswurzelbewegung Anfang 2012 in Deutschland. Anfang 2013 wurde dann der gemeinn\u00fctzige Labdoo.org e.V. gegr\u00fcndet. Laut Bitkom-Verband liegt inzwischen in fast jedem deutschen Haushalt ausrangierte IT herum. Und es werden immer mehr Altger\u00e4te. Zum Wegwerfen zu schade, aber den Besitzern zu langsam. Und [&hellip;]<\/p>\n","protected":false},"author":2,"featured_media":0,"parent":0,"menu_order":0,"comment_status":"closed","ping_status":"closed","template":"","meta":{"footnotes":""},"class_list":["post-2112","page","type-page","status-publish","hentry"],"_links":{"self":[{"href":"https:\/\/www.labdoo.org\/deu\/wp-json\/wp\/v2\/pages\/2112","targetHints":{"allow":["GET"]}}],"collection":[{"href":"https:\/\/www.labdoo.org\/deu\/wp-json\/wp\/v2\/pages"}],"about":[{"href":"https:\/\/www.labdoo.org\/deu\/wp-json\/wp\/v2\/types\/page"}],"author":[{"embeddable":true,"href":"https:\/\/www.labdoo.org\/deu\/wp-json\/wp\/v2\/users\/2"}],"replies":[{"embeddable":true,"href":"https:\/\/www.labdoo.org\/deu\/wp-json\/wp\/v2\/comments?post=2112"}],"version-history":[{"count":46,"href":"https:\/\/www.labdoo.org\/deu\/wp-json\/wp\/v2\/pages\/2112\/revisions"}],"predecessor-version":[{"id":3618,"href":"https:\/\/www.labdoo.org\/deu\/wp-json\/wp\/v2\/pages\/2112\/revisions\/3618"}],"wp:attachment":[{"href":"https:\/\/www.labdoo.org\/deu\/wp-json\/wp\/v2\/media?parent=2112"}],"curies":[{"name":"wp","href":"https:\/\/api.w.org\/{rel}","templated":true}]}}