{"id":1734,"date":"2021-02-12T19:16:02","date_gmt":"2021-02-12T19:16:02","guid":{"rendered":"https:\/\/www.labdoo.org\/deu\/?page_id=1734"},"modified":"2022-02-14T12:22:26","modified_gmt":"2022-02-14T12:22:26","slug":"impressum","status":"publish","type":"page","link":"https:\/\/www.labdoo.org\/deu\/de\/impressum\/","title":{"rendered":"Impressum"},"content":{"rendered":"<p class=\"has-medium-font-size\"><strong>Impressum und <a href=\"#datenschutzerkl\u00e4rung\" data-type=\"internal\">Datenschutzerkl\u00e4rung<\/a> f\u00fcr die deutschsprachigen Unterseiten des grassroot-Initiative und NGO Labdoo.org in Deutschland (D)<\/strong><\/p>\n\n\n\n<p class=\"has-medium-font-size\">Der F\u00f6rderverein Labdoo.org e.V. unterst\u00fctzt die NGO Labdoo.org, ist aber selber kein aktiver Teil von Labdoo.org &#8211; vergleichbar mit dem F\u00f6rderverein einer Schule.<\/p>\n\n\n\n<p class=\"has-medium-font-size\"><strong>Angaben gem\u00e4\u00df \u00a7 5 TMG f\u00fcr Deutschland:<\/strong><\/p>\n\n\n\n<p class=\"has-medium-font-size\">Labdoo.org e. V.<br>Ahornstr. 22<br>D 45478 M\u00fclheim an der Ruhr<\/p>\n\n\n\n<p class=\"has-luminous-vivid-orange-color has-text-color has-medium-font-size\">Bitte keine Zusendung von IT-Spenden an die vorstehend genannte Adresse. Bitte nur an unsere<strong> <a href=\"https:\/\/platform.labdoo.org\/de\/hub?h=119075\" target=\"_blank\" rel=\"noopener\">zentrale Postannahmestelle<\/a><\/strong>, danke<strong>.<\/strong><\/p>\n\n\n\n<p class=\"has-medium-font-size\"><strong>Vertreten durch den Vorstand<\/strong><br>Ralf Hamm, 1. Vorsitzender<br>Ulrich Guzinski, stellvertretender Vorsitzender<br>Daniela Hamm, Schriftf\u00fchrerin<\/p>\n\n\n\n<p class=\"has-medium-font-size\"><strong>Kontakt<\/strong><br>Telefon: +49 (0) 176 46 29 78 46<br>Telefax: +49 (0) 208 59 35 70<br><a href=\"mailto:contact-D@Labdoo.org\">contact-D@Labdoo.org<\/a><\/p>\n\n\n\n<p class=\"has-medium-font-size\"><strong>Registereintrag, Gemeinn\u00fctzigkeit<\/strong><br>Eintragung im Vereinsregister beim Amtsgericht Duisburg: VR 5128.<br>Gemeinn\u00fctzig lt. <a rel=\"noreferrer noopener\" href=\"http:\/\/ftp.labdoo.org\/download\/documents\/german\/Verein\/Bescheid%20Feststellung%20Gemeinn%c3%bctzigkeit.pdf\" target=\"_blank\">Bescheid Finanzamt M\u00fclheim an der Ruhr<\/a>.<br>Umsatzsteuer-Identifikationsnummer gem\u00e4\u00df \u00a727 a Umsatzsteuergesetz:<br>DE290114606<\/p>\n\n\n\n<p class=\"has-medium-font-size\"><strong>Verantwortlich f\u00fcr den Inhalt nach \u00a7 55 Abs. 2 RStV<\/strong><br>Ralf Hamm<br>Ahornstr. 22<br>D 45478 M\u00fclheim an der Ruhr<br><br>Willkommen beim Labdoo-Projekt. Mit der Registrierung eines Users oder Verwendung der Labdoo Plattform erkl\u00e4ren Sie sich mit diesen Bedingungen einverstanden. Bitte lesen Sie diese sorgf\u00e4ltig durch.<\/p>\n\n\n\n<p class=\"has-medium-font-size\"><strong>Nutzung des humanit\u00e4ren, sozialen Netzwerkes Labdoo<\/strong><\/p>\n\n\n\n<p class=\"has-medium-font-size\">Die Nutzer des sozialen Netzwerkes Labdoo erkl\u00e4ren sich ausdr\u00fccklich einverstanden, dass Labdoo ein kollaboratives, frei verf\u00fcgbares Non-Profit- und Open-Source-Projekt ist, dessen Ziel es ist, in der ganzen Welt Zugang zu IT und Bildung zu erm\u00f6glichen. Die Nutzung der Dienste auf der Labdoo-Homepage und Plattform (Portal) erfolgt auf eigenes Risiko erfolgt und &#8220;as is&#8221; (&#8220;wie gesehen&#8221;) und &#8220;as available&#8221; (soweit verf\u00fcgbar). Labdoo schlie\u00dft jegliche Haftung f\u00fcr direkte, indirekte, zuf\u00e4llige, spezielle oder andere Folgesch\u00e4den aus, die von Ihnen verursacht oder Ihnen zugef\u00fcgt werden.<\/p>\n\n\n\n<p class=\"has-medium-font-size\">Labdoo gew\u00e4hrleistet nicht, dass:<\/p>\n\n\n\n<ul class=\"wp-block-list\"><li>unsere Dienste Ihren Anforderungen entsprechen,<\/li><li>unsere Dienste permanent verf\u00fcgbar, sicher und fehlerfrei sind,<\/li><li>alle von Ihnen erhaltenen Daten bei Ihrer Nutzung der Dienste exakt, zuverl\u00e4ssig oder sicher sind,<\/li><li>dass Fehler beseitigt, Betriebsunterbrechungen behoben oder Software-Funktionalit\u00e4ten realisiert werden.<\/li><\/ul>\n\n\n\n<p class=\"has-medium-font-size\">Sofern personenbezogene Daten eingeben werden, sollten so wenig wie m\u00f6glich Daten eingegeben werden (Datensparsamkeit). Das Herunterladen jeglichen Materials oder eine anderweitige Nutzung des Labdoo-Systems erfolgt auf eigene Veranlassung und Gefahr. Sie sind f\u00fcr Sch\u00e4den, auch an Ihrem Computersystem oder einem anderen Ger\u00e4t oder Datenverlust, der aus dem Herunterladen solcher Materials f\u00fchrt, allein verantwortlich. Alle Vorschl\u00e4ge oder Informationen, die Labdoo gibt, gleich ob m\u00fcndlich oder schriftlich, erfolgen ohne Gew\u00e4hrleistung oder Haftung. Labdoo lehnt ausdr\u00fccklich jegliche Gew\u00e4hrleistungen und Garantien jeglicher Art, weder ausdr\u00fccklich noch stillschweigend, ab.<\/p>\n\n\n\n<p class=\"has-medium-font-size\"><strong>Haftung f\u00fcr Inhalte \/ Haftungsausschluss<\/strong><\/p>\n\n\n\n<p class=\"has-medium-font-size\">Als Diensteanbieter sind wir gem\u00e4\u00df \u00a7 7 Abs.1 TMG f\u00fcr eigene Inhalte auf diesen Seiten nach den allgemeinen Gesetzen verantwortlich. Nach \u00a7\u00a7 8 bis 10 TMG sind wir als Diensteanbieter jedoch nicht verpflichtet, \u00fcbermittelte oder gespeicherte fremde Informationen zu \u00fcberwachen oder nach Umst\u00e4nden zu forschen, die auf eine rechtswidrige T\u00e4tigkeit hinweisen. Verpflichtungen zur Entfernung oder Sperrung der Nutzung von Informationen nach den allgemeinen Gesetzen bleiben hiervon unber\u00fchrt. Eine diesbez\u00fcgliche Haftung ist jedoch erst ab dem Zeitpunkt der Kenntnis einer konkreten Rechtsverletzung m\u00f6glich. Bei Bekanntwerden von entsprechenden Rechtsverletzungen werden wir diese Inhalte umgehend entfernen.<\/p>\n\n\n\n<p class=\"has-medium-font-size\"><strong>Haftung f\u00fcr Links<\/strong><\/p>\n\n\n\n<p class=\"has-medium-font-size\">Unser Angebot enth\u00e4lt Links zu externen Websites Dritter, auf deren Inhalte wir keinen Einfluss haben. Deshalb k\u00f6nnen wir f\u00fcr diese fremden Inhalte auch keine Gew\u00e4hr \u00fcbernehmen. F\u00fcr die Inhalte der verlinkten Seiten ist stets der jeweilige Anbieter oder Betreiber der Seiten verantwortlich. Die verlinkten Seiten wurden zum Zeitpunkt der Verlinkung auf m\u00f6gliche Rechtsverst\u00f6\u00dfe \u00fcberpr\u00fcft. Rechtswidrige Inhalte waren zum Zeitpunkt der Verlinkung nicht erkennbar. Eine permanente inhaltliche Kontrolle der verlinkten Seiten ist jedoch ohne konkrete Anhaltspunkte einer Rechtsverletzung nicht zumutbar. Bei Bekanntwerden von Rechtsverletzungen werden wir derartige Links umgehend entfernen.<\/p>\n\n\n\n<p class=\"has-medium-font-size\"><strong>Urheberrecht<\/strong><\/p>\n\n\n\n<p>Die durch die Seitenbetreiber erstellten Inhalte und Werke auf diesen Seiten unterliegen dem deutschen Urheberrecht. Die Vervielf\u00e4ltigung, Bearbeitung, Verbreitung und jede Art der Verwertung au\u00dferhalb der Grenzen des Urheberrechtes bed\u00fcrfen der schriftlichen Zustimmung des jeweiligen Autors bzw. Erstellers. Downloads und Kopien dieser Seite sind nur f\u00fcr den privaten, nicht kommerziellen Gebrauch gestattet. Soweit die Inhalte auf dieser Seite nicht vom Betreiber erstellt wurden, werden die Urheberrechte Dritter beachtet. Insbesondere werden Inhalte Dritter als solche gekennzeichnet. Sollten Sie trotzdem auf eine Urheberrechtsverletzung aufmerksam werden, bitten wir um einen entsprechenden Hinweis. Bei<br>Bekanntwerden von Rechtsverletzungen werden wir derartige Inhalte umgehend entfernen.<\/p>\n\n\n\n<p class=\"has-medium-font-size\"><strong>Quellenangaben f\u00fcr die verwendeten Bilder und Grafiken<\/strong><\/p>\n\n\n\n<p class=\"has-medium-font-size\">Fotos und Graphiken stammen von Partnern und Labdoo-Helfern aus Labdoo-Projekten. Alle Unterlagen von Labdoo.org stehen unter der freien Lizenz <a rel=\"noreferrer noopener\" href=\"http:\/\/creativecommons.org\/licenses\/by-sa\/3.0\/\" target=\"_blank\">BY-SA-3.0<\/a>.<\/p>\n\n\n\n<p class=\"has-medium-font-size\"><strong>Streitschlichtung<\/strong><br>Die Europ\u00e4ische Kommission stellt eine Plattform zur Online-Streitbeilegung (OS) bereit: <a rel=\"noreferrer noopener\" href=\"https:\/\/ec.europa.eu\/consumers\/odr\" target=\"_blank\">https:\/\/ec.europa.eu\/consumers\/odr<\/a><br>Unsere E-Mail-Adresse finden Sie oben im Impressum. Wir sind nicht bereit oder verpflichtet, an Streitbeilegungsverfahren vor einer Verbraucherschlichtungsstelle teilzunehmen.<\/p>\n\n\n\n<p class=\"has-medium-font-size\"><strong>Gerichtsstand und Rechtm\u00e4\u00dfigkeit des Inhalts<\/strong><\/p>\n\n\n\n<p class=\"has-medium-font-size\">Ver\u00f6ffentlichungen von Informationen auf der Labdoo-Plattform k\u00f6nnen Gesetze des Landes oder der Gerichtsbarkeit, von wo aus Sie diese Inhalte sehen, verletzen. Die Labdoo-Datenbanken werden auf Servern an verschiedenen Stellen der Europ\u00e4ischen Union und den Vereinigten Staaten von Amerika gespeichert und werden in Bezug auf die Schutzmechanismen unter lokaler und bundesstaatlichen Gesetzen dieser L\u00e4nder gehalten. In Ihrem Land geltende Gesetze sch\u00fctzen oder erlauben m\u00f6glicherweise nicht die gleichen Arten von Inhalten oder deren Verteilung. Labdoo schafft keine Anreize f\u00fcr die Verletzung von Gesetzen. Daher kann Labdoo nicht f\u00fcr Verst\u00f6\u00dfe gegen solche Gesetze verantwortlich gemacht werden, sofern Sie auf unsere Domain verlinken oder die hier enthaltenen Informationen nutzen, reproduzieren oder ver\u00f6ffentlichen.<\/p>\n\n\n\n<p class=\"has-medium-font-size\" id=\"datenschutzerkl\u00e4rung\"><br><strong>Datenschutzerkl\u00e4rung<\/strong><\/p>\n\n\n\n<p class=\"has-medium-font-size\"><strong>Datenschutz<\/strong><\/p>\n\n\n\n<p class=\"has-medium-font-size\">Die Betreiber dieser Seiten nehmen den Schutz Ihrer pers\u00f6nlichen Daten sehr ernst. Wir behandeln Ihre personenbezogenen Daten vertraulich und entsprechend der gesetzlichen Datenschutzvorschriften sowie dieser Datenschutzerkl\u00e4rung. Die Nutzung unserer Website ist in der Regel ohne Angabe personenbezogener Daten m\u00f6glich. Soweit auf unseren Seiten personenbezogene Daten (beispielsweise Name, Anschrift oder E-Mail-Adressen) erhoben werden, erfolgt dies, soweit m\u00f6glich, stets auf freiwilliger Basis. Diese Daten werden ohne Ihre ausdr\u00fcckliche Zustimmung nicht an Dritte weitergegeben. Wir weisen darauf hin, dass die Daten\u00fcbertragung im Internet (z.B. bei der Kommunikation per E-Mail) Sicherheitsl\u00fccken aufweisen kann. Ein l\u00fcckenloser Schutz der Daten vor dem Zugriff durch Dritte ist nicht m\u00f6glich.<\/p>\n\n\n\n<p class=\"has-medium-font-size\"><strong>Server-Log-Files<\/strong><\/p>\n\n\n\n<p class=\"has-medium-font-size\">Der Provider der Seiten erhebt und speichert automatisch Informationen in so genannten Server-Log Files, die Ihr Browser automatisch an uns \u00fcbermittelt. Dies sind:<\/p>\n\n\n\n<ul class=\"wp-block-list\"><li>Browsertyp und Browserversion<\/li><li>verwendetes Betriebssystem<\/li><li>Referrer URL<\/li><li>Hostname des zugreifenden Rechners<\/li><li>Uhrzeit der Serveranfrage<\/li><\/ul>\n\n\n\n<p class=\"has-medium-font-size\">Diese Daten sind nicht bestimmten Personen zuordenbar. Eine Zusammenf\u00fchrung dieser Daten mit anderen Datenquellen wird nicht vorgenommen. Wir behalten uns vor, diese Daten nachtr\u00e4glich zu pr\u00fcfen, wenn uns konkrete Anhaltspunkte f\u00fcr eine rechtswidrige Nutzung bekannt werden.<\/p>\n\n\n\n<p class=\"has-medium-font-size\"><strong>Kontaktformular<\/strong><\/p>\n\n\n\n<p class=\"has-medium-font-size\">Wenn Sie uns per Kontaktformular Anfragen zukommen lassen, werden Ihre Angaben aus dem Anfrageformular inklusive der von Ihnen dort angegebenen Kontaktdaten zwecks Bearbeitung der Anfrage und f\u00fcr den Fall von Anschlussfragen bei uns gespeichert. Diese Daten geben wir nicht ohne Ihre Einwilligung weiter.<\/p>\n\n\n\n<p class=\"has-medium-font-size\"><strong>Newsletterdaten<\/strong><\/p>\n\n\n\n<p class=\"has-medium-font-size\">Wenn Sie den <a href=\"https:\/\/www.labdoo.org\/de\/newsletters\">auf der Website angebotenen Newsletter<\/a> beziehen m\u00f6chten, ben\u00f6tigen wir von Ihnen eine E-Mail-Adresse sowie Informationen, welche uns die \u00dcberpr\u00fcfung gestatten, dass Sie der Inhaber der angegebenen E-Mail-Adresse sind und mit dem Empfang des Newsletters einverstanden sind. Weitere Daten werden nicht erhoben. Diese Daten verwenden wir ausschlie\u00dflich f\u00fcr den Versand der angeforderten Informationen und geben sie nicht an Dritte weiter. Die erteilte Einwilligung zur Speicherung der Daten, der E-Mail-Adresse sowie deren Nutzung zum Versand des Newsletters k\u00f6nnen Sie jederzeit widerrufen, etwa \u00fcber den &#8220;Austragen&#8221;-Link im Newsletter.<\/p>\n\n\n\n<p class=\"has-medium-font-size\"><strong>Google Analytics<\/strong><\/p>\n\n\n\n<p class=\"has-medium-font-size\">Diese Website nutzt Funktionen des Webanalysedienstes Google Analytics. Anbieter ist die Google Inc., 1600 Amphitheatre Parkway Mountain View, CA 94043, USA. Google Analytics verwendet so genannte &#8220;Cookies&#8221;. Das sind Textdateien, die auf Ihrem Computer gespeichert werden und die eine Analyse der Benutzung der Website durch Sie erm\u00f6glichen. Die durch den Cookie erzeugten Informationen \u00fcber Ihre Benutzung dieser Website werden in der Regel an einen Server von Google in den USA \u00fcbertragen und dort gespeichert.<\/p>\n\n\n\n<p class=\"has-medium-font-size\"><strong>IP Anonymisierung<\/strong><\/p>\n\n\n\n<p class=\"has-medium-font-size\">Wir haben auf dieser Website die Funktion IP-Anonymisierung aktiviert. Dadurch wird Ihre IP-Adresse innerhalb von Mitgliedstaaten der Europ\u00e4ischen Union oder in anderen Vertragsstaaten des Abkommens \u00fcber den Europ\u00e4ischen Wirtschaftsraum vor der \u00dcbermittlung in die USA gek\u00fcrzt. Nur in Ausnahmef\u00e4llen wird die volle IP-Adresse an einen Server in den USA \u00fcbertragen und dort gek\u00fcrzt. Im Auftrag des Betreibers dieser Website wird Google diese Informationen benutzen, um Ihre Nutzung der Website auszuwerten, um Reports \u00fcber die Websiteaktivit\u00e4ten zusammenzustellen und um weitere mit der Websitenutzung und der Internetnutzung verbundene Dienstleistungen gegen\u00fcber dem Websitebetreiber zu erbringen. Die im Rahmen von Google Analytics von Ihrem Browser \u00fcbermittelte IP-Adresse wird nicht mit anderen Daten von Google zusammengef\u00fchrt.<\/p>\n\n\n\n<p class=\"has-medium-font-size\"><strong>Widerspruch zur Datenweitergabe an Google Analytics<\/strong><\/p>\n\n\n\n<p class=\"has-medium-font-size\">Sie k\u00f6nnen die Weitergabe Ihrer Daten an Google Analytics vermeiden, wenn Sie die Schritte unter den nachfolgenden Links durchf\u00fchren. Dies erm\u00f6glicht Ihnen die Opt-Out-Option f\u00fcr die Weitergabe von pers\u00f6nlichen Daten an Google Analytics:<br><a rel=\"noreferrer noopener\" href=\"https:\/\/support.google.com\/analytics\/answer\/6004245?hl=de\" target=\"_blank\">https:\/\/support.google.com\/analytics\/answer\/6004245?hl=de<\/a><br><a rel=\"noreferrer noopener\" href=\"https:\/\/support.google.com\/analytics\/answer\/181881?hl=de\" target=\"_blank\">https:\/\/support.google.com\/analytics\/answer\/181881?hl=de<\/a><br>Die Labdoo-Webseite sch\u00fctzt Ihre Privatsp\u00e4hre bereits dadurch, dass Ihre IP-Adresse anonymisiert wird, unabh\u00e4ngig davon, ob Sie die Opt-Out-Option von Google Analytics w\u00e4hlen. Siehe auch den o.a. Abschnitt IP-Anonymisierung.<\/p>\n\n\n\n<p class=\"has-medium-font-size\"><strong>Datenschutzerkl\u00e4rung Google Maps<\/strong><\/p>\n\n\n\n<p class=\"has-medium-font-size\">Diese Webseite verwendet das Produkt Google Maps von Google Inc. nur zur Visualisierung von Geo-Daten.<\/p>\n\n\n\n<p class=\"has-medium-font-size\"><strong>Auftragsdaten<\/strong><\/p>\n\n\n\n<p class=\"has-medium-font-size\">Wir haben mit Google einen Vertrag zur Auftragsdatenverarbeitung abgeschlossen und setzen die strengen Vorgaben der deutschen Datenschutzbeh\u00f6rden bei der Nutzung von Google Analytics vollst\u00e4ndig um.<\/p>\n\n\n\n<p class=\"has-medium-font-size\"><strong>YouTube<\/strong><\/p>\n\n\n\n<p>Unsere Website nutzt Plugins der von Google betriebenen Seite YouTube. Betreiber der Seiten ist die YouTube, LLC, 901 Cherry Ave., San Bruno, CA 94066, USA. Wenn Sie eine<br>unserer mit einem YouTube-Plugin ausgestatteten Seiten besuchen, wird eine Verbindung zu den Servern von YouTube hergestellt. Dabei wird dem Youtube-Server mitgeteilt, welche unserer Seiten Sie besucht haben.<\/p>\n\n\n\n<p>Wenn Sie in Ihrem YouTube-Account eingeloggt sind erm\u00f6glichen Sie YouTube, Ihr Surfverhalten direkt Ihrem pers\u00f6nlichen Profil zuzuordnen. Dies k\u00f6nnen Sie verhindern, indem Sie sich aus Ihrem YouTube-Account ausloggen. Weitere Informationen zum Umgang von Nutzerdaten finden Sie in der Datenschutzerkl\u00e4rung von YouTube unter: <a href=\"https:\/\/www.google.de\/intl\/de\/policies\/privacy\" target=\"_blank\" rel=\"noreferrer noopener\">https:\/\/www.google.de\/intl\/de\/policies\/privacy (link is external)<\/a>&nbsp;<\/p>\n\n\n\n<p class=\"has-medium-font-size\"><strong>Kommentarfunktion auf dieser Website<\/strong><\/p>\n\n\n\n<p class=\"has-medium-font-size\">F\u00fcr die Kommentarfunktion auf dieser Seite werden neben Ihrem Kommentar auch Angaben zum Zeitpunkt der Erstellung des Kommentars und, wenn Sie nicht anonym posten, der von Ihnen gew\u00e4hlte Nutzername gespeichert.<\/p>\n\n\n\n<p class=\"has-medium-font-size\"><strong>Abonnieren von Kommentaren<\/strong><\/p>\n\n\n\n<p class=\"has-medium-font-size\">Als Nutzer der Seite k\u00f6nnen Sie nach einer Anmeldung Kommentare abonnieren. Sie erhalten eine Best\u00e4tigungsemail, um zu pr\u00fcfen, ob Sie der Inhaber der angegebenen E-Mail-Adresse sind. Sie k\u00f6nnen diese Funktion jederzeit \u00fcber einen Link in den Info-Mails abbestellen. &nbsp;<\/p>\n\n\n\n<p class=\"has-medium-font-size\"><strong>SSL-Verschl\u00fcsselung<\/strong><\/p>\n\n\n\n<p class=\"has-medium-font-size\">Diese Seite nutzt aus Gr\u00fcnden der Sicherheit und zum Schutz der \u00dcbertragung vertraulicher Inhalte, wie zum Beispiel der Anfragen, die Sie an uns als Seitenbetreiber<br>senden, eine SSL-Verschl\u00fcsselung. Eine verschl\u00fcsselte Verbindung erkennen Sie daran, dass die Adresszeile des Browsers von &#8220;http:\/\/&#8221; auf &#8220;https:\/\/&#8221; wechselt und an dem Schloss-Symbol in Ihrer Browserzeile. Wenn die SSL Verschl\u00fcsselung aktiviert ist, k\u00f6nnen die Daten, die Sie an uns \u00fcbermitteln, nicht von Dritten mitgelesen werden.&nbsp;<\/p>\n\n\n\n<p class=\"has-medium-font-size\"><strong>Recht auf Auskunft, L\u00f6schung, Sperrung<\/strong><\/p>\n\n\n\n<p class=\"has-medium-font-size\">Sie haben jederzeit das Recht auf unentgeltliche Auskunft \u00fcber Ihre gespeicherten personenbezogenen Daten, deren Herkunft und Empf\u00e4nger und den Zweck der Datenverarbeitung sowie ein Recht auf Berichtigung, Sperrung oder L\u00f6schung dieser Daten. Hierzu sowie zu weiteren Fragen zum Thema personenbezogene Daten k\u00f6nnen Sie sich jederzeit unter der im Impressum angegebenen Adresse an uns wenden.&nbsp;<\/p>\n\n\n\n<p class=\"has-medium-font-size\"><strong>Einsatz von \u201eCookies\u201d<\/strong><\/p>\n\n\n\n<p class=\"has-medium-font-size\">Die Internetseiten verwenden teilweise so genannte Cookies. Cookies richten auf Ihrem Rechner keinen Schaden an und enthalten keine Viren. Cookies dienen dazu, unser Angebot nutzerfreundlicher, effektiver und sicherer zu machen. Cookies sind kleine Textdateien, die auf Ihrem Rechner abgelegt werden und die Ihr Browser speichert.<\/p>\n\n\n\n<p class=\"has-medium-font-size\">Die meisten der von uns verwendeten Cookies sind so genannte \u201eSession-Cookies\u201c. Sie werden nach Ende Ihres Besuchs automatisch gel\u00f6scht. Andere Cookies bleiben auf Ihrem Endger\u00e4t gespeichert, bis Sie diese l\u00f6schen. Diese Cookies erm\u00f6glichen es uns, Ihren Browser beim n\u00e4chsten Besuch wiederzuerkennen.<\/p>\n\n\n\n<p class=\"has-medium-font-size\">Sie k\u00f6nnen Ihren Browser so einstellen, dass Sie \u00fcber das Setzen von Cookies informiert werden und Cookies nur im Einzelfall erlauben, die Annahme von Cookies f\u00fcr bestimmte F\u00e4lle oder generell ausschlie\u00dfen sowie das automatische L\u00f6schen der Cookies beim Schlie\u00dfen des Browser aktivieren. Bei der Deaktivierung von Cookies kann die Funktionalit\u00e4t dieser Website eingeschr\u00e4nkt sein.<\/p>\n\n\n\n<p>Quelle: <a rel=\"noreferrer noopener\" href=\"http:\/\/www.e-recht24.de\" target=\"_blank\">eRecht24<\/a><\/p>","protected":false},"excerpt":{"rendered":"<p>Impressum und Datenschutzerkl\u00e4rung f\u00fcr die deutschsprachigen Unterseiten des grassroot-Initiative und NGO Labdoo.org in Deutschland (D) Der F\u00f6rderverein Labdoo.org e.V. unterst\u00fctzt die NGO Labdoo.org, ist aber selber kein aktiver Teil von Labdoo.org &#8211; vergleichbar mit dem F\u00f6rderverein einer Schule. Angaben gem\u00e4\u00df \u00a7 5 TMG f\u00fcr Deutschland: Labdoo.org e. V.Ahornstr. 22D 45478 M\u00fclheim an der Ruhr Bitte [&hellip;]<\/p>\n","protected":false},"author":2,"featured_media":0,"parent":0,"menu_order":0,"comment_status":"closed","ping_status":"closed","template":"","meta":{"footnotes":""},"class_list":["post-1734","page","type-page","status-publish","hentry"],"_links":{"self":[{"href":"https:\/\/www.labdoo.org\/deu\/wp-json\/wp\/v2\/pages\/1734","targetHints":{"allow":["GET"]}}],"collection":[{"href":"https:\/\/www.labdoo.org\/deu\/wp-json\/wp\/v2\/pages"}],"about":[{"href":"https:\/\/www.labdoo.org\/deu\/wp-json\/wp\/v2\/types\/page"}],"author":[{"embeddable":true,"href":"https:\/\/www.labdoo.org\/deu\/wp-json\/wp\/v2\/users\/2"}],"replies":[{"embeddable":true,"href":"https:\/\/www.labdoo.org\/deu\/wp-json\/wp\/v2\/comments?post=1734"}],"version-history":[{"count":19,"href":"https:\/\/www.labdoo.org\/deu\/wp-json\/wp\/v2\/pages\/1734\/revisions"}],"predecessor-version":[{"id":3128,"href":"https:\/\/www.labdoo.org\/deu\/wp-json\/wp\/v2\/pages\/1734\/revisions\/3128"}],"wp:attachment":[{"href":"https:\/\/www.labdoo.org\/deu\/wp-json\/wp\/v2\/media?parent=1734"}],"curies":[{"name":"wp","href":"https:\/\/api.w.org\/{rel}","templated":true}]}}