{"id":1722,"date":"2021-02-12T19:06:16","date_gmt":"2021-02-12T19:06:16","guid":{"rendered":"https:\/\/www.labdoo.org\/deu\/?page_id=1722"},"modified":"2025-04-21T13:50:22","modified_gmt":"2025-04-21T13:50:22","slug":"projektpartner","status":"publish","type":"page","link":"https:\/\/www.labdoo.org\/deu\/de\/partner\/","title":{"rendered":"Projektpartner"},"content":{"rendered":"<p class=\"has-medium-font-size\"><strong>Labdoo unterst\u00fctzt viele <a href=\"https:\/\/platform.labdoo.org\/de\/content\/edoovillages-dashboard\">Vereine, Schulen, NGOs, Hilfsorganisationen und Projektpartner<\/a> mit IT-Spenden. <\/strong><\/p>\n\n\n\n<p class=\"has-medium-font-size\"><strong>Die u.a. \u00dcbersicht zeigt eine kleine Auswahl unserer Partner:<\/strong><\/p>\n\n\n\n<div class=\"wp-block-columns is-layout-flex wp-container-core-columns-is-layout-9d6595d7 wp-block-columns-is-layout-flex\">\n<div class=\"wp-block-column is-layout-flow wp-block-column-is-layout-flow\" style=\"flex-basis:100%\">\n<div class=\"wp-block-columns is-layout-flex wp-container-core-columns-is-layout-9d6595d7 wp-block-columns-is-layout-flex\">\n<div class=\"wp-block-column is-layout-flow wp-block-column-is-layout-flow\" style=\"flex-basis:100%\">\n<div class=\"wp-block-group\"><div class=\"wp-block-group__inner-container is-layout-flow wp-block-group-is-layout-flow\">\n<div class=\"wp-block-group\"><div class=\"wp-block-group__inner-container is-layout-flow wp-block-group-is-layout-flow\">\n<figure class=\"wp-block-table aligncenter is-style-regular\"><table><tbody><tr><td class=\"has-text-align-center\" data-align=\"center\"><a href=\"http:\/\/www.african-angel.de\/\"><img decoding=\"async\" width=\"107\" height=\"83\" class=\"wp-image-1799\" style=\"width: 107px\" src=\"https:\/\/www.labdoo.org\/deu\/wp-content\/uploads\/sites\/6\/2021\/02\/logo_african_angel_150.gif\" alt=\"\"><\/a><\/td><td><a href=\"http:\/\/www.aktion-europa-hilft.de\/\"><img decoding=\"async\" width=\"150\" height=\"75\" class=\"wp-image-1798\" style=\"width: 150px\" src=\"https:\/\/www.labdoo.org\/deu\/wp-content\/uploads\/sites\/6\/2021\/02\/logo_aktion_europa_hilft_150.jpg\" alt=\"\"><\/a><\/td><td><a href=\"https:\/\/www.arrivalaid-muenchen.org\/\"><img decoding=\"async\" src=\"https:\/\/www.labdoo.org\/deu\/wp-content\/uploads\/sites\/6\/2021\/02\/logo_arrival_aid.png\" alt=\"\" style=\"width: 150px\"><\/a><\/td><td><a href=\"http:\/\/www.ashia.ch\/\"><img decoding=\"async\" width=\"148\" height=\"64\" class=\"wp-image-1796\" style=\"width: 148px\" src=\"https:\/\/www.labdoo.org\/deu\/wp-content\/uploads\/sites\/6\/2021\/02\/logo_ashia_150.png\" alt=\"\"><\/a><\/td><\/tr><tr><td class=\"has-text-align-center\" data-align=\"center\"><a href=\"http:\/\/www.brueckenfuerkinder.de\/projekte\/projekte\"><img decoding=\"async\" src=\"https:\/\/www.labdoo.org\/deu\/wp-content\/uploads\/sites\/6\/2021\/02\/bruecken-fuer-kinder.png\" alt=\"\"><\/a><\/td><td><a href=\"http:\/\/bb-hilfe.de\/\"><img loading=\"lazy\" decoding=\"async\" width=\"150\" height=\"101\" class=\"wp-image-1810\" style=\"width: 150px\" src=\"https:\/\/www.labdoo.org\/deu\/wp-content\/uploads\/sites\/6\/2021\/02\/logo_brummibiker_150.jpg\" alt=\"\"><\/a><\/td><td><a href=\"http:\/\/www.brillen-ohne-grenzen.de\" data-type=\"link\" data-id=\"http:\/\/www.brillen-ohne-grenzen.de\"><img loading=\"lazy\" decoding=\"async\" width=\"150\" height=\"107\" class=\"wp-image-3650\" style=\"width: 150px;\" src=\"https:\/\/www.labdoo.org\/deu\/wp-content\/uploads\/sites\/6\/2024\/07\/brillen_ohne_grenzen_250.png\" alt=\"\"><\/a><\/td><td><a href=\"https:\/\/www.cap-anamur.org\/\"><img loading=\"lazy\" decoding=\"async\" width=\"150\" height=\"44\" class=\"wp-image-1809\" style=\"width: 150px\" src=\"https:\/\/www.labdoo.org\/deu\/wp-content\/uploads\/sites\/6\/2021\/02\/capanamurlogo_150.png\" alt=\"\"><\/a><\/td><\/tr><tr><td class=\"has-text-align-center\" data-align=\"center\"><a href=\"http:\/\/www.careforclimate.ch\/de\/node\/92\"><img loading=\"lazy\" decoding=\"async\" width=\"150\" height=\"20\" class=\"wp-image-1808\" style=\"width: 150px\" src=\"https:\/\/www.labdoo.org\/deu\/wp-content\/uploads\/sites\/6\/2021\/02\/careforclimatelogo_150.png\" alt=\"\"><\/a><\/td><td><a href=\"http:\/\/www.yaowawit.com\/\"><img loading=\"lazy\" decoding=\"async\" width=\"150\" height=\"150\" class=\"wp-image-1807\" style=\"width: 150px\" src=\"https:\/\/www.labdoo.org\/deu\/wp-content\/uploads\/sites\/6\/2021\/02\/logo_childrens_world_academy_150.jpeg\" alt=\"\"><\/a><\/td><td><a href=\"http:\/\/www.childrens-shelter.com\/german\/unserprojekt.htm\"><img loading=\"lazy\" decoding=\"async\" width=\"80\" height=\"77\" class=\"wp-image-1806\" style=\"width: 150px\" src=\"https:\/\/www.labdoo.org\/deu\/wp-content\/uploads\/sites\/6\/2021\/02\/logo_childrens_shelter_foundation_150.jpg\" alt=\"\"><\/a><\/td><td><a href=\"http:\/\/www.dessourirespourletogo.com\/\"><img loading=\"lazy\" decoding=\"async\" width=\"150\" height=\"150\" class=\"wp-image-1815\" style=\"width: 150px\" src=\"https:\/\/www.labdoo.org\/deu\/wp-content\/uploads\/sites\/6\/2021\/02\/logo_sourires_pour_le_togo_150.jpg\" alt=\"\"><\/a><\/td><\/tr><tr><td class=\"has-text-align-center\" data-align=\"center\"><a href=\"http:\/\/tadschikistan-hilfsprojekt.jimdo.com\/\"><img loading=\"lazy\" decoding=\"async\" width=\"90\" height=\"90\" class=\"wp-image-1814\" style=\"width: 150px\" src=\"https:\/\/www.labdoo.org\/deu\/wp-content\/uploads\/sites\/6\/2021\/02\/logo_efa_150.png\" alt=\"\"><\/a><\/td><td><a href=\"https:\/\/www.eine-welt-sites.de\/\"><img loading=\"lazy\" decoding=\"async\" width=\"150\" height=\"51\" class=\"wp-image-1813\" style=\"width: 150px\" src=\"https:\/\/www.labdoo.org\/deu\/wp-content\/uploads\/sites\/6\/2021\/02\/eine-welt-sites_150.png\" alt=\"\"><\/a><\/td><td><a href=\"http:\/\/www.foerderverein-windeck.de\/\"><img loading=\"lazy\" decoding=\"async\" width=\"150\" height=\"57\" class=\"wp-image-1812\" style=\"width: 150px\" src=\"https:\/\/www.labdoo.org\/deu\/wp-content\/uploads\/sites\/6\/2021\/02\/logo_forderverein_windeck_150.png\" alt=\"\"><\/a><\/td><td><a href=\"https:\/\/platform.labdoo.org\/sites\/default\/files\/superhubs\/dach\/projektpartner\/logo_fv_krebsberatung_150.jpg\"><img loading=\"lazy\" decoding=\"async\" width=\"150\" height=\"68\" class=\"wp-image-1811\" style=\"width: 150px\" src=\"https:\/\/www.labdoo.org\/deu\/wp-content\/uploads\/sites\/6\/2021\/02\/logo_fv_krebsberatung_150.jpg\" alt=\"\"><\/a><\/td><\/tr><tr><td class=\"has-text-align-center\" data-align=\"center\"><a href=\"https:\/\/www.friedensdorf.de\/\"><img loading=\"lazy\" decoding=\"async\" width=\"150\" height=\"23\" class=\"wp-image-1820\" style=\"width: 150px\" src=\"https:\/\/www.labdoo.org\/deu\/wp-content\/uploads\/sites\/6\/2021\/02\/logo_friedensdorf_150.jpg\" alt=\"\"><\/a><\/td><td><a href=\"https:\/\/www.gepa.de\/home.html\"><img loading=\"lazy\" decoding=\"async\" width=\"150\" height=\"180\" class=\"wp-image-1821\" style=\"width: 150px\" src=\"https:\/\/www.labdoo.org\/deu\/wp-content\/uploads\/sites\/6\/2021\/02\/logo_gepa_150.png\" alt=\"\"><\/a><\/td><td><a href=\"http:\/\/www.gerlib-clinic.com\/\"><img loading=\"lazy\" decoding=\"async\" width=\"100\" height=\"67\" class=\"wp-image-1819\" style=\"width: 150px\" src=\"https:\/\/www.labdoo.org\/deu\/wp-content\/uploads\/sites\/6\/2021\/02\/logo_gerlib_150.png\" alt=\"\"><\/a><\/td><td><a href=\"https:\/\/www.globalsocial-network.org\/\"><img decoding=\"async\" src=\"https:\/\/www.labdoo.org\/deu\/wp-content\/uploads\/sites\/6\/2021\/02\/logo_social_global_150.jpg\" alt=\"\"><\/a><\/td><\/tr><tr><td class=\"has-text-align-center\" data-align=\"center\"><a href=\"https:\/\/www.gudd-zweck.de\" data-type=\"link\" data-id=\"https:\/\/www.gudd-zweck.de\"><img loading=\"lazy\" decoding=\"async\" width=\"150\" height=\"88\" class=\"wp-image-3649\" style=\"width: 150px;\" src=\"https:\/\/www.labdoo.org\/deu\/wp-content\/uploads\/sites\/6\/2024\/07\/gudd-zweck_logo.png\" alt=\"\"><\/a><\/td><td><a href=\"https:\/\/haicam.org\/\"><img decoding=\"async\" src=\"https:\/\/www.labdoo.org\/deu\/wp-content\/uploads\/sites\/6\/2021\/04\/haicam_logo_250.png\" alt=\"\"><\/a><\/td><td><a href=\"http:\/\/www.hamromaya-nepal.de\/\"><img decoding=\"async\" src=\"https:\/\/www.labdoo.org\/deu\/wp-content\/uploads\/sites\/6\/2021\/02\/logo_hamromaya_nepal_150.jpeg\" alt=\"\"><\/a><\/td><td><a href=\"http:\/\/hilfswerk-myanmar.de\/\"><img decoding=\"async\" src=\"https:\/\/www.labdoo.org\/deu\/wp-content\/uploads\/sites\/6\/2021\/02\/hilfswerk_myanmar_150.png\" alt=\"\"><\/a><\/td><\/tr><tr><td class=\"has-text-align-center\" data-align=\"center\"><a href=\"http:\/\/www.hvmzm.de\/\"><img decoding=\"async\" src=\"https:\/\/www.labdoo.org\/deu\/wp-content\/uploads\/sites\/6\/2021\/02\/logo_hvmzm_150.png\" alt=\"\"><\/a><\/td><td><a href=\"http:\/\/www.humanitas-activa.de\/\"><img decoding=\"async\" src=\"https:\/\/www.labdoo.org\/deu\/wp-content\/uploads\/sites\/6\/2021\/02\/logo_humanitas_150.png\" alt=\"\"><\/a><\/td><td><a href=\"http:\/\/i-de-al.org\/\"><img decoding=\"async\" src=\"https:\/\/www.labdoo.org\/deu\/wp-content\/uploads\/sites\/6\/2021\/02\/logo_ideal_150.png\" alt=\"\"><\/a><\/td><td><a href=\"http:\/\/i-de-al.org\/\"><img decoding=\"async\" src=\"https:\/\/www.labdoo.org\/deu\/wp-content\/uploads\/sites\/6\/2021\/02\/logo_immersatt_150.jpg\" alt=\"\"><\/a><\/td><\/tr><tr><td class=\"has-text-align-center\" data-align=\"center\"><a href=\"http:\/\/i-projekthelden.de\/\"><img decoding=\"async\" src=\"https:\/\/www.labdoo.org\/deu\/wp-content\/uploads\/sites\/6\/2021\/02\/logo_projekthelden_150.png\" alt=\"\"><\/a><\/td><td><a href=\"http:\/\/www.refugeesports.org\"><img loading=\"lazy\" decoding=\"async\" width=\"150\" height=\"150\" class=\"wp-image-3643\" style=\"width: 150px;\" src=\"https:\/\/www.labdoo.org\/deu\/wp-content\/uploads\/sites\/6\/2024\/07\/logo_isfr_post.png\" alt=\"\" srcset=\"https:\/\/www.labdoo.org\/deu\/wp-content\/uploads\/sites\/6\/2024\/07\/logo_isfr_post.png 250w, https:\/\/www.labdoo.org\/deu\/wp-content\/uploads\/sites\/6\/2024\/07\/logo_isfr_post-150x150.png 150w\" sizes=\"(max-width: 150px) 100vw, 150px\" \/><\/a><\/td><td><a href=\"https:\/\/kibera-hope-academy.de\/\"><img decoding=\"async\" src=\"https:\/\/www.labdoo.org\/deu\/wp-content\/uploads\/sites\/6\/2021\/04\/kibera-hope-logo.png\" alt=\"\"><\/a><\/td><td><a href=\"http:\/\/kinder-und-familienhilfe-namibia.de\/\"><img decoding=\"async\" src=\"https:\/\/www.labdoo.org\/deu\/wp-content\/uploads\/sites\/6\/2021\/02\/logo_kinder_familienhilfe_150.jpg\" alt=\"\"><\/a><\/td><\/tr><tr><td class=\"has-text-align-center\" data-align=\"center\"><a href=\"https:\/\/www.kinderschutzbund-duisburg.de\/\"><img decoding=\"async\" src=\"https:\/\/www.labdoo.org\/deu\/wp-content\/uploads\/sites\/6\/2021\/03\/logo_dskb_du.png\" alt=\"\"><\/a><\/td><td><a href=\"https:\/\/www.kinder-in-not.org\/\"><img decoding=\"async\" src=\"https:\/\/www.labdoo.org\/deu\/wp-content\/uploads\/sites\/6\/2021\/04\/Kinder-in-not_logo_250.png\" alt=\"\"><\/a><\/td><td><a href=\"http:\/\/www.kinderstiftung-lesen-bildet.de\/\"><img decoding=\"async\" src=\"https:\/\/www.labdoo.org\/deu\/wp-content\/uploads\/sites\/6\/2021\/02\/logo_kinderstiftung_lesen_bildet.png\" alt=\"\"><\/a><\/td><td><a href=\"http:\/\/www.krass-ev.de\/der-verein.html\"><img decoding=\"async\" src=\"https:\/\/www.labdoo.org\/deu\/wp-content\/uploads\/sites\/6\/2021\/02\/logo_krass_150.png\" alt=\"\"><\/a><\/td><\/tr><tr><td class=\"has-text-align-center\" data-align=\"center\"><a href=\"http:\/\/www.facebook.com\/YouthCreativeFoundationLp2mAlAmin\"><img decoding=\"async\" src=\"https:\/\/www.labdoo.org\/deu\/wp-content\/uploads\/sites\/6\/2021\/02\/logo_ycfa_150.png\" alt=\"\"><\/a><\/td><td><a href=\"http:\/\/www.toul-ampil.org\/\"><img decoding=\"async\" src=\"https:\/\/www.labdoo.org\/deu\/wp-content\/uploads\/sites\/6\/2021\/02\/logo_toul_ampil_150.png\" alt=\"\"><\/a><\/td><td><a href=\"https:\/\/www.facebook.com\/pages\/Aktion-Leben-und-Lernen-in-Bosnien\/1553738481546235?\"><img decoding=\"async\" src=\"https:\/\/www.labdoo.org\/deu\/wp-content\/uploads\/sites\/6\/2021\/02\/aktion-leben-lernen-bosnien.jpeg\" alt=\"\"><\/a><\/td><td><a href=\"http:\/\/www.leapfrog-ngo.org\/?p=358\"><img decoding=\"async\" src=\"https:\/\/www.labdoo.org\/deu\/wp-content\/uploads\/sites\/6\/2021\/02\/logo_leapfrog_150.png\" alt=\"\"><\/a><\/td><\/tr><tr><td class=\"has-text-align-center\" data-align=\"center\"><a href=\"http:\/\/malawi-hilfe.org\/\"><img decoding=\"async\" src=\"https:\/\/www.labdoo.org\/deu\/wp-content\/uploads\/sites\/6\/2021\/02\/logo_malawi_verein_150.png\" alt=\"\"><\/a><\/td><td><a href=\"http:\/\/www.ghana-hilfe.org\/\"><img decoding=\"async\" src=\"https:\/\/www.labdoo.org\/deu\/wp-content\/uploads\/sites\/6\/2021\/02\/logo_deutsch_ghanaischer_entwicklungshilfeverein_150.png\" alt=\"\"><\/a><\/td><td><a href=\"http:\/\/www.mountainspirit-deutschland.org\/\"><img decoding=\"async\" src=\"https:\/\/www.labdoo.org\/deu\/wp-content\/uploads\/sites\/6\/2021\/02\/logo_mountainspirit_150.jpg\" alt=\"\"><\/a><\/td><td><a href=\"http:\/\/www.malaikashome.de\/\"><img decoding=\"async\" src=\"https:\/\/www.labdoo.org\/deu\/wp-content\/uploads\/sites\/6\/2021\/02\/logo_malakias_home_150.jpeg\" alt=\"\"><\/a><\/td><\/tr><tr><td class=\"has-text-align-center\" data-align=\"center\"><a href=\"http:\/\/www.meaalofa-foundation.org\"><img loading=\"lazy\" decoding=\"async\" width=\"150\" height=\"61\" class=\"wp-image-3199\" style=\"width: 150px;\" src=\"https:\/\/www.labdoo.org\/deu\/wp-content\/uploads\/sites\/6\/2022\/03\/meaalofa_logo_250.jpg\" alt=\"\"><\/a><\/td><td><a href=\"http:\/\/www.merhamet.de\/\"><img decoding=\"async\" src=\"https:\/\/www.labdoo.org\/deu\/wp-content\/uploads\/sites\/6\/2021\/02\/logo_merhamet_150.jpg\" alt=\"\"><\/a><\/td><td><a href=\"http:\/\/www.mina-duisburg.de\/\"><img decoding=\"async\" src=\"https:\/\/www.labdoo.org\/deu\/wp-content\/uploads\/sites\/6\/2021\/02\/logo_mina_150.jpg\" alt=\"\"><\/a><\/td><td><a href=\"https:\/\/www.facebook.com\/mpito.schoolnetwork\/\"><img decoding=\"async\" src=\"https:\/\/www.labdoo.org\/deu\/wp-content\/uploads\/sites\/6\/2021\/02\/logo_mpito_150.png\" alt=\"\"><\/a><\/td><\/tr><tr><td class=\"has-text-align-center\" data-align=\"center\"><a href=\"http:\/\/www.mumo-deutschland.de\/\"><img decoding=\"async\" src=\"https:\/\/www.labdoo.org\/deu\/wp-content\/uploads\/sites\/6\/2021\/02\/logo_mumo_150.png\" alt=\"\"><\/a><\/td><td><a href=\"http:\/\/nangu-thina.netzcheckers.net\/\"><img decoding=\"async\" src=\"https:\/\/www.labdoo.org\/deu\/wp-content\/uploads\/sites\/6\/2021\/02\/logo_nangu_thina_150.jpg\" alt=\"\"><\/a><\/td><td><img decoding=\"async\" src=\"https:\/\/www.labdoo.org\/deu\/wp-content\/uploads\/sites\/6\/2021\/02\/logo_onipanti_150.jpeg\" alt=\"\"><\/td><td><\/td><\/tr><tr><td class=\"has-text-align-center\" data-align=\"center\"><a href=\"https:\/\/pakistanhilfe.live-website.com\/\"><img loading=\"lazy\" decoding=\"async\" width=\"150\" height=\"131\" class=\"wp-image-3794\" style=\"width: 150px;\" src=\"https:\/\/www.labdoo.org\/deu\/wp-content\/uploads\/sites\/6\/2025\/04\/logo_pakistanhilfe.png\" alt=\"\"><\/a><\/td><td><a href=\"http:\/\/parizat-nestling-home.de\/\"><img decoding=\"async\" src=\"https:\/\/www.labdoo.org\/deu\/wp-content\/uploads\/sites\/6\/2021\/02\/logo_parizat_nestling_150.png\" alt=\"\"><\/a><\/td><td><a href=\"http:\/\/www.foerderverein-dsj.de\/de\/\"><img decoding=\"async\" src=\"https:\/\/www.labdoo.org\/deu\/wp-content\/uploads\/sites\/6\/2021\/02\/logo_deutsche_schule_jaunde_150.jpg\" alt=\"\"><\/a><\/td><td><a href=\"http:\/\/www.refugees-online.de\/\"><img decoding=\"async\" src=\"https:\/\/www.labdoo.org\/deu\/wp-content\/uploads\/sites\/6\/2021\/02\/logo_refugees_online.png\" alt=\"\"><\/a><\/td><\/tr><tr><td class=\"has-text-align-center\" data-align=\"center\"><a href=\"http:\/\/cgduisburg.de\/repair-cafe\"><img decoding=\"async\" src=\"https:\/\/www.labdoo.org\/deu\/wp-content\/uploads\/sites\/6\/2021\/02\/logo_repaircafe_ruhrort_150.png\" alt=\"\"><\/a><\/td><td><a href=\"https:\/\/save-wildlife.org\/de\/\"><img decoding=\"async\" src=\"https:\/\/www.labdoo.org\/deu\/wp-content\/uploads\/sites\/6\/2021\/12\/save_logo_250.png\" alt=\"\"><\/a><\/td><td><a href=\"https:\/\/www.fuersierraleone.de\/\"><img decoding=\"async\" src=\"https:\/\/www.labdoo.org\/deu\/wp-content\/uploads\/sites\/6\/2021\/03\/logo_sierra_leone_150.jpg\" alt=\"\"><\/a><\/td><td><a href=\"http:\/\/schlitzohren.org\/\"><img decoding=\"async\" src=\"https:\/\/www.labdoo.org\/deu\/wp-content\/uploads\/sites\/6\/2021\/02\/logo_schlitzohren_150.png\" alt=\"\"><\/a><\/td><\/tr><tr><td class=\"has-text-align-center\" data-align=\"center\"><a href=\"http:\/\/www.shangilia.de\/\"><img decoding=\"async\" src=\"https:\/\/www.labdoo.org\/deu\/wp-content\/uploads\/sites\/6\/2021\/02\/logo_shangilia_150.jpg\" alt=\"\"><\/a><\/td><td><a href=\"http:\/\/www.tasteofmalawi.org\/\"><img decoding=\"async\" src=\"https:\/\/www.labdoo.org\/deu\/wp-content\/uploads\/sites\/6\/2021\/02\/logo_tasteofmalawi_150.png\" alt=\"\"><\/a><\/td><td><a href=\"http:\/\/tausche-bildung-fuer-wohnen.org\/\"><img decoding=\"async\" src=\"https:\/\/www.labdoo.org\/deu\/wp-content\/uploads\/sites\/6\/2021\/02\/logo_bildung_fuer_wohnen_150.png\" alt=\"\"><\/a><\/td><td><a href=\"http:\/\/www.labdoo.org\/de\/content\/edoovillage-dashboard?edoovillage=7478\"><img decoding=\"async\" src=\"https:\/\/www.labdoo.org\/deu\/wp-content\/uploads\/sites\/6\/2021\/02\/logo_streetkids_kitale_150.jpeg\" alt=\"\"><\/a><\/td><\/tr><tr><td class=\"has-text-align-center\" data-align=\"center\"><a href=\"http:\/\/www.tschernobyl-kinder.info\/\"><img decoding=\"async\" src=\"https:\/\/www.labdoo.org\/deu\/wp-content\/uploads\/sites\/6\/2021\/02\/logo_tschernobyl_kinder_150.png\" alt=\"\"><\/a><\/td><td><a href=\"http:\/\/www.wardfund.org\/\"><img decoding=\"async\" src=\"https:\/\/www.labdoo.org\/deu\/wp-content\/uploads\/sites\/6\/2021\/02\/logo_ward_academy_150.png\" alt=\"\"><\/a><\/td><td><a href=\"http:\/\/www.umckaloabo-stiftung.de\/\"><img decoding=\"async\" src=\"https:\/\/www.labdoo.org\/deu\/wp-content\/uploads\/sites\/6\/2021\/02\/logo_umckaloabo_stiftung_150.jpg\" alt=\"\"><\/a><\/td><td><a href=\"http:\/\/www.zac-ev.com\/\"><img decoding=\"async\" src=\"https:\/\/www.labdoo.org\/deu\/wp-content\/uploads\/sites\/6\/2021\/02\/logo_zac_150.jpg\" alt=\"\"><\/a><\/td><\/tr><tr><td class=\"has-text-align-center\" data-align=\"center\"><img loading=\"lazy\" decoding=\"async\" width=\"150\" height=\"165\" class=\"wp-image-3209\" style=\"width: 150px;\" src=\"https:\/\/www.labdoo.org\/deu\/wp-content\/uploads\/sites\/6\/2022\/03\/acl_ev_donaly_250.png\" alt=\"\"><\/td><td><a href=\"https:\/\/www.zukunftsmacher.de\"><img loading=\"lazy\" decoding=\"async\" width=\"150\" height=\"150\" class=\"wp-image-3577\" style=\"width: 150px;\" src=\"https:\/\/www.labdoo.org\/deu\/wp-content\/uploads\/sites\/6\/2024\/02\/zukunftsmacher_250.png\" alt=\"\" srcset=\"https:\/\/www.labdoo.org\/deu\/wp-content\/uploads\/sites\/6\/2024\/02\/zukunftsmacher_250.png 250w, https:\/\/www.labdoo.org\/deu\/wp-content\/uploads\/sites\/6\/2024\/02\/zukunftsmacher_250-150x150.png 150w\" sizes=\"(max-width: 150px) 100vw, 150px\" \/><\/a><\/td><td><\/td><td><\/td><\/tr><\/tbody><\/table><figcaption class=\"wp-element-caption\">Ihr Projekt arbeitet mit Labdoo zusammen. Ihr Logo fehlt aber hier? Dann schicken Sie gerne Ihr Logo und wir nehmen es hier auf. Vielen Dank.<\/figcaption><\/figure>\n\n\n\n\n<\/div><\/div>\n<\/div><\/div>\n<\/div>\n<\/div>\n<\/div>\n<\/div>\n\n\n\n<p class=\"has-medium-font-size\"><strong>Sie unterst\u00fctzen eine Schule, ein Waisenhaus, ein Kinder- oder Jugendprojekt? Und vor Ort brauchen die Kinder Laptops? Dann schicken Sie doch eine Mail an <a href=\"mailto:Labdoo-D@Labdoo.org\">Labdoo-D@Labdoo.org<\/a> &#8211; wir helfen gerne. <\/strong><\/p>\n\n\n\n<p class=\"has-medium-font-size\"><strong>Die folgenden Portale und Reiseagenturen unterst\u00fctzen Labdoo.org <\/strong>(Wir nehmen gerne weitere Portale oder Reiseunternehmen auf, sofern diese Labdoo.org unterst\u00fctzen)<strong>:<\/strong><\/p>\n\n\n\n<div class=\"wp-block-media-text alignwide is-stacked-on-mobile\" style=\"grid-template-columns:18% auto\"><figure class=\"wp-block-media-text__media\"><img loading=\"lazy\" decoding=\"async\" width=\"150\" height=\"31\" src=\"https:\/\/www.labdoo.org\/deu\/wp-content\/uploads\/sites\/6\/2021\/02\/logo_abenteuerwelten_150.png\" alt=\"\" class=\"wp-image-1870 size-full\"\/><\/figure><div class=\"wp-block-media-text__content\">\n<p class=\"has-medium-font-size\">Reiseportal; Logistikhilfe durch Kunden als Flugpaten f\u00fcr Laptops u.a.; aktive Mitarbeit als Labdoo Hub Aalen<\/p>\n<\/div><\/div>\n\n\n\n<div class=\"wp-block-media-text alignwide is-stacked-on-mobile\" style=\"grid-template-columns:19% auto\"><figure class=\"wp-block-media-text__media\"><a href=\"https:\/\/www.ajimba.com\/\"><img loading=\"lazy\" decoding=\"async\" width=\"250\" height=\"73\" src=\"https:\/\/www.labdoo.org\/deu\/wp-content\/uploads\/sites\/6\/2021\/04\/ajimba_logo_250.png\" alt=\"\" class=\"wp-image-2582 size-full\"\/><\/a><\/figure><div class=\"wp-block-media-text__content\">\n<p class=\"has-medium-font-size\">Reiseportal; Logistikhilfe durch Kunden als Flugpaten f\u00fcr Laptops; Betreuung von Projekten in S\u00fcdafrika und anderen L\u00e4ndern Afrikas; Teilnahme als <a href=\"https:\/\/platform.labdoo.org\/de\/hub?h=59275\">Labdoo Hub Bremen<\/a>.<\/p>\n<\/div><\/div>\n\n\n\n<div class=\"wp-block-media-text alignwide is-stacked-on-mobile\" style=\"grid-template-columns:19% auto\"><figure class=\"wp-block-media-text__media\"><a href=\"https:\/\/www.fauna-reisen.de\"><img loading=\"lazy\" decoding=\"async\" width=\"250\" height=\"90\" src=\"https:\/\/www.labdoo.org\/deu\/wp-content\/uploads\/sites\/6\/2021\/12\/logo-fauna-reisen_250.png\" alt=\"\" class=\"wp-image-3018 size-full\"\/><\/a><\/figure><div class=\"wp-block-media-text__content\">\n<p class=\"has-medium-font-size\">Reiseportal; seit 2004 auf die Organisation von weltweiten Tierbeobachtungs- und Naturreisen spezialisiert. MitarbeiterInnen und Kunden engagieren sich als Flugpaten.<\/p>\n<\/div><\/div>\n\n\n\n<div class=\"wp-block-media-text alignwide is-stacked-on-mobile\" style=\"grid-template-columns:19% auto\"><figure class=\"wp-block-media-text__media\"><img loading=\"lazy\" decoding=\"async\" width=\"150\" height=\"117\" src=\"https:\/\/www.labdoo.org\/deu\/wp-content\/uploads\/sites\/6\/2021\/02\/logo_karawane_150.jpg\" alt=\"\" class=\"wp-image-1869 size-full\"\/><\/figure><div class=\"wp-block-media-text__content\">\n<p class=\"has-medium-font-size\">Reiseportal; Logistikhilfe durch Kunden als Flugpaten f\u00fcr Laptops u.a.<\/p>\n<\/div><\/div>\n\n\n\n<div class=\"wp-block-media-text alignwide is-stacked-on-mobile\" style=\"grid-template-columns:19% auto\"><figure class=\"wp-block-media-text__media\"><img loading=\"lazy\" decoding=\"async\" width=\"150\" height=\"72\" src=\"https:\/\/www.labdoo.org\/deu\/wp-content\/uploads\/sites\/6\/2021\/02\/logo_diamir_150.png\" alt=\"\" class=\"wp-image-1868 size-full\"\/><\/figure><div class=\"wp-block-media-text__content\">\n<p class=\"has-medium-font-size\">Reiseportal; Logistikhilfe durch Kunden als Flugpate f\u00fcr Laptops u.a.; gemeinsame Projekte mit <a rel=\"noreferrer noopener\" href=\"http:\/\/www.mountainspirit-deutschland.org\/\" target=\"_blank\">Mountain Spirit e.V. in Nepal<\/a><\/p>\n<\/div><\/div>\n\n\n\n<div class=\"wp-block-media-text alignwide is-stacked-on-mobile\" style=\"grid-template-columns:19% auto\"><figure class=\"wp-block-media-text__media\"><img loading=\"lazy\" decoding=\"async\" width=\"150\" height=\"92\" src=\"https:\/\/www.labdoo.org\/deu\/wp-content\/uploads\/sites\/6\/2021\/02\/socialbnb_logo_blau_150.png\" alt=\"\" class=\"wp-image-1867 size-full\"\/><\/figure><div class=\"wp-block-media-text__content\">\n<p class=\"has-medium-font-size\"><strong>Portal f\u00fcr die Vermittlung von bnb \/ homestay bei nachhaltigen NGOs.<\/strong><\/p>\n<\/div><\/div>\n\n\n\n<div class=\"wp-block-media-text alignwide is-stacked-on-mobile\" style=\"grid-template-columns:19% auto\"><figure class=\"wp-block-media-text__media\"><img loading=\"lazy\" decoding=\"async\" width=\"150\" height=\"46\" src=\"https:\/\/www.labdoo.org\/deu\/wp-content\/uploads\/sites\/6\/2021\/02\/logo_world_unite_150.jpg\" alt=\"\" class=\"wp-image-1866 size-full\"\/><\/figure><div class=\"wp-block-media-text__content\">\n<p class=\"has-medium-font-size\">Portal f\u00fcr die Vermittlung von Praktikanten; Mitnahme von Laptops zu Projekten.<\/p>\n<\/div><\/div>\n\n\n\n<div style=\"height:40px\" aria-hidden=\"true\" class=\"wp-block-spacer\"><\/div>\n\n\n\n<div class=\"wp-block-columns is-layout-flex wp-container-core-columns-is-layout-9d6595d7 wp-block-columns-is-layout-flex\">\n<div class=\"wp-block-column is-layout-flow wp-block-column-is-layout-flow\" style=\"flex-basis:100%\">\n<p class=\"has-medium-font-size\">Wer verreist und als Flugpate bzw Transportpate mithelfen m\u00f6chte, indem er\/sie Laptops mit ins Ausland nimmt, kann sich per Mail an <a href=\"mailto:Labdoo-D@Labdoo.org\">Labdoo-D@Labdoo.org<\/a> oder<a href=\"https:\/\/platform.labdoo.org\/de\/hubs?country%5B%5D=de&amp;field_hub_status_value%5B%5D=open\"> das n\u00e4chste Hub<\/a> wenden, danke. <\/p>\n\n\n\n<p class=\"has-medium-font-size\"><a href=\"http:\/\/www.labdoo.org\/de\/call-for-laptops\">Eine Liste unserer Schulprojekte gibt es hier<\/a>. Oder habt ihr ein eigenes Projekt (Schule, Waisenhaus o.a.) und braucht Laptops? Dann reicht doch einen Antrag auf IT-Spenden ein.<\/p>\n\n\n\n<p class=\"has-medium-font-size\">Information \u00fcber <a href=\"https:\/\/www.labdoo.org\/deu\/de\/faq#FAQ14\">Reise- und Zollinformation f\u00fcr Flugpaten hier.<\/a><\/p>\n<\/div>\n<\/div>\n\n\n\n","protected":false},"excerpt":{"rendered":"<p>Labdoo unterst\u00fctzt viele Vereine, Schulen, NGOs, Hilfsorganisationen und Projektpartner mit IT-Spenden. Die u.a. \u00dcbersicht zeigt eine kleine Auswahl unserer Partner: Ihr Projekt arbeitet mit Labdoo zusammen. Ihr Logo fehlt aber hier? Dann schicken Sie gerne Ihr Logo und wir nehmen es hier auf. Vielen Dank. Sie unterst\u00fctzen eine Schule, ein Waisenhaus, ein Kinder- oder Jugendprojekt? [&hellip;]<\/p>\n","protected":false},"author":2,"featured_media":0,"parent":0,"menu_order":0,"comment_status":"closed","ping_status":"closed","template":"","meta":{"footnotes":""},"class_list":["post-1722","page","type-page","status-publish","hentry"],"_links":{"self":[{"href":"https:\/\/www.labdoo.org\/deu\/wp-json\/wp\/v2\/pages\/1722","targetHints":{"allow":["GET"]}}],"collection":[{"href":"https:\/\/www.labdoo.org\/deu\/wp-json\/wp\/v2\/pages"}],"about":[{"href":"https:\/\/www.labdoo.org\/deu\/wp-json\/wp\/v2\/types\/page"}],"author":[{"embeddable":true,"href":"https:\/\/www.labdoo.org\/deu\/wp-json\/wp\/v2\/users\/2"}],"replies":[{"embeddable":true,"href":"https:\/\/www.labdoo.org\/deu\/wp-json\/wp\/v2\/comments?post=1722"}],"version-history":[{"count":32,"href":"https:\/\/www.labdoo.org\/deu\/wp-json\/wp\/v2\/pages\/1722\/revisions"}],"predecessor-version":[{"id":3796,"href":"https:\/\/www.labdoo.org\/deu\/wp-json\/wp\/v2\/pages\/1722\/revisions\/3796"}],"wp:attachment":[{"href":"https:\/\/www.labdoo.org\/deu\/wp-json\/wp\/v2\/media?parent=1722"}],"curies":[{"name":"wp","href":"https:\/\/api.w.org\/{rel}","templated":true}]}}