{"id":1561,"date":"2021-02-09T21:25:24","date_gmt":"2021-02-09T21:25:24","guid":{"rendered":"https:\/\/www.labdoo.org\/deu\/?page_id=1561"},"modified":"2026-02-05T05:25:41","modified_gmt":"2026-02-05T05:25:41","slug":"about-us-2","status":"publish","type":"page","link":"https:\/\/www.labdoo.org\/deu\/de\/ueber-uns\/","title":{"rendered":"\u00dcber uns"},"content":{"rendered":"<div class=\"wp-block-columns is-layout-flex wp-container-core-columns-is-layout-9d6595d7 wp-block-columns-is-layout-flex\">\n<div class=\"wp-block-column is-layout-flow wp-block-column-is-layout-flow\">\n<div class=\"video_wrapper\">\n<iframe src=\"https:\/\/www.youtube.com\/embed\/BR-xh85V8CI\" allow=\"accelerometer; autoplay; clipboard-write; encrypted-media; gyroscope; picture-in-picture\" allowfullscreen=\"\" width=\"853\" height=\"480\" frameborder=\"0\"><\/iframe><\/div>\n<\/div>\n\n\n\n<div class=\"wp-block-column is-layout-flow wp-block-column-is-layout-flow\">\n<p class=\"has-medium-font-size\">Labdoo ist ein gemeinn\u00fctziges Projekt, die es erm\u00f6glicht, nicht mehr genutzte Laptops mit leistungsf\u00e4higer Bildungssoftware CO2-neutral zu Schulen in der ganzen Welt zu bringen.<\/p>\n\n\n\n<p class=\"has-medium-font-size\">Tausende ehrenamtlicher HelferInnen engagieren sich weltweit in mehr als 150 L\u00e4ndern auf allen Kontinenten, um \u00fcber 1.000.000 Sch\u00fclerInnen in der ganzen Welt Zugang zu Bildung und digitale Teilhabe zu erm\u00f6glichen.<\/p>\n\n\n\n<p class=\"has-medium-font-size\">Jeder, der beim Labdoo Projekt mitmacht, ist ausschlie\u00dflich ehrenamtlich engagiert, ohne Verg\u00fctung. Unser Lohn ist allein die Freude der Kinder, \u00fcber die M\u00f6glichkeiten, die Labdoo ihnen er\u00f6ffnet.<\/p>\n<\/div>\n<\/div>\n\n\n\n<div style=\"height:43px\" aria-hidden=\"true\" class=\"wp-block-spacer\"><\/div>\n\n\n\n<h1 class=\"wp-block-heading\">Annahmestellen und Hubs weltweit<\/h1>\n\n\n\n<div class=\"wp-block-columns is-layout-flex wp-container-core-columns-is-layout-9d6595d7 wp-block-columns-is-layout-flex\">\n<div class=\"wp-block-column is-layout-flow wp-block-column-is-layout-flow\">\n<p class=\"has-medium-font-size\">An vielen Orten der Welt engagieren sich Einzelpersonen oder eine Gruppe von Leuten. Diese treffen sich ab und an oder tauschen sich aus, z.B. beim Sammeln, Aufarbeiten von nicht mehr genutzten Laptops oder Tablets. Oder bei der Unterst\u00fctzung von Projekten oder Flugpaten,  die Laptops in Schulen bringen oder zwecks Reparatur oder Recycling zur\u00fcckholen. Oder bei der \u00d6ffentlichkeitsarbeit in ihrem regionalen Umfeld, Vernetzung mit anderen Initiativen Vereinen und NGOs, um die Idee zu verbreiten.<\/p>\n\n\n\n<p class=\"has-medium-font-size\">Bei der weltweiten Pr\u00e4senz von Labdoo organisieren sich die Gruppen und Standorte eigenverantwortlich, um sich den lokalen Umst\u00e4nden bestm\u00f6glich anzupassen. So bleiben unsere freiwilligen HelferInnen bei der Gestaltung und Umsetzung flexibel. Jedoch teilen alle die gleichen Grunds\u00e4tze und Ziele, die gleiche Plattform und sind Teil eines globalen Netzwerks und Kooperation.<\/p>\n\n\n\n<p class=\"has-medium-font-size\">Klick auf \u2018Language \/ Country\u2019 oben auf der Seite um mehr \u00fcber die lokalen Aktivit\u00e4ten in den einzelnen Regionen zu erfahren. Eine <a href=\"https:\/\/platform.labdoo.org\/de\/content\/hubs-dashboard\">Liste aller aktuellen Standorte<\/a> kannst du hier einsehen<\/p>\n\n\n\n<p class=\"has-medium-font-size\">Wenn du einen eigenen Labdoo-Standort in deiner Region gr\u00fcnden m\u00f6chtest, nimm einfach <a rel=\"noreferrer noopener\" href=\"https:\/\/platform.labdoo.org\/de\/content\/contact-labdoo?re=2&amp;co=de\" target=\"_blank\">Kontakt<\/a> mit uns auf. Wir freuen uns, dich bei den ersten Schritten zu unterst\u00fctzen.<\/p>\n<\/div>\n\n\n\n<div class=\"wp-block-column is-layout-flow wp-block-column-is-layout-flow\">\n<figure class=\"wp-block-image size-large\"><img fetchpriority=\"high\" decoding=\"async\" width=\"929\" height=\"666\" src=\"https:\/\/www.labdoo.org\/deu\/wp-content\/uploads\/sites\/6\/2021\/02\/WP_global_abtus_1.png\" alt=\"\" class=\"wp-image-1215\" srcset=\"https:\/\/www.labdoo.org\/deu\/wp-content\/uploads\/sites\/6\/2021\/02\/WP_global_abtus_1.png 929w, https:\/\/www.labdoo.org\/deu\/wp-content\/uploads\/sites\/6\/2021\/02\/WP_global_abtus_1-300x215.png 300w, https:\/\/www.labdoo.org\/deu\/wp-content\/uploads\/sites\/6\/2021\/02\/WP_global_abtus_1-768x551.png 768w\" sizes=\"(max-width: 929px) 100vw, 929px\" \/><\/figure>\n<\/div>\n<\/div>\n\n\n\n<div style=\"height:60px\" aria-hidden=\"true\" class=\"wp-block-spacer\"><\/div>\n\n\n\n<h1 class=\"wp-block-heading\">Gemeinn\u00fctzige Labdoo Organisationen<\/h1>\n\n\n\n<div class=\"wp-block-media-text alignwide is-stacked-on-mobile\" style=\"grid-template-columns:20% auto\"><figure class=\"wp-block-media-text__media\"><img decoding=\"async\" width=\"409\" height=\"420\" src=\"https:\/\/www.labdoo.org\/deu\/wp-content\/uploads\/sites\/6\/2021\/02\/logo.jpg\" alt=\"\" class=\"wp-image-1319 size-full\"\/><\/figure><div class=\"wp-block-media-text__content\">\n<p class=\"has-medium-font-size\">Labdoo ist in einigen L\u00e4ndern als gemeinn\u00fctziger F\u00f6rderverein registriert. Alle Gesellschaften verfolgen das Ziel, das Labdoo-Projekt zu f\u00f6rdern und HelferInnen zu unterst\u00fctzen.<\/p>\n\n\n\n<p class=\"has-medium-font-size\">Derzeit kann man Labdoo als registrierte gemeinn\u00fctzige F\u00f6rdervereine in den folgenden L\u00e4ndern finden:<\/p>\n\n\n\n<ul class=\"wp-block-list ticss-e9221e06\">\n<li>Vereinigte Staaten von Amerika \u2013 EIN: 027-3489966<\/li>\n\n\n\n<li>Spanien \u2013 53610 \u2013 J \/ 1<\/li>\n\n\n\n<li>Schweiz \u2013 CH-400.6.430.891-5<\/li>\n\n\n\n<li><a href=\"https:\/\/www.labdoo.org\/deu\/de\/labdoo-ev\/\">Deutschland \u2013 DU VR 5128<\/a><\/li>\n<\/ul>\n<\/div><\/div>\n\n\n\n<div style=\"height:60px\" aria-hidden=\"true\" class=\"wp-block-spacer\"><\/div>\n\n\n\n<h1 class=\"wp-block-heading\">Das Labdoo Kernteam<\/h1>\n\n\n\n<div class=\"wp-block-media-text alignwide has-media-on-the-right is-stacked-on-mobile ticss-7abdd040\" style=\"grid-template-columns:auto 29%\"><div class=\"wp-block-media-text__content\">\n<p class=\"has-medium-font-size\">Das globale Kernteam kommt regelm\u00e4\u00dfig online zusammen, um sich \u00fcber die weltweiten Aktivit\u00e4ten und Vorschl\u00e4ge auszutauschen. Das Team besteht aus Mitgliedern, die f\u00fcr die gr\u00f6\u00dften Standorte und Regionen verantwortlich sind und einige sehr erfahrene Mitglieder aus der Labdoo Gemeinschaft.<\/p>\n<\/div><figure class=\"wp-block-media-text__media\"><img decoding=\"async\" src=\"https:\/\/www.labdoo.org\/deu\/wp-content\/uploads\/sites\/6\/2021\/02\/laptop-logo.jpg\" alt=\"\" class=\"wp-image-1320 size-full\"\/><\/figure><\/div>\n\n\n\n","protected":false},"excerpt":{"rendered":"<p>Labdoo ist ein gemeinn\u00fctziges Projekt, die es erm\u00f6glicht, nicht mehr genutzte Laptops mit leistungsf\u00e4higer Bildungssoftware CO2-neutral zu Schulen in der ganzen Welt zu bringen. Tausende ehrenamtlicher HelferInnen engagieren sich weltweit in mehr als 150 L\u00e4ndern auf allen Kontinenten, um \u00fcber 1.000.000 Sch\u00fclerInnen in der ganzen Welt Zugang zu Bildung und digitale Teilhabe zu erm\u00f6glichen. Jeder, [&hellip;]<\/p>\n","protected":false},"author":2,"featured_media":0,"parent":0,"menu_order":0,"comment_status":"closed","ping_status":"closed","template":"","meta":{"footnotes":""},"class_list":["post-1561","page","type-page","status-publish","hentry"],"_links":{"self":[{"href":"https:\/\/www.labdoo.org\/deu\/wp-json\/wp\/v2\/pages\/1561","targetHints":{"allow":["GET"]}}],"collection":[{"href":"https:\/\/www.labdoo.org\/deu\/wp-json\/wp\/v2\/pages"}],"about":[{"href":"https:\/\/www.labdoo.org\/deu\/wp-json\/wp\/v2\/types\/page"}],"author":[{"embeddable":true,"href":"https:\/\/www.labdoo.org\/deu\/wp-json\/wp\/v2\/users\/2"}],"replies":[{"embeddable":true,"href":"https:\/\/www.labdoo.org\/deu\/wp-json\/wp\/v2\/comments?post=1561"}],"version-history":[{"count":32,"href":"https:\/\/www.labdoo.org\/deu\/wp-json\/wp\/v2\/pages\/1561\/revisions"}],"predecessor-version":[{"id":3842,"href":"https:\/\/www.labdoo.org\/deu\/wp-json\/wp\/v2\/pages\/1561\/revisions\/3842"}],"wp:attachment":[{"href":"https:\/\/www.labdoo.org\/deu\/wp-json\/wp\/v2\/media?parent=1561"}],"curies":[{"name":"wp","href":"https:\/\/api.w.org\/{rel}","templated":true}]}}